{"id":8138,"date":"2011-09-06T22:42:34","date_gmt":"2011-09-06T20:42:34","guid":{"rendered":"http:\/\/klubmamgdynia.pl\/index.php\/produkt\/fotelik-samochodowy-britaxromer-britax-dualfix-3-i-size-graphite-marble-0-18kg-baza-isense\/"},"modified":"2026-04-03T23:43:05","modified_gmt":"2026-04-03T21:43:05","slug":"fotelik-samochodowy-britaxromer-britax-dualfix-3-i-size-graphite-marble-0-18kg-baza-isense","status":"publish","type":"product","link":"http:\/\/klubmamgdynia.pl\/index.php\/produkt\/fotelik-samochodowy-britaxromer-britax-dualfix-3-i-size-graphite-marble-0-18kg-baza-isense\/","title":{"rendered":"Fotelik samochodowy Britax&amp;R\u00f6mer Britax Dualfix 3 I-Size Graphite Marble 0-18Kg + Baza Isense"},"content":{"rendered":"<p>Zestaw modular jedna baza dwa fotelikiBaza u\u0142atwia instalacje jednym klikni\u0119ciem za pomoc\u0105 systemu ISOFIX w samochodzie oraz dodatkowej podpory nogi stabilizuj\u0105cej, jest to jeden z najprostszych oraz najbezpieczniejszych system\u00f3w monta\u017cu fotelik\u00f3w w samochodzie, bez u\u017cycia samochodowych pas\u00f3w bezpiecze\u0144stwa. Tapicerka z kt\u00f3rej zosta\u0142 wykonany fotelik posiada najwy\u017csze normy, kt\u00f3re mi\u0119dzy innymi ograniczaj\u0105 potliwo\u015b\u0107 malucha sprawiaj\u0105c, \u017ce ka\u017cda podr\u00f3\u017c minie komfortowo i przyjemnie. Tapicerka w ca\u0142o\u015bci jest \u015bci\u0105gana do prania co pozwoli na utrzymanie fotela w czysto\u015bci przez wiele lat. Najwy\u017cszy poziom bezpiecze\u0144stwa od najm\u0142odszych latPrzeznaczony dla dziecka od 61 do 105 cm Dualfix 3 i-Size to rozwi\u0105zanie doskona\u0142e dla Twojego male\u0144stwa. Zalecane jest aby do 15 miesi\u0105ca dziecko podr\u00f3\u017cowa\u0142o ty\u0142em do kierunku jazdy, po tym czasie w dowolnym momencie mo\u017cesz odwr\u00f3ci\u0107 malucha bez konieczno\u015bci wypinania fotelika z bazy ustawiaj\u0105c go przodem do kierunku by m\u00f3g\u0142 widzie\u0107 rodzic\u00f3w.<\/p>\n<h2>Fotelik samochodowy Britax&amp;R\u00f6mer Britax Dualfix 3 I-Size Graphite Marble 0-18Kg + Baza Isense Britax &amp; Romer<\/h2>\n<p>bajka o emocjach, ch\u0142opcy z placu broni &#8211; test, zaj\u0119cia kulinarne dla dzieci pomys\u0142y, maska kota do druku, kolorowanka europa, atrakcje dla dzieci wroc\u0142aw 2021, kolorowanka potwory, korczak cytaty, malowanka do druku, zabawka na roczek dla ch\u0142opca, dinozaur bajka, test z lektury opowie\u015bci z narnii lew czarownica i stara szafa, cyferki do druku, piosenki o wakacjach<\/p>\n<p>yyyyy<\/p>\n<p>&nbsp;<\/p>\n","protected":false},"excerpt":{"rendered":"<p>Zestaw modular jedna baza dwa fotelikiBaza u\u0142atwia instalacje jednym klikni\u0119ciem za pomoc\u0105 systemu ISOFIX w samochodzie oraz dodatkowej podpory nogi stabilizuj\u0105cej, jest to jeden z najprostszych oraz najbezpieczniejszych system\u00f3w monta\u017cu fotelik\u00f3w w samochodzie, bez u\u017cycia samochodowych pas\u00f3w bezpiecze\u0144stwa. Tapicerka z kt\u00f3rej zosta\u0142 wykonany fotelik posiada najwy\u017csze normy, kt\u00f3re mi\u0119dzy innymi ograniczaj\u0105 potliwo\u015b\u0107 malucha sprawiaj\u0105c, \u017ce [&hellip;]<\/p>\n","protected":false},"featured_media":8139,"comment_status":"closed","ping_status":"open","template":"","meta":[],"product_cat":[116,32],"product_tag":[696,810,806,602,675,698],"class_list":["post-8138","product","type-product","status-publish","has-post-thumbnail","hentry","product_cat-britax-romer","product_cat-foteliki-samochodowe","product_tag-film-rodzinny-o-swietach","product_tag-nauka-zegara-do-druku","product_tag-prezent-dla-dziecka-na-roczek","product_tag-quiz-o-zwierzetach-domowych","product_tag-test-z-lektury-kajko-i-kokosz-szkola-latania","product_tag-zagadki-dla-przedszkolakow"],"_links":{"self":[{"href":"http:\/\/klubmamgdynia.pl\/index.php\/wp-json\/wp\/v2\/product\/8138","targetHints":{"allow":["GET"]}}],"collection":[{"href":"http:\/\/klubmamgdynia.pl\/index.php\/wp-json\/wp\/v2\/product"}],"about":[{"href":"http:\/\/klubmamgdynia.pl\/index.php\/wp-json\/wp\/v2\/types\/product"}],"replies":[{"embeddable":true,"href":"http:\/\/klubmamgdynia.pl\/index.php\/wp-json\/wp\/v2\/comments?post=8138"}],"wp:featuredmedia":[{"embeddable":true,"href":"http:\/\/klubmamgdynia.pl\/index.php\/wp-json\/wp\/v2\/media\/8139"}],"wp:attachment":[{"href":"http:\/\/klubmamgdynia.pl\/index.php\/wp-json\/wp\/v2\/media?parent=8138"}],"wp:term":[{"taxonomy":"product_cat","embeddable":true,"href":"http:\/\/klubmamgdynia.pl\/index.php\/wp-json\/wp\/v2\/product_cat?post=8138"},{"taxonomy":"product_tag","embeddable":true,"href":"http:\/\/klubmamgdynia.pl\/index.php\/wp-json\/wp\/v2\/product_tag?post=8138"}],"curies":[{"name":"wp","href":"https:\/\/api.w.org\/{rel}","templated":true}]}}