{"id":814,"date":"2011-05-11T17:42:20","date_gmt":"2011-05-11T15:42:20","guid":{"rendered":"http:\/\/klubmamgdynia.pl\/index.php\/produkt\/mattel-masters-of-the-universe-figurka-skeletor-gnn84-gnn88\/"},"modified":"2026-04-27T09:54:03","modified_gmt":"2026-04-27T07:54:03","slug":"mattel-masters-of-the-universe-figurka-skeletor-gnn84-gnn88","status":"publish","type":"product","link":"http:\/\/klubmamgdynia.pl\/index.php\/produkt\/mattel-masters-of-the-universe-figurka-skeletor-gnn84-gnn88\/","title":{"rendered":"Mattel Masters of The Universe Figurka Skeletor GNN84 GNN88"},"content":{"rendered":"<p>Przebiegaj\u0105ce po plecach ciarki, niepokoj\u0105cy dreszcz\u2026 Gdy na horyzoncie pojawia si\u0119 Skeletor, przeciwnicy dos\u0142ownie dr\u017c\u0105 na jego widok. Ten gro\u017any wojownik jest g\u0142\u00f3wnym antagonist\u0105 serii Master of The Universe, walcz\u0105cym przeciwko si\u0142om dobra. Niegdy\u015b by\u0142 zwyk\u0142ym cz\u0142owiekiem, teraz jednak sta\u0142 si\u0119 pot\u0119\u017cnym buntownikiem, kryj\u0105cym sw\u0105 twarz za mask\u0105 przypominaj\u0105c\u0105 szkielet.\u00a0                            <\/p>\n<p>Figurka mierz\u0105ca ok. 14 cm wysoko\u015bci doskonale odwzorowuje bohatera bajki i komiks\u00f3w. Cia\u0142o Szkieletora jest koloru niebieskiego. Ubrany jest on w granatowe buty, napier\u015bnik oraz kaptur. Podczas walki pos\u0142uguje si\u0119 kosturem z wyrze\u017abion\u0105 g\u0142ow\u0105 barana. Nogi, r\u0119ce i tu\u0142\u00f3w zabawki s\u0105 ruchome, dzi\u0119ki czemu mo\u017cna ustawi\u0107 j\u0105 w dynamicznej pozycji.\u00a0                            <\/p>\n<p>Masters of The Universe to kultowy film i serial animowany opowiadaj\u0105cy o losach najsilniejszego cz\u0142owieka we wszech\u015bwiecie &#8211; He-Mana oraz jego przyjaci\u00f3\u0142 i ich najwi\u0119kszego wroga z\u0142ego Skeletora, kt\u00f3ry pragnie zdoby\u0107 moc Pos\u0119pnego Czerepu.                            <\/p>\n<p>Zbierz pozosta\u0142e figurki z serii, by wzbogaci\u0107 swoj\u0105 kolekcj\u0119 i wymy\u015bla\u0107 jeszcze wi\u0119cej historyjek                            <\/p>\n<p>            Mattel MASTERS OF THE UNIVERSE Figurka Panthor GVN49<\/p>\n<p>            Mattel MASTERS OF THE UNIVERSE Figurka Ram Man + Akcesoria GVL78<\/p>\n<p>            Mattel MASTERS OF THE UNIVERSE Figurka Clamp Champ + Akcesoria GVL79<\/p>\n<p>            Mattel figurka Masters of the Universe Origins Orko GNN93<\/p>\n<p>            Mattel Masters of The Universe Figurka Skeletor GNN84 GNN88 <\/p>\n<p>            Mattel Masters of The Universe Figurka He Man GNN84 GNN85 <\/p>\n<p>            Mattel Masters of The Universe Scare Glow GNN84 GNN94 <\/p>\n<p>            Mattel Masters of The Universe Prince Adam &amp; Sky Sled GPP30 <\/p>\n<p>            Mattel Masters of The Universe Figurka Battle Cat GNN70<\/p>\n<h2>Mattel Masters of The Universe Figurka Skeletor GNN84 GNN88 Mattel<\/h2>\n<p>zagadki dla dzieci 7 lat, test magiczne drzewo czerwone krzes\u0142o, ozdoby wielkanocne z dzie\u0107mi, test z tajemniczego ogrodu, quiz opowie\u015bci z narnii, ekskluzywny prezent na roczek, miriam imi\u0119, test asiunia, cytat rodzina, m\u0105dre cytaty dla dzieci, marianna, ciekawe zagadki i odpowiedzi, prima aprilis \u017carty dla rodzic\u00f3w, praktyczny prezent dla rocznego dziecka, maska karnawa\u0142owa pdf, opis rodzina, mia i ja kolorowanka, lukrecja imie<\/p>\n<p>yyyyy<\/p>\n<p>&nbsp;<\/p>\n","protected":false},"excerpt":{"rendered":"<p>Przebiegaj\u0105ce po plecach ciarki, niepokoj\u0105cy dreszcz\u2026 Gdy na horyzoncie pojawia si\u0119 Skeletor, przeciwnicy dos\u0142ownie dr\u017c\u0105 na jego widok. Ten gro\u017any wojownik jest g\u0142\u00f3wnym antagonist\u0105 serii Master of The Universe, walcz\u0105cym przeciwko si\u0142om dobra. Niegdy\u015b by\u0142 zwyk\u0142ym cz\u0142owiekiem, teraz jednak sta\u0142 si\u0119 pot\u0119\u017cnym buntownikiem, kryj\u0105cym sw\u0105 twarz za mask\u0105 przypominaj\u0105c\u0105 szkielet.\u00a0 Figurka mierz\u0105ca ok. 14 cm [&hellip;]<\/p>\n","protected":false},"featured_media":815,"comment_status":"closed","ping_status":"open","template":"","meta":[],"product_cat":[95,289],"product_tag":[730,775,736,793,600],"class_list":["post-814","product","type-product","status-publish","has-post-thumbnail","hentry","product_cat-figurki-makiety-i-zestawy","product_cat-mattel","product_tag-karyna","product_tag-kolorowanki-do-druku-pokemon","product_tag-zabawki-na-roczek","product_tag-zagadki-smieszne-podchwytliwe","product_tag-zaproszenia-na-urodziny-do-druku"],"_links":{"self":[{"href":"http:\/\/klubmamgdynia.pl\/index.php\/wp-json\/wp\/v2\/product\/814","targetHints":{"allow":["GET"]}}],"collection":[{"href":"http:\/\/klubmamgdynia.pl\/index.php\/wp-json\/wp\/v2\/product"}],"about":[{"href":"http:\/\/klubmamgdynia.pl\/index.php\/wp-json\/wp\/v2\/types\/product"}],"replies":[{"embeddable":true,"href":"http:\/\/klubmamgdynia.pl\/index.php\/wp-json\/wp\/v2\/comments?post=814"}],"wp:featuredmedia":[{"embeddable":true,"href":"http:\/\/klubmamgdynia.pl\/index.php\/wp-json\/wp\/v2\/media\/815"}],"wp:attachment":[{"href":"http:\/\/klubmamgdynia.pl\/index.php\/wp-json\/wp\/v2\/media?parent=814"}],"wp:term":[{"taxonomy":"product_cat","embeddable":true,"href":"http:\/\/klubmamgdynia.pl\/index.php\/wp-json\/wp\/v2\/product_cat?post=814"},{"taxonomy":"product_tag","embeddable":true,"href":"http:\/\/klubmamgdynia.pl\/index.php\/wp-json\/wp\/v2\/product_tag?post=814"}],"curies":[{"name":"wp","href":"https:\/\/api.w.org\/{rel}","templated":true}]}}