{"id":8142,"date":"2012-09-15T05:14:08","date_gmt":"2012-09-15T03:14:08","guid":{"rendered":"http:\/\/klubmamgdynia.pl\/index.php\/produkt\/rastar-lamborghini-huracan-lp610-zolty\/"},"modified":"2026-04-05T16:16:43","modified_gmt":"2026-04-05T14:16:43","slug":"rastar-lamborghini-huracan-lp610-zolty","status":"publish","type":"product","link":"http:\/\/klubmamgdynia.pl\/index.php\/produkt\/rastar-lamborghini-huracan-lp610-zolty\/","title":{"rendered":"Rastar Lamborghini Huracan LP610 \u017c\u00f3\u0142ty"},"content":{"rendered":"<p>Zdalnie sterowany Lamborghini Huracan LP610 \u017c\u00f3\u0142ty<\/p>\n<h2>Rastar Lamborghini Huracan LP610 \u017c\u00f3\u0142ty Rastar<\/h2>\n<p>prezent dla 7 latka, uk\u0142ad s\u0142oneczny dla dzieci do druku, test detektyw pozytywka, kolorowanki do wydruku, zagadki logiczne dla dzieci, rozalia imi\u0119, prezent na roczek dla chlopca, prezent dla rocznego dziecka, myszka miki kolorowanka, quiz o hobbicie, tajemniczy ogr\u00f3d test z lektury, cytaty o przyja\u017ani, stolice europy quiz, jednoro\u017cec kolorowanka do druku, bajki dla dziewczynek, rymowanki o pisankach, zagadki dla ma\u0142ych dzieci, mega trudne zagadki logiczne<\/p>\n<p>yyyyy<\/p>\n<p>&nbsp;<\/p>\n","protected":false},"excerpt":{"rendered":"<p>Zdalnie sterowany Lamborghini Huracan LP610 \u017c\u00f3\u0142ty Rastar Lamborghini Huracan LP610 \u017c\u00f3\u0142ty Rastar prezent dla 7 latka, uk\u0142ad s\u0142oneczny dla dzieci do druku, test detektyw pozytywka, kolorowanki do wydruku, zagadki logiczne dla dzieci, rozalia imi\u0119, prezent na roczek dla chlopca, prezent dla rocznego dziecka, myszka miki kolorowanka, quiz o hobbicie, tajemniczy ogr\u00f3d test z lektury, cytaty [&hellip;]<\/p>\n","protected":false},"featured_media":8143,"comment_status":"closed","ping_status":"open","template":"","meta":[],"product_cat":[504,337],"product_tag":[681,639,714],"class_list":["post-8142","product","type-product","status-publish","has-post-thumbnail","hentry","product_cat-rastar","product_cat-zabawki-zdalnie-sterowane","product_tag-flagi-europy-quiz","product_tag-nela-imie","product_tag-zagadki-logiczne"],"_links":{"self":[{"href":"http:\/\/klubmamgdynia.pl\/index.php\/wp-json\/wp\/v2\/product\/8142","targetHints":{"allow":["GET"]}}],"collection":[{"href":"http:\/\/klubmamgdynia.pl\/index.php\/wp-json\/wp\/v2\/product"}],"about":[{"href":"http:\/\/klubmamgdynia.pl\/index.php\/wp-json\/wp\/v2\/types\/product"}],"replies":[{"embeddable":true,"href":"http:\/\/klubmamgdynia.pl\/index.php\/wp-json\/wp\/v2\/comments?post=8142"}],"wp:featuredmedia":[{"embeddable":true,"href":"http:\/\/klubmamgdynia.pl\/index.php\/wp-json\/wp\/v2\/media\/8143"}],"wp:attachment":[{"href":"http:\/\/klubmamgdynia.pl\/index.php\/wp-json\/wp\/v2\/media?parent=8142"}],"wp:term":[{"taxonomy":"product_cat","embeddable":true,"href":"http:\/\/klubmamgdynia.pl\/index.php\/wp-json\/wp\/v2\/product_cat?post=8142"},{"taxonomy":"product_tag","embeddable":true,"href":"http:\/\/klubmamgdynia.pl\/index.php\/wp-json\/wp\/v2\/product_tag?post=8142"}],"curies":[{"name":"wp","href":"https:\/\/api.w.org\/{rel}","templated":true}]}}