{"id":8146,"date":"2023-09-27T01:57:06","date_gmt":"2023-09-26T23:57:06","guid":{"rendered":"http:\/\/klubmamgdynia.pl\/?post_type=product&#038;p=8146"},"modified":"2026-04-28T13:51:06","modified_gmt":"2026-04-28T11:51:06","slug":"bruder-traktor-john-deere-7930-03050","status":"publish","type":"product","link":"http:\/\/klubmamgdynia.pl\/index.php\/produkt\/bruder-traktor-john-deere-7930-03050\/","title":{"rendered":"Bruder Traktor John Deere 7930 (03050)"},"content":{"rendered":"<p>.                            <\/p>\n<p>BRUDER 03050 CI\u0104GNIK JOHN DEERENr katalogowy:\u00a003050Wiek dziecka: +3Seria:\u00a0ProfiSkala: 1:16Wymiary:\u00a037,5 x 17,5 x 20,5 cmMateria\u0142:\u00a0wysokiej jako\u015bci plastikOpakowanie:\u00a0oryginalny karton                            <\/p>\n<p>\u00a0                            <\/p>\n<p>OPIS PRODUKTUTraktor John Deere 7930 to najcz\u0119\u015bciej spotykana maszyna podczas pracy w polskich gospodarstwach rolnych. Pojazd wygl\u0105da jak prawdziwy, a dodatkowego uroku dodaj\u0105 mu wyraziste i \u017cywe kolory. Zabawka oferowana przez firm\u0119 Bruder zosta\u0142a odwzorowana w skali 1:16, zgodnie z rzeczywistym pojazdem. Cechuje si\u0119 solidn\u0105 konstrukcj\u0105 oraz wysok\u0105 precyzj\u0105 wykonania, ka\u017cdy kolekcjoner traktork\u00f3w b\u0119dzie chcia\u0142 mie\u0107 go na swojej p\u00f3\u0142ce. Zabawka przeznaczona jest do zabawy dla dzieci powy\u017cej 3 roku \u017cycia.                            <\/p>\n<p>Ci\u0105gnik posiada przeszklon\u0105 kabin\u0119 z otwieranymi drzwiczkami zastosowan\u0105 dla bezpiecze\u0144stwa operatora oraz urozmaicenia zabawy dziecka. Z przodu pojazdu znajduje si\u0119 podpora, pod kt\u00f3r\u0105 zamontowany jest hak do podczepienia innych akcesori\u00f3w lub u\u017cycia go jako holownika. Ma\u0142y drobiazg urozmaici frajd\u0119 dla dzieci oraz porwie je w wir zabawy na wiele godzin. Ciekawy \u015bwiata urwis mo\u017ce otworzy\u0107 klap\u0119 maski, by bawi\u0105c si\u0119 podejrze\u0107 budow\u0119 wewn\u0119trzn\u0105 maszyny. Wygl\u0105d zosta\u0142 odwzorowany zgodnie z oryginalnym pojazdem.                            <\/p>\n<p>Pojazdem mo\u017cna sterowa\u0107 dodatkow\u0105 &#8222;d\u0142ug\u0105&#8221; kierownic\u0105 poprzez otwierany dach. Przed\u0142u\u017cenie kierownicy jest do\u0142\u0105czone do zabawki i znajduje si\u0119 pod traktorkiem, mi\u0119dzy ko\u0142ami. Dziecko mo\u017ce swobodnie skr\u0119ca\u0107 przednimi ko\u0142ami, dzi\u0119ki zastosowaniu przez producenta niezale\u017cnego ruchomego zawieszenia przedniej osi.                            <\/p>\n<p>W traktorze zamontowano mi\u0119kkie gumowe opony z profilowanym bie\u017cnikiem, aby dziecko bez problemu korzysta\u0142o ze sprz\u0119tu zar\u00f3wno w domu, jak i na zewn\u0105trz. Dodatkowych emocji dziecku dostarczy monta\u017c bli\u017aniaczych k\u00f3\u0142 w ogumieniu ci\u0105gnika. W zestawie nie do\u0142\u0105czono dodatkowych k\u00f3\u0142. W zabawce zastosowano terenowy uk\u0142ad zawieszenia, aby model sprawdzi\u0142 si\u0119 przy zabawie po nier\u00f3wnym terenie. Przednia o\u015b unosi si\u0119 przy wje\u017adzie na przeszkod\u0119 bez odrywania tylnych k\u00f3\u0142, dzi\u0119ki niezale\u017cnemu zawieszeniu przedniej osi.                            <\/p>\n<p>Dzi\u0119ki regulowanej wysoko\u015bci haka, traktor John Deere 7930 pasuje do wszystkich doczepianych akcesori\u00f3w oferowanych przez firm\u0119 Bruder.                            <\/p>\n<p>W SKR\u00d3CIEprzeszklona kabinaotwierane drzwi kabiny operatoraotwierana maska silnikagumowe, mi\u0119kkie opony z profilowanym bie\u017cnikiemterenowy uk\u0142ad zawieszenia (ruchome zawieszenie przedniej osi)mo\u017cliwo\u015b\u0107 monta\u017cu k\u00f3\u0142 bli\u017aniaczychskr\u0119cane przednie ko\u0142a za pomoc\u0105 kierownicy montowanej przez dachzdejmowany obci\u0105\u017cnik przedni, pod kt\u00f3rym znajduje si\u0119 hakruchomy tylny hak z regulacj\u0105 wysoko\u015bci                            <\/p>\n<p>O MARCE BRUDERBRUDER \u2013 to czo\u0142owy niemiecki producent zabawek dzia\u0142aj\u0105cy od 1926r. Wszystkie zabawki s\u0105 odwzorowaniem rzeczywistych maszyn i pojazd\u00f3w i s\u0105 wykonane w jednakowej skali 1:16 co sprawia, \u017ce mo\u017cna je ze sob\u0105 \u0142\u0105czy\u0107. Zabawki Bruder pobudzaj\u0105 wyobra\u017ani\u0119, kreatywno\u015b\u0107 i pozwalaj\u0105 dziecku w bezpieczny spos\u00f3b poznawa\u0107 realny \u015bwiat. Wszystkie produkty firmy Bruder s\u0105 produkowane od pocz\u0105tku do ko\u0144ca w Niemczech z wykorzystaniem najwy\u017cszej jako\u015bci tworzyw sztucznych oraz najnowszych technologii.\u00a0Wszystkie produkty pakowane s\u0105 w oryginalne opakowania i wysy\u0142ane do ponad 60 kraj\u00f3w na ca\u0142ym \u015bwiecie. Wysoka jako\u015b\u0107 i dost\u0119pno\u015b\u0107 cz\u0119\u015bci zamiennych gwarantuje Pa\u0144stwu \u017ce zabawki pos\u0142u\u017c\u0105 przez wiele lat.                            <\/p>\n<p>Zabawki Bruder posiadaj\u0105 rekomendacj\u0119 &#8222;spiel gut&#8221; (bawi\u0105 dobrze) niezale\u017cnego grona konsumenckiego co oznacza, \u017ce zosta\u0142a przetestowana przez dzieci i zbadana przez ekspert\u00f3w z pozytywnym rezultatem. Ocenie zosta\u0142y poddane: walory rozrywkowe, wykorzystane materia\u0142y, konstrukcja, trwa\u0142o\u015b\u0107, bezpiecze\u0144stwo, wzornictwo, rozmiar, jasno\u015b\u0107 instrukcji obs\u0142ug oraz dopasowanie do odpowiedniej grupy wiekowej.                            <\/p>\n<p>Wszystkie zabawki Bruder spe\u0142niaj\u0105 Europejsk\u0105 Norm\u0119 Bezpiecze\u0144stwa Zabawek.<\/p>\n<h2>Bruder Traktor John Deere 7930 (03050) Bruder<\/h2>\n<p>opis do zdj\u0119cia dziecka, literki, maski karnawa\u0142owe do druku, zaproszenia urodzinowe do wydruku chomikuj, pomysl na prezent na roczek<\/p>\n<p>yyyyy<\/p>\n<p>&nbsp;<\/p>\n","protected":false},"excerpt":{"rendered":"<p>. BRUDER 03050 CI\u0104GNIK JOHN DEERENr katalogowy:\u00a003050Wiek dziecka: +3Seria:\u00a0ProfiSkala: 1:16Wymiary:\u00a037,5 x 17,5 x 20,5 cmMateria\u0142:\u00a0wysokiej jako\u015bci plastikOpakowanie:\u00a0oryginalny karton \u00a0 OPIS PRODUKTUTraktor John Deere 7930 to najcz\u0119\u015bciej spotykana maszyna podczas pracy w polskich gospodarstwach rolnych. Pojazd wygl\u0105da jak prawdziwy, a dodatkowego uroku dodaj\u0105 mu wyraziste i \u017cywe kolory. Zabawka oferowana przez firm\u0119 Bruder zosta\u0142a odwzorowana w [&hellip;]<\/p>\n","protected":false},"featured_media":8147,"comment_status":"closed","ping_status":"open","template":"","meta":[],"product_cat":[83,1076],"product_tag":[596,621,629],"class_list":["post-8146","product","type-product","status-publish","has-post-thumbnail","hentry","product_cat-auta-i-inne-pojazdy-do-zabawy","product_cat-bruder","product_tag-pomysly-na-prima-aprilis","product_tag-prezenty-roczek","product_tag-smieszne-zagadki-z-odpowiedziami"],"_links":{"self":[{"href":"http:\/\/klubmamgdynia.pl\/index.php\/wp-json\/wp\/v2\/product\/8146","targetHints":{"allow":["GET"]}}],"collection":[{"href":"http:\/\/klubmamgdynia.pl\/index.php\/wp-json\/wp\/v2\/product"}],"about":[{"href":"http:\/\/klubmamgdynia.pl\/index.php\/wp-json\/wp\/v2\/types\/product"}],"replies":[{"embeddable":true,"href":"http:\/\/klubmamgdynia.pl\/index.php\/wp-json\/wp\/v2\/comments?post=8146"}],"wp:featuredmedia":[{"embeddable":true,"href":"http:\/\/klubmamgdynia.pl\/index.php\/wp-json\/wp\/v2\/media\/8147"}],"wp:attachment":[{"href":"http:\/\/klubmamgdynia.pl\/index.php\/wp-json\/wp\/v2\/media?parent=8146"}],"wp:term":[{"taxonomy":"product_cat","embeddable":true,"href":"http:\/\/klubmamgdynia.pl\/index.php\/wp-json\/wp\/v2\/product_cat?post=8146"},{"taxonomy":"product_tag","embeddable":true,"href":"http:\/\/klubmamgdynia.pl\/index.php\/wp-json\/wp\/v2\/product_tag?post=8146"}],"curies":[{"name":"wp","href":"https:\/\/api.w.org\/{rel}","templated":true}]}}