{"id":8150,"date":"2024-05-18T22:11:07","date_gmt":"2024-05-18T20:11:07","guid":{"rendered":"http:\/\/klubmamgdynia.pl\/?post_type=product&#038;p=8150"},"modified":"2026-04-06T06:10:04","modified_gmt":"2026-04-06T04:10:04","slug":"llorens-anna-placzaca-42cm","status":"publish","type":"product","link":"http:\/\/klubmamgdynia.pl\/index.php\/produkt\/llorens-anna-placzaca-42cm\/","title":{"rendered":"Llorens Anna P\u0142acz\u0105ca 42Cm"},"content":{"rendered":"<p>Lalka Anna p\u0142acz\u0105ca 42 cmPrzedstawiamy Pa\u0144stwu przepi\u0119kn\u0105 lalk\u0119 z najnowszej kolekcji hiszpa\u0144skiej manufaktury Llorens. Autentyczne i doskonale odtworzone kszta\u0142ty lalek oraz szczeg\u00f3\u0142y twarzy takie jak oczy, usta, w\u0142osy, na pewno zachwyc\u0105 ka\u017cd\u0105 ma\u0142\u0105 i du\u017c\u0105 dziewczynk\u0119! Doskona\u0142y dob\u00f3r wysokiej jako\u015bci ubra\u0144, ich kolor, kr\u00f3j, faktura i liczne detale sprawiaj\u0105, \u017ce lalki te wygladaj\u0105 jak \u017cywe. Dzi\u0119ki temu stan\u0105 si\u0119 najlepszymi towarzyszkami zabaw waszych dzieci.Anna 42136 ma 42 cm i wykonana jest z delikatnego, przyjemnego w dotyku winylu. Jej mi\u0119kki brzuszek wype\u0142niony jest wy\u015bci\u00f3\u0142k\u0105. Po wyj\u0119ciu smoczka lalka zap\u0142acze i powie &#8222;mama, papa&#8221;. Anna ma niebieskie oczy otwarte na sta\u0142e oraz p\u00f3\u0142d\u0142ugie, figlarnie wywini\u0119te w\u0142oski z grzywk\u0105 w kolorze blond. Ubrana jest w doskona\u0142ej jako\u015bci r\u00f3\u017cow\u0105 sukienk\u0119 do kolan z pantalonkami oraz r\u00f3\u017cowy kaftanik we wzorki z kapturkiem. W komplecie jest tak\u017ce czapeczka i szaliczek z pomponami pasuj\u0105ce do kaftanika oraz urocze skarpetki z kokardk\u0105.Laleczka wyst\u0119puje tak\u017ce w wersji ch\u0142opca. Lala zapakowana jest w eleganckie, kartonowe pude\u0142ko, idealne na prezent. Manufaktura Llorens od lat dok\u0142ada wszelkich stara\u0144 aby ich wyroby by\u0142y doskona\u0142e, autentyczne i pi\u0119kne w ka\u017cdym detalu. \u017byczymy wspania\u0142ej zabawy! Kochamy hiszpa\u0144skie lalki Llorens!Informacje o produkcieNr katalogowy42136Marka (lalki) InneWymagania wiekowe od 3 latP\u0142e\u0107 (zabawki) DziewczynkiProdukt na baterie TakWysoko\u015b\u0107 42 cmPozosta\u0142e parametryWymiary opakowania: 26 x 50 x 16 cm<\/p>\n<h2>Llorens Anna P\u0142acz\u0105ca 42Cm Llorens<\/h2>\n<p>naj\u0142adniejsze ko\u0142ysanki dla dzieci, dzieci.pl, cytaty dla dzieci, przechowywanie zabawek, wydarzenia warszawa dzisiaj, znajd\u017a r\u00f3\u017cnice, wzory zaprosze\u0144 zaproszenie na urodziny do druku pdf, spiderman kolorowanka, kolorowanki dla dziewczynek 10 lat, kolorowanki lol<\/p>\n<p>yyyyy<\/p>\n<p>&nbsp;<\/p>\n","protected":false},"excerpt":{"rendered":"<p>Lalka Anna p\u0142acz\u0105ca 42 cmPrzedstawiamy Pa\u0144stwu przepi\u0119kn\u0105 lalk\u0119 z najnowszej kolekcji hiszpa\u0144skiej manufaktury Llorens. Autentyczne i doskonale odtworzone kszta\u0142ty lalek oraz szczeg\u00f3\u0142y twarzy takie jak oczy, usta, w\u0142osy, na pewno zachwyc\u0105 ka\u017cd\u0105 ma\u0142\u0105 i du\u017c\u0105 dziewczynk\u0119! Doskona\u0142y dob\u00f3r wysokiej jako\u015bci ubra\u0144, ich kolor, kr\u00f3j, faktura i liczne detale sprawiaj\u0105, \u017ce lalki te wygladaj\u0105 jak \u017cywe. [&hellip;]<\/p>\n","protected":false},"featured_media":8151,"comment_status":"closed","ping_status":"open","template":"","meta":[],"product_cat":[65,1166],"product_tag":[758,847,768,678],"class_list":["post-8150","product","type-product","status-publish","has-post-thumbnail","hentry","product_cat-lalki","product_cat-llorens","product_tag-julian","product_tag-kolorowanki-pokemon","product_tag-krotkie-zagadki-logiczne","product_tag-prezent-na-roczek-dla-dziewczynki"],"_links":{"self":[{"href":"http:\/\/klubmamgdynia.pl\/index.php\/wp-json\/wp\/v2\/product\/8150","targetHints":{"allow":["GET"]}}],"collection":[{"href":"http:\/\/klubmamgdynia.pl\/index.php\/wp-json\/wp\/v2\/product"}],"about":[{"href":"http:\/\/klubmamgdynia.pl\/index.php\/wp-json\/wp\/v2\/types\/product"}],"replies":[{"embeddable":true,"href":"http:\/\/klubmamgdynia.pl\/index.php\/wp-json\/wp\/v2\/comments?post=8150"}],"wp:featuredmedia":[{"embeddable":true,"href":"http:\/\/klubmamgdynia.pl\/index.php\/wp-json\/wp\/v2\/media\/8151"}],"wp:attachment":[{"href":"http:\/\/klubmamgdynia.pl\/index.php\/wp-json\/wp\/v2\/media?parent=8150"}],"wp:term":[{"taxonomy":"product_cat","embeddable":true,"href":"http:\/\/klubmamgdynia.pl\/index.php\/wp-json\/wp\/v2\/product_cat?post=8150"},{"taxonomy":"product_tag","embeddable":true,"href":"http:\/\/klubmamgdynia.pl\/index.php\/wp-json\/wp\/v2\/product_tag?post=8150"}],"curies":[{"name":"wp","href":"https:\/\/api.w.org\/{rel}","templated":true}]}}