{"id":8152,"date":"2019-08-26T10:57:04","date_gmt":"2019-08-26T08:57:04","guid":{"rendered":"http:\/\/klubmamgdynia.pl\/index.php\/produkt\/hh-0616-edukacyjny-wesoly-slonik-mowi\/"},"modified":"2026-04-27T06:25:25","modified_gmt":"2026-04-27T04:25:25","slug":"hh-0616-edukacyjny-wesoly-slonik-mowi","status":"publish","type":"product","link":"http:\/\/klubmamgdynia.pl\/index.php\/produkt\/hh-0616-edukacyjny-wesoly-slonik-mowi\/","title":{"rendered":"Hh 0616 Edukacyjny Weso\u0142y S\u0142onik M\u00f3wi"},"content":{"rendered":"<p>\u00a0\u00a0Weso\u0142y  S\u0142onik Edukacyjny jest wspania\u0142\u0105 zabawk\u0105 dla najm\u0142odszych!!! S\u0142onik jest  zabawk\u0105 edukacyjn\u0105- na brzuszku ma pod\u015bwietlana przyciski po kt\u00f3rych  naci\u015bni\u0119ciu S\u0142onik zacznie m\u00f3wi\u0107. Kontrastowe kolory S\u0142onika pozytywnie  wp\u0142yn\u0105 na zmys\u0142 wzroku maluch\u00f3w oraz przykuj\u0105 ich uwag\u0119.Ma  r\u00f3wnie\u017c szeleszcz\u0105ce,ruchome \u0142apki oraz jest wykonany z r\u00f3\u017cnych  materia\u0142\u00f3w co pubudzi wyobra\u017ani\u0119 dziecka.G\u0142os S\u0142onika jest bardzo  przyjemny. Rytmiczne i weso\u0142e melodie rozwin\u0105 wra\u017cliwo\u015b\u0107 muzyczn\u0105  dziecka.Zabawka  jest bardzo \u0142adnie zapakowana idealnie nadaje si\u0119 na prezent. S\u0142onik  Edukacyjny mo\u017ce sta\u0107 si\u0119 ulubion\u0105 zabawk\u0105 dla maluch\u00f3w!!!Dzia\u0142anie: 2 baterie AA (w zestawie)Wymiary: opakowanie : 22cm d\u0142 x 20cm szer x 12cm g\u0142\u0119bok. zabawka : 16cm d\u0142 x 19cm szerWaga: 410gWiek: 3m+<\/p>\n<h2>Hh 0616 Edukacyjny Weso\u0142y S\u0142onik M\u00f3wi HH Poland<\/h2>\n<p>atrakcje dla dzieci we wroc\u0142awiu, co kupi\u0107 dziewczynce na roczek, spiderman do druku, aforyzmy o dzieciach, szlaczki literopodobne do wydruku, karty matematyczne tabliczka mno\u017cenia do wydruku, malowanki do druku, jak zrobi\u0107 laurk\u0119 dla babci, zagadki \u015bmieszne dla dzieci, kartki na dobranoc dla przyjaci\u00f3\u0142, 45 pa\u0144stw europy i ich stolice quiz, asiunia &#8211; test z lektury pdf, trudne zagadki i odpowiedzi<\/p>\n<p>yyyyy<\/p>\n<p>&nbsp;<\/p>\n","protected":false},"excerpt":{"rendered":"<p>\u00a0\u00a0Weso\u0142y S\u0142onik Edukacyjny jest wspania\u0142\u0105 zabawk\u0105 dla najm\u0142odszych!!! S\u0142onik jest zabawk\u0105 edukacyjn\u0105- na brzuszku ma pod\u015bwietlana przyciski po kt\u00f3rych naci\u015bni\u0119ciu S\u0142onik zacznie m\u00f3wi\u0107. Kontrastowe kolory S\u0142onika pozytywnie wp\u0142yn\u0105 na zmys\u0142 wzroku maluch\u00f3w oraz przykuj\u0105 ich uwag\u0119.Ma r\u00f3wnie\u017c szeleszcz\u0105ce,ruchome \u0142apki oraz jest wykonany z r\u00f3\u017cnych materia\u0142\u00f3w co pubudzi wyobra\u017ani\u0119 dziecka.G\u0142os S\u0142onika jest bardzo przyjemny. Rytmiczne i [&hellip;]<\/p>\n","protected":false},"featured_media":8153,"comment_status":"closed","ping_status":"open","template":"","meta":[],"product_cat":[290,295],"product_tag":[700,722,750,766,860],"class_list":["post-8152","product","type-product","status-publish","has-post-thumbnail","hentry","product_cat-hh-poland","product_cat-pozostale-zabawki","product_tag-bajki-do-czytania-dla-dzieci","product_tag-cytaty-o-przyjazni","product_tag-imie-kostek","product_tag-kira","product_tag-zagadki-logiczne-dla-doroslych"],"_links":{"self":[{"href":"http:\/\/klubmamgdynia.pl\/index.php\/wp-json\/wp\/v2\/product\/8152","targetHints":{"allow":["GET"]}}],"collection":[{"href":"http:\/\/klubmamgdynia.pl\/index.php\/wp-json\/wp\/v2\/product"}],"about":[{"href":"http:\/\/klubmamgdynia.pl\/index.php\/wp-json\/wp\/v2\/types\/product"}],"replies":[{"embeddable":true,"href":"http:\/\/klubmamgdynia.pl\/index.php\/wp-json\/wp\/v2\/comments?post=8152"}],"wp:featuredmedia":[{"embeddable":true,"href":"http:\/\/klubmamgdynia.pl\/index.php\/wp-json\/wp\/v2\/media\/8153"}],"wp:attachment":[{"href":"http:\/\/klubmamgdynia.pl\/index.php\/wp-json\/wp\/v2\/media?parent=8152"}],"wp:term":[{"taxonomy":"product_cat","embeddable":true,"href":"http:\/\/klubmamgdynia.pl\/index.php\/wp-json\/wp\/v2\/product_cat?post=8152"},{"taxonomy":"product_tag","embeddable":true,"href":"http:\/\/klubmamgdynia.pl\/index.php\/wp-json\/wp\/v2\/product_tag?post=8152"}],"curies":[{"name":"wp","href":"https:\/\/api.w.org\/{rel}","templated":true}]}}