{"id":8154,"date":"2015-11-29T06:34:57","date_gmt":"2015-11-29T05:34:57","guid":{"rendered":"http:\/\/klubmamgdynia.pl\/index.php\/produkt\/revell-bmw-i8-7008\/"},"modified":"2026-04-29T15:10:22","modified_gmt":"2026-04-29T13:10:22","slug":"revell-bmw-i8-7008","status":"publish","type":"product","link":"http:\/\/klubmamgdynia.pl\/index.php\/produkt\/revell-bmw-i8-7008\/","title":{"rendered":"Revell Bmw I8 7008"},"content":{"rendered":"<p>Model do sklejania Revell BMW i8. Prawdziwa gratka dla kolekcjoner\u00f3w! Wysokiej jako\u015bci model do sklejania \u015awietnie odwzorowany samoch\u00f3d od kultowej marki Doskona\u0142e oddanie najmniejszych element\u00f3w Motoryzacyjne pi\u0119kno! Model do sklejania od marki Revell to fenomenalna propozycja dla wszystkich mi\u0142o\u015bnik\u00f3w motoryzacji i modelarzy, kt\u00f3rzy szukaj\u0105 wyj\u0105tkowej zabawy. Model zosta\u0142 wykonany z wysokiej jako\u015bci plastiku i po sklejeniu naprawd\u0119 robi wra\u017cenie swoim wygl\u0105dem. Replika BMW i8 b\u0119dzie prawdziw\u0105 ozdob\u0105 ka\u017cdej, nawet najwi\u0119kszej, kolekcji! Ruszajmy w tras\u0119! Model przedstawia BMW i8, pot\u0119\u017cn\u0105 sportow\u0105 maszyn\u0119 od legendarnej, bawarskiej marki. Samoch\u00f3d zosta\u0142 wykonany z niesamowitym przywi\u0105zaniem do najmniejszych szczeg\u00f3\u0142\u00f3w, dzi\u0119ki czemu bardzo przypomina prawdziw\u0105 maszyn\u0119. Uko\u0144czenie modelu i spojrzenie na gotowe dzie\u0142o przynosi ca\u0142\u0105 mas\u0119 satysfakcji. Kolekcja z prawdziwego zdarzenia Modele do sklejania od Revell to prawdziwa gwarancja najwy\u017cszej jako\u015bci. Marka oferuje modelarzom zr\u00f3\u017cnicowan\u0105 ofert\u0119 modeli &#8211; od r\u00f3\u017cnego rodzaju sprz\u0119t\u00f3w wojskowych, przez samoloty, a\u017c po motoryzacyjne legendy, kt\u00f3re rozpalaj\u0105 wyobra\u017ani\u0119 ka\u017cdego automaniaka. Repliki prezentuj\u0105 si\u0119 fenomenalnie, a ich sklejanie daje mas\u0119 zabawy osobom w ka\u017cdym wieku.<\/p>\n<h2>Revell Bmw I8 7008 Revell<\/h2>\n<p>film animowany o \u015bwi\u0119tach, lucjan imi\u0119, kolorowanki dla dziewczynek do druku, podchwytliwe zagadki na inteligencj\u0119, malowanki do druku, test z lektury ten obcy, zabawki na roczek dla dziewczynki, prezent dla roczniaka<\/p>\n<p>yyyyy<\/p>\n<p>&nbsp;<\/p>\n","protected":false},"excerpt":{"rendered":"<p>Model do sklejania Revell BMW i8. Prawdziwa gratka dla kolekcjoner\u00f3w! Wysokiej jako\u015bci model do sklejania \u015awietnie odwzorowany samoch\u00f3d od kultowej marki Doskona\u0142e oddanie najmniejszych element\u00f3w Motoryzacyjne pi\u0119kno! Model do sklejania od marki Revell to fenomenalna propozycja dla wszystkich mi\u0142o\u015bnik\u00f3w motoryzacji i modelarzy, kt\u00f3rzy szukaj\u0105 wyj\u0105tkowej zabawy. Model zosta\u0142 wykonany z wysokiej jako\u015bci plastiku i po [&hellip;]<\/p>\n","protected":false},"featured_media":8155,"comment_status":"closed","ping_status":"open","template":"","meta":[],"product_cat":[303,507],"product_tag":[584,866,652,682,581],"class_list":["post-8154","product","type-product","status-publish","has-post-thumbnail","hentry","product_cat-kolekcjonerskie-modele-pojazdow","product_cat-revell","product_tag-liwia","product_tag-opis-do-zdjecia-dziecka-na-fb","product_tag-otto","product_tag-przyjazn-cytaty","product_tag-zagadki-dla-8-latka"],"_links":{"self":[{"href":"http:\/\/klubmamgdynia.pl\/index.php\/wp-json\/wp\/v2\/product\/8154","targetHints":{"allow":["GET"]}}],"collection":[{"href":"http:\/\/klubmamgdynia.pl\/index.php\/wp-json\/wp\/v2\/product"}],"about":[{"href":"http:\/\/klubmamgdynia.pl\/index.php\/wp-json\/wp\/v2\/types\/product"}],"replies":[{"embeddable":true,"href":"http:\/\/klubmamgdynia.pl\/index.php\/wp-json\/wp\/v2\/comments?post=8154"}],"wp:featuredmedia":[{"embeddable":true,"href":"http:\/\/klubmamgdynia.pl\/index.php\/wp-json\/wp\/v2\/media\/8155"}],"wp:attachment":[{"href":"http:\/\/klubmamgdynia.pl\/index.php\/wp-json\/wp\/v2\/media?parent=8154"}],"wp:term":[{"taxonomy":"product_cat","embeddable":true,"href":"http:\/\/klubmamgdynia.pl\/index.php\/wp-json\/wp\/v2\/product_cat?post=8154"},{"taxonomy":"product_tag","embeddable":true,"href":"http:\/\/klubmamgdynia.pl\/index.php\/wp-json\/wp\/v2\/product_tag?post=8154"}],"curies":[{"name":"wp","href":"https:\/\/api.w.org\/{rel}","templated":true}]}}