{"id":816,"date":"2017-05-19T23:02:44","date_gmt":"2017-05-19T21:02:44","guid":{"rendered":"http:\/\/klubmamgdynia.pl\/index.php\/produkt\/barbie-lalka-szykowna-t7439-dgz58\/"},"modified":"2026-05-01T11:15:39","modified_gmt":"2026-05-01T09:15:39","slug":"barbie-lalka-szykowna-t7439-dgz58","status":"publish","type":"product","link":"http:\/\/klubmamgdynia.pl\/index.php\/produkt\/barbie-lalka-szykowna-t7439-dgz58\/","title":{"rendered":"Barbie Lalka Szykowna T7439 Dgz58"},"content":{"rendered":"<p>Czy jeste\u015b gotowa na wielk\u0105 mod\u0119? Oto Szykowna Barbie\u00ae w romantycznym stylu. Zbierz kolekcj\u0119 lalek w \u015blicznych sukienkach z wzorzystym nadrukiem. Ka\u017cda ma dopasowany kolorystycznie naszyjnik oraz modne buciki na obcasach. To si\u0119 nazywa styl! Lalki nie stoj\u0105 samodzielnie. Sprzedawane oddzielnie.Informacje o produkcieNr katalogowyT7439\/DGX58Marka (lalki) Barbie i modaWymagania wiekowe od 3 latP\u0142e\u0107 (zabawki) DziewczynkiWysoko\u015b\u0107 27 cm<\/p>\n<h2>Barbie Lalka Szykowna T7439 Dgz58 Barbie<\/h2>\n<p>trudne zagadki dla doros\u0142ych, asiunia &#8211; test z lektury pdf, 20 pytania do lektury ma\u0142y ksi\u0105\u017c\u0119, rysowanki, r\u0119cznie robione jak zrobi\u0107 kartk\u0119 walentynkow\u0105<\/p>\n<p>yyyyy<\/p>\n<p>&nbsp;<\/p>\n","protected":false},"excerpt":{"rendered":"<p>Czy jeste\u015b gotowa na wielk\u0105 mod\u0119? Oto Szykowna Barbie\u00ae w romantycznym stylu. Zbierz kolekcj\u0119 lalek w \u015blicznych sukienkach z wzorzystym nadrukiem. Ka\u017cda ma dopasowany kolorystycznie naszyjnik oraz modne buciki na obcasach. To si\u0119 nazywa styl! Lalki nie stoj\u0105 samodzielnie. Sprzedawane oddzielnie.Informacje o produkcieNr katalogowyT7439\/DGX58Marka (lalki) Barbie i modaWymagania wiekowe od 3 latP\u0142e\u0107 (zabawki) DziewczynkiWysoko\u015b\u0107 27 [&hellip;]<\/p>\n","protected":false},"featured_media":817,"comment_status":"closed","ping_status":"open","template":"","meta":[],"product_cat":[173,65],"product_tag":[854,622,669,752,824,710],"class_list":["post-816","product","type-product","status-publish","has-post-thumbnail","hentry","product_cat-barbie","product_cat-lalki","product_tag-cytaty-rodzina","product_tag-fajne-zagadki","product_tag-kolorowanki","product_tag-kuba-imie","product_tag-warszawa-atrakcje-dla-dzieci","product_tag-zagadki-dla-dzieci-10-12-lat"],"_links":{"self":[{"href":"http:\/\/klubmamgdynia.pl\/index.php\/wp-json\/wp\/v2\/product\/816","targetHints":{"allow":["GET"]}}],"collection":[{"href":"http:\/\/klubmamgdynia.pl\/index.php\/wp-json\/wp\/v2\/product"}],"about":[{"href":"http:\/\/klubmamgdynia.pl\/index.php\/wp-json\/wp\/v2\/types\/product"}],"replies":[{"embeddable":true,"href":"http:\/\/klubmamgdynia.pl\/index.php\/wp-json\/wp\/v2\/comments?post=816"}],"wp:featuredmedia":[{"embeddable":true,"href":"http:\/\/klubmamgdynia.pl\/index.php\/wp-json\/wp\/v2\/media\/817"}],"wp:attachment":[{"href":"http:\/\/klubmamgdynia.pl\/index.php\/wp-json\/wp\/v2\/media?parent=816"}],"wp:term":[{"taxonomy":"product_cat","embeddable":true,"href":"http:\/\/klubmamgdynia.pl\/index.php\/wp-json\/wp\/v2\/product_cat?post=816"},{"taxonomy":"product_tag","embeddable":true,"href":"http:\/\/klubmamgdynia.pl\/index.php\/wp-json\/wp\/v2\/product_tag?post=816"}],"curies":[{"name":"wp","href":"https:\/\/api.w.org\/{rel}","templated":true}]}}