{"id":8162,"date":"2021-07-19T13:03:20","date_gmt":"2021-07-19T11:03:20","guid":{"rendered":"http:\/\/klubmamgdynia.pl\/index.php\/produkt\/janod-magnetyczna-ukladanka-ksztalty-magnetibook-j02720\/"},"modified":"2026-04-17T08:54:56","modified_gmt":"2026-04-17T06:54:56","slug":"janod-magnetyczna-ukladanka-ksztalty-magnetibook-j02720","status":"publish","type":"product","link":"http:\/\/klubmamgdynia.pl\/index.php\/produkt\/janod-magnetyczna-ukladanka-ksztalty-magnetibook-j02720\/","title":{"rendered":"Janod Magnetyczna Uk\u0142adanka Kszta\u0142ty Magnetibook J02720"},"content":{"rendered":"<p>Janod Magnetyczna uk\u0142adanka Magnetibook Kszta\u0142ty                            <\/p>\n<p>Magnetyczna uk\u0142adanka Magnetibook Kszta\u0142tyMagnetyczna uk\u0142adanka Magnetibook Kszta\u0142ty francuskiej marki JANOD to doskona\u0142a zabawka, rozwijaj\u0105ca kreatywno\u015b\u0107 i wyobra\u017ani\u0119. Zabawa polega na umieszczaniu na planszy magnes\u00f3w, kt\u00f3re dziecko mo\u017ce dowolnie \u0142\u0105czy\u0107 ze sob\u0105, lub uk\u0142ada\u0107 wed\u0142ug proponowanego wzoru.                            <\/p>\n<p>\u015awietna rozrywka dla ma\u0142ych konstruktor\u00f3wMagnetibook Kszta\u0142ty zawiera 43 kolorowe magnesy w kszta\u0142tach \u201eklasycznych\u201d figur geometrycznych (m.in. tr\u00f3jk\u0105t\u00f3w, kwadrat\u00f3w, pi\u0119ciobok\u00f3w), ale te\u017c bardziej nietypowych, jak np. \u0142uki, ksi\u0119\u017cyce czy \u0142ezki, oraz 30 kart z przyk\u0142adowymi pomys\u0142ami na konstrukcje, kt\u00f3re mo\u017cna stworzy\u0107 przy ich u\u017cyciu. To \u015bwietna rozrywka dla ma\u0142ych konstruktor\u00f3w, a tak\u017ce wszystkich tw\u00f3rczych dzieci.                            <\/p>\n<p>Perfekcyjne wykonanieOpakowanie wykonane jest ze sztywnego kartonu w formie ksi\u0105\u017cki. Plansza magnetyczna jest jednocze\u015bnie wewn\u0119trzn\u0105 stron\u0105 ok\u0142adki. Dwie przegr\u00f3dki wewn\u0105trz pomagaj\u0105 utrzyma\u0107 porz\u0105dek w magnesach i kartach. Ca\u0142o\u015b\u0107 prezentuje si\u0119 bardzo estetycznie i doskonale nadaje si\u0119 na prezent.\u00a0\u00a0                            <\/p>\n<p>Zabawa na d\u0142ugo!Uk\u0142adanka b\u0119dzie s\u0142u\u017cy\u0107 przed d\u0142ugi czas i niepr\u0119dko si\u0119 znudzi, bo daje wiele mo\u017cliwo\u015bci kreacji. Jest pi\u0119knie wykonana, co dodatkowo rozbudza zmys\u0142 artystyczny, a ponadto \u0107wiczy logiczne my\u015blenie oraz sprawno\u015b\u0107 manualn\u0105 u dziecka.                            <\/p>\n<p>\u00a0                            <\/p>\n<p>Specyfikacja:kategoria: zabawki magnetyczneseria: magnetibookindeks: J02720producent: Janodwiek: 3-8liczba element\u00f3w: 73materia\u0142: magnes\/ twardy kartondesign: Francjawaga produktu: 0,59 kgwymiary opakowania: 19 x 4 x 26 cmbezpiecze\u0144stwo i jako\u015b\u0107: EN71-1; EN71-2, EN71-3; REACH                            <\/p>\n<p>\u00a0                            <\/p>\n<p>Janod od 1970 roku niezmiennie projektuje zabawki, \u0142\u0105cz\u0105ce innowacyjno\u015b\u0107 z francuskim designem i najwy\u017csz\u0105 jako\u015bci\u0105. Unikalne produkty Janod tworzone s\u0105 z drewna i innych solidnych, trwa\u0142ych materia\u0142\u00f3w, a przede wszystkim \u2013 z dzieci\u0119cych marze\u0144!Janod \u2013 JUST PLAY<\/p>\n<h2>Janod Magnetyczna Uk\u0142adanka Kszta\u0142ty Magnetibook J02720 Janod<\/h2>\n<p>zabawki dla rocznej dziewczynki, znaczenie imienia marcel, po\u0142\u0105cz kropki do druku, jak zrobi\u0107 du\u017ce jajo wielkanocne, zagadki o zwierzetach, zagadki logiczne z odpowiedziami, Keyword, wroc\u0142aw atrakcje dla dzieci, wiosna zagadki, kontynenty do druku, prezent roczek, jasmin imie, po\u0142\u0105cz kropki do wydruku pdf, prezent na \u015bwi\u0119ta dla nastolatka, zagadki \u015bmieszne, bajka do czytania o piesku, kolorowanka lego ninjago<\/p>\n<p>yyyyy<\/p>\n<p>&nbsp;<\/p>\n","protected":false},"excerpt":{"rendered":"<p>Janod Magnetyczna uk\u0142adanka Magnetibook Kszta\u0142ty Magnetyczna uk\u0142adanka Magnetibook Kszta\u0142tyMagnetyczna uk\u0142adanka Magnetibook Kszta\u0142ty francuskiej marki JANOD to doskona\u0142a zabawka, rozwijaj\u0105ca kreatywno\u015b\u0107 i wyobra\u017ani\u0119. Zabawa polega na umieszczaniu na planszy magnes\u00f3w, kt\u00f3re dziecko mo\u017ce dowolnie \u0142\u0105czy\u0107 ze sob\u0105, lub uk\u0142ada\u0107 wed\u0142ug proponowanego wzoru. \u015awietna rozrywka dla ma\u0142ych konstruktor\u00f3wMagnetibook Kszta\u0142ty zawiera 43 kolorowe magnesy w kszta\u0142tach \u201eklasycznych\u201d figur [&hellip;]<\/p>\n","protected":false},"featured_media":8163,"comment_status":"closed","ping_status":"open","template":"","meta":[],"product_cat":[557,537],"product_tag":[765,749,713],"class_list":["post-8162","product","type-product","status-publish","has-post-thumbnail","hentry","product_cat-janod","product_cat-pozostale-zabawki-edukacyjne","product_tag-atrakcje-dla-dzieci-warszawa","product_tag-najlepsze-zarty-na-prima-aprilis","product_tag-zagadki-logiczne-z-odpowiedziami"],"_links":{"self":[{"href":"http:\/\/klubmamgdynia.pl\/index.php\/wp-json\/wp\/v2\/product\/8162","targetHints":{"allow":["GET"]}}],"collection":[{"href":"http:\/\/klubmamgdynia.pl\/index.php\/wp-json\/wp\/v2\/product"}],"about":[{"href":"http:\/\/klubmamgdynia.pl\/index.php\/wp-json\/wp\/v2\/types\/product"}],"replies":[{"embeddable":true,"href":"http:\/\/klubmamgdynia.pl\/index.php\/wp-json\/wp\/v2\/comments?post=8162"}],"wp:featuredmedia":[{"embeddable":true,"href":"http:\/\/klubmamgdynia.pl\/index.php\/wp-json\/wp\/v2\/media\/8163"}],"wp:attachment":[{"href":"http:\/\/klubmamgdynia.pl\/index.php\/wp-json\/wp\/v2\/media?parent=8162"}],"wp:term":[{"taxonomy":"product_cat","embeddable":true,"href":"http:\/\/klubmamgdynia.pl\/index.php\/wp-json\/wp\/v2\/product_cat?post=8162"},{"taxonomy":"product_tag","embeddable":true,"href":"http:\/\/klubmamgdynia.pl\/index.php\/wp-json\/wp\/v2\/product_tag?post=8162"}],"curies":[{"name":"wp","href":"https:\/\/api.w.org\/{rel}","templated":true}]}}