{"id":8164,"date":"2016-09-13T22:59:25","date_gmt":"2016-09-13T20:59:25","guid":{"rendered":"http:\/\/klubmamgdynia.pl\/index.php\/produkt\/rastar-bmw-i8-114-rtr-bialy\/"},"modified":"2026-04-05T20:02:38","modified_gmt":"2026-04-05T18:02:38","slug":"rastar-bmw-i8-114-rtr-bialy","status":"publish","type":"product","link":"http:\/\/klubmamgdynia.pl\/index.php\/produkt\/rastar-bmw-i8-114-rtr-bialy\/","title":{"rendered":"Rastar Bmw I8 1:14 Rtr Bia\u0142y"},"content":{"rendered":"<p>Autko R\/c Bmw i8 1:14 Rtr Rastar<\/p>\n<h2>Rastar Bmw I8 1:14 Rtr Bia\u0142y Rastar<\/h2>\n<p>kolorowanki kotki, cytaty o przyja\u017ani kr\u00f3tkie, stare wiersze dla dzieci, by\u0142 sobie kr\u00f3l, kolorowanki do druku dla dziewczynek, karty pracy do druku za darmo, cytaty o dzieciach i rodzicach, zagadki nie do rozwi\u0105zania, zagadki dla dzieci, kolorowanki antystresowe<\/p>\n<p>yyyyy<\/p>\n<p>&nbsp;<\/p>\n","protected":false},"excerpt":{"rendered":"<p>Autko R\/c Bmw i8 1:14 Rtr Rastar Rastar Bmw I8 1:14 Rtr Bia\u0142y Rastar kolorowanki kotki, cytaty o przyja\u017ani kr\u00f3tkie, stare wiersze dla dzieci, by\u0142 sobie kr\u00f3l, kolorowanki do druku dla dziewczynek, karty pracy do druku za darmo, cytaty o dzieciach i rodzicach, zagadki nie do rozwi\u0105zania, zagadki dla dzieci, kolorowanki antystresowe yyyyy &nbsp;<\/p>\n","protected":false},"featured_media":8165,"comment_status":"closed","ping_status":"open","template":"","meta":[],"product_cat":[83,504],"product_tag":[686,852,870,760,693],"class_list":["post-8164","product","type-product","status-publish","has-post-thumbnail","hentry","product_cat-auta-i-inne-pojazdy-do-zabawy","product_cat-rastar","product_tag-co-na-roczek-dla-chlopca","product_tag-jak-zrobic-samolot-z-papieru","product_tag-prezent-dla-chlopca-na-roczek","product_tag-zagadka-matematyczna","product_tag-zagadki-dla-doroslych"],"_links":{"self":[{"href":"http:\/\/klubmamgdynia.pl\/index.php\/wp-json\/wp\/v2\/product\/8164","targetHints":{"allow":["GET"]}}],"collection":[{"href":"http:\/\/klubmamgdynia.pl\/index.php\/wp-json\/wp\/v2\/product"}],"about":[{"href":"http:\/\/klubmamgdynia.pl\/index.php\/wp-json\/wp\/v2\/types\/product"}],"replies":[{"embeddable":true,"href":"http:\/\/klubmamgdynia.pl\/index.php\/wp-json\/wp\/v2\/comments?post=8164"}],"wp:featuredmedia":[{"embeddable":true,"href":"http:\/\/klubmamgdynia.pl\/index.php\/wp-json\/wp\/v2\/media\/8165"}],"wp:attachment":[{"href":"http:\/\/klubmamgdynia.pl\/index.php\/wp-json\/wp\/v2\/media?parent=8164"}],"wp:term":[{"taxonomy":"product_cat","embeddable":true,"href":"http:\/\/klubmamgdynia.pl\/index.php\/wp-json\/wp\/v2\/product_cat?post=8164"},{"taxonomy":"product_tag","embeddable":true,"href":"http:\/\/klubmamgdynia.pl\/index.php\/wp-json\/wp\/v2\/product_tag?post=8164"}],"curies":[{"name":"wp","href":"https:\/\/api.w.org\/{rel}","templated":true}]}}