{"id":8166,"date":"2024-12-14T20:04:49","date_gmt":"2024-12-14T19:04:49","guid":{"rendered":"http:\/\/klubmamgdynia.pl\/?post_type=product&#038;p=8166"},"modified":"2026-04-23T09:59:16","modified_gmt":"2026-04-23T07:59:16","slug":"hasbro-t-cyberverse-adventures-roll-n-f2730","status":"publish","type":"product","link":"http:\/\/klubmamgdynia.pl\/index.php\/produkt\/hasbro-t-cyberverse-adventures-roll-n-f2730\/","title":{"rendered":"Hasbro T. Cyberverse Adventures Roll N&#8217;-F2730"},"content":{"rendered":"<h2>Hasbro T. Cyberverse Adventures Roll N-F2730 Hasbro<\/h2>\n<p>jeremi imi\u0119, fajne \u017carty na prima aprilis, cytaty przyja\u017a\u0144, pytania do lektury asiunia, dzie\u0144 dziecka dla nastolatk\u00f3w, kolorowanki dla dziewczynek lol, quizy \u015bwi\u0105teczne bo\u017ce narodzenie, mia, zaj\u0105czek z jajka ugotowanego, stare piosenki, fajne \u017carty na prima aprilis, hello kitty kolorowanka<\/p>\n<p>yyyyy<\/p>\n<p>&nbsp;<\/p>\n","protected":false},"excerpt":{"rendered":"<p>Hasbro T. Cyberverse Adventures Roll N-F2730 Hasbro jeremi imi\u0119, fajne \u017carty na prima aprilis, cytaty przyja\u017a\u0144, pytania do lektury asiunia, dzie\u0144 dziecka dla nastolatk\u00f3w, kolorowanki dla dziewczynek lol, quizy \u015bwi\u0105teczne bo\u017ce narodzenie, mia, zaj\u0105czek z jajka ugotowanego, stare piosenki, fajne \u017carty na prima aprilis, hello kitty kolorowanka yyyyy &nbsp;<\/p>\n","protected":false},"featured_media":8167,"comment_status":"closed","ping_status":"open","template":"","meta":[],"product_cat":[95,129],"product_tag":[763,727,730,612,856,599,597],"class_list":["post-8166","product","type-product","status-publish","has-post-thumbnail","hentry","product_cat-figurki-makiety-i-zestawy","product_cat-hasbro","product_tag-fabian","product_tag-godlo-polski-do-druku","product_tag-karyna","product_tag-kolorowanki-do-druku","product_tag-prezent-dla-16-latki","product_tag-prezent-dla-nastolatkow-2021","product_tag-zagadki-o-zimie"],"_links":{"self":[{"href":"http:\/\/klubmamgdynia.pl\/index.php\/wp-json\/wp\/v2\/product\/8166","targetHints":{"allow":["GET"]}}],"collection":[{"href":"http:\/\/klubmamgdynia.pl\/index.php\/wp-json\/wp\/v2\/product"}],"about":[{"href":"http:\/\/klubmamgdynia.pl\/index.php\/wp-json\/wp\/v2\/types\/product"}],"replies":[{"embeddable":true,"href":"http:\/\/klubmamgdynia.pl\/index.php\/wp-json\/wp\/v2\/comments?post=8166"}],"wp:featuredmedia":[{"embeddable":true,"href":"http:\/\/klubmamgdynia.pl\/index.php\/wp-json\/wp\/v2\/media\/8167"}],"wp:attachment":[{"href":"http:\/\/klubmamgdynia.pl\/index.php\/wp-json\/wp\/v2\/media?parent=8166"}],"wp:term":[{"taxonomy":"product_cat","embeddable":true,"href":"http:\/\/klubmamgdynia.pl\/index.php\/wp-json\/wp\/v2\/product_cat?post=8166"},{"taxonomy":"product_tag","embeddable":true,"href":"http:\/\/klubmamgdynia.pl\/index.php\/wp-json\/wp\/v2\/product_tag?post=8166"}],"curies":[{"name":"wp","href":"https:\/\/api.w.org\/{rel}","templated":true}]}}