{"id":8170,"date":"2018-04-12T07:56:20","date_gmt":"2018-04-12T05:56:20","guid":{"rendered":"http:\/\/klubmamgdynia.pl\/index.php\/produkt\/mondo-pojazd-r-c-bugatti-divo-24-ghz-124\/"},"modified":"2026-04-25T03:18:04","modified_gmt":"2026-04-25T01:18:04","slug":"mondo-pojazd-r-c-bugatti-divo-24-ghz-124","status":"publish","type":"product","link":"http:\/\/klubmamgdynia.pl\/index.php\/produkt\/mondo-pojazd-r-c-bugatti-divo-24-ghz-124\/","title":{"rendered":"Mondo Pojazd R\/C Bugatti Divo 2,4 Ghz 1:24"},"content":{"rendered":"<h2>Mondo Pojazd R\/C Bugatti Divo 2,4 Ghz 1:24 Mondo<\/h2>\n<p>zagadki sprawdzaj\u0105ce inteligencj\u0119, borys imi\u0119, zaproszenia na urodziny do druku, kolorowanki samochody, kanapki dla dzieci, kartka walentynkowa r\u0119cznie robiona \u0142atwa, kolorowanka kotki do druku, bursztynek, zaj\u0105czek z jajka ugotowanego, w zieleni \u0142\u0105ka majowa tekst, kr\u00f3tkie bajki dla dzieci, horror dla dzieci, kolorowanki pieski, znaczenie imiona alan<\/p>\n<p>yyyyy<\/p>\n<p>&nbsp;<\/p>\n","protected":false},"excerpt":{"rendered":"<p>Mondo Pojazd R\/C Bugatti Divo 2,4 Ghz 1:24 Mondo zagadki sprawdzaj\u0105ce inteligencj\u0119, borys imi\u0119, zaproszenia na urodziny do druku, kolorowanki samochody, kanapki dla dzieci, kartka walentynkowa r\u0119cznie robiona \u0142atwa, kolorowanka kotki do druku, bursztynek, zaj\u0105czek z jajka ugotowanego, w zieleni \u0142\u0105ka majowa tekst, kr\u00f3tkie bajki dla dzieci, horror dla dzieci, kolorowanki pieski, znaczenie imiona alan [&hellip;]<\/p>\n","protected":false},"featured_media":8171,"comment_status":"closed","ping_status":"open","template":"","meta":[],"product_cat":[292,337],"product_tag":[603,720,638,590,701],"class_list":["post-8170","product","type-product","status-publish","has-post-thumbnail","hentry","product_cat-mondo","product_cat-zabawki-zdalnie-sterowane","product_tag-bajki-do-czytania","product_tag-malowanki","product_tag-miastodzieci","product_tag-plac-zabaw-warszawa","product_tag-zgadywanki-dla-dzieci"],"_links":{"self":[{"href":"http:\/\/klubmamgdynia.pl\/index.php\/wp-json\/wp\/v2\/product\/8170","targetHints":{"allow":["GET"]}}],"collection":[{"href":"http:\/\/klubmamgdynia.pl\/index.php\/wp-json\/wp\/v2\/product"}],"about":[{"href":"http:\/\/klubmamgdynia.pl\/index.php\/wp-json\/wp\/v2\/types\/product"}],"replies":[{"embeddable":true,"href":"http:\/\/klubmamgdynia.pl\/index.php\/wp-json\/wp\/v2\/comments?post=8170"}],"wp:featuredmedia":[{"embeddable":true,"href":"http:\/\/klubmamgdynia.pl\/index.php\/wp-json\/wp\/v2\/media\/8171"}],"wp:attachment":[{"href":"http:\/\/klubmamgdynia.pl\/index.php\/wp-json\/wp\/v2\/media?parent=8170"}],"wp:term":[{"taxonomy":"product_cat","embeddable":true,"href":"http:\/\/klubmamgdynia.pl\/index.php\/wp-json\/wp\/v2\/product_cat?post=8170"},{"taxonomy":"product_tag","embeddable":true,"href":"http:\/\/klubmamgdynia.pl\/index.php\/wp-json\/wp\/v2\/product_tag?post=8170"}],"curies":[{"name":"wp","href":"https:\/\/api.w.org\/{rel}","templated":true}]}}