{"id":8172,"date":"2014-07-20T11:06:37","date_gmt":"2014-07-20T09:06:37","guid":{"rendered":"http:\/\/klubmamgdynia.pl\/index.php\/produkt\/jokomisiada-kreatywny-zestaw-zrob-to-sam-kolorowe-magnesy-za2878\/"},"modified":"2026-04-03T22:53:17","modified_gmt":"2026-04-03T20:53:17","slug":"jokomisiada-kreatywny-zestaw-zrob-to-sam-kolorowe-magnesy-za2878","status":"publish","type":"product","link":"http:\/\/klubmamgdynia.pl\/index.php\/produkt\/jokomisiada-kreatywny-zestaw-zrob-to-sam-kolorowe-magnesy-za2878\/","title":{"rendered":"Jokomisiada Kreatywny Zestaw Zr\u00f3b To Sam Kolorowe Magnesy ZA2878"},"content":{"rendered":"<p>Zr\u00f3b to sam, kreatywny kolorowy zestaw magnesy, magnesy na lod\u00f3wk\u0119, bajkowe<\/p>\n<h2>Jokomisiada Kreatywny Zestaw Zr\u00f3b To Sam Kolorowe Magnesy ZA2878 Jokomisiada<\/h2>\n<p>kalendarz adwentowy diy z rolek, pomys\u0142y na prezent dla nastolatk\u00f3w, t\u0119cza kolorowanka, audiobooki dla dzieci za darmo<\/p>\n<p>yyyyy<\/p>\n<p>&nbsp;<\/p>\n","protected":false},"excerpt":{"rendered":"<p>Zr\u00f3b to sam, kreatywny kolorowy zestaw magnesy, magnesy na lod\u00f3wk\u0119, bajkowe Jokomisiada Kreatywny Zestaw Zr\u00f3b To Sam Kolorowe Magnesy ZA2878 Jokomisiada kalendarz adwentowy diy z rolek, pomys\u0142y na prezent dla nastolatk\u00f3w, t\u0119cza kolorowanka, audiobooki dla dzieci za darmo yyyyy &nbsp;<\/p>\n","protected":false},"featured_media":8173,"comment_status":"closed","ping_status":"open","template":"","meta":[],"product_cat":[131,295],"product_tag":[775,744,584,862,746],"class_list":["post-8172","product","type-product","status-publish","has-post-thumbnail","hentry","product_cat-jokomisiada","product_cat-pozostale-zabawki","product_tag-kolorowanki-do-druku-pokemon","product_tag-kolorowanki-swiateczne-do-wydruku","product_tag-liwia","product_tag-nasza-zima-zla-tekst","product_tag-zagadki-typu-co-to-jest"],"_links":{"self":[{"href":"http:\/\/klubmamgdynia.pl\/index.php\/wp-json\/wp\/v2\/product\/8172","targetHints":{"allow":["GET"]}}],"collection":[{"href":"http:\/\/klubmamgdynia.pl\/index.php\/wp-json\/wp\/v2\/product"}],"about":[{"href":"http:\/\/klubmamgdynia.pl\/index.php\/wp-json\/wp\/v2\/types\/product"}],"replies":[{"embeddable":true,"href":"http:\/\/klubmamgdynia.pl\/index.php\/wp-json\/wp\/v2\/comments?post=8172"}],"wp:featuredmedia":[{"embeddable":true,"href":"http:\/\/klubmamgdynia.pl\/index.php\/wp-json\/wp\/v2\/media\/8173"}],"wp:attachment":[{"href":"http:\/\/klubmamgdynia.pl\/index.php\/wp-json\/wp\/v2\/media?parent=8172"}],"wp:term":[{"taxonomy":"product_cat","embeddable":true,"href":"http:\/\/klubmamgdynia.pl\/index.php\/wp-json\/wp\/v2\/product_cat?post=8172"},{"taxonomy":"product_tag","embeddable":true,"href":"http:\/\/klubmamgdynia.pl\/index.php\/wp-json\/wp\/v2\/product_tag?post=8172"}],"curies":[{"name":"wp","href":"https:\/\/api.w.org\/{rel}","templated":true}]}}