{"id":8178,"date":"2020-12-24T22:32:57","date_gmt":"2020-12-24T21:32:57","guid":{"rendered":"http:\/\/klubmamgdynia.pl\/index.php\/produkt\/bruder-02769-man-z-zurawiem-i-pniami\/"},"modified":"2026-04-04T09:38:46","modified_gmt":"2026-04-04T07:38:46","slug":"bruder-02769-man-z-zurawiem-i-pniami","status":"publish","type":"product","link":"http:\/\/klubmamgdynia.pl\/index.php\/produkt\/bruder-02769-man-z-zurawiem-i-pniami\/","title":{"rendered":"Bruder 02769 MAN z \u017curawiem i pniami"},"content":{"rendered":"<p>MAN transporter z \u017curawiem i pniami Bruder 02769Skala 1:16Wymiary: 43 x 18,5 x 25,5 cmSeria ProfiRekomendacja wiekowa: dzieci powy\u017cej 4 latDoskona\u0142a zabawka edukacyjna, kt\u00f3rej g\u0142\u00f3wnymi cechami s\u0105:sk\u0142adana lusterkaodchylana kabinami\u0119kkie, gumowe opony z bie\u017cnikiemrozk\u0142adane k\u0142onice z \u0142a\u0144cuchamifunkcjonalny \u017curaw za\u0142adowczy z chwytakiemmo\u017cliwo\u015b\u0107 instalacji modu\u0142u sygnalizacyjnego 02801 lub 02802<\/p>\n<h2>Bruder 02769 MAN z \u017curawiem i pniami Bruder<\/h2>\n<p>wiosna kolorowanka do druku, g\u0142upie zagadki, zimowe zabawy dla dzieci, markowa, zagadki z odpowiedziami, ka\u0142u\u017cy\u015bci, pomys\u0142y na pakowanie prezent\u00f3w, miko\u0142ajek sprawdzian z lektury z odpowiedziami, bajki dla dzieci na dobranoc, test ch\u0142opcy z placu broni klasa 5, dla dzieci warszawa, zagadki wiosenne dla dzieci, zabawka na roczek dla ch\u0142opca, babciu droga babciu tekst, jak narysowa\u0107 \u017cab\u0119, bajka dla niemowlaka, wzruszaj\u0105ce teksty dla mamy<\/p>\n<p>yyyyy<\/p>\n<p>&nbsp;<\/p>\n","protected":false},"excerpt":{"rendered":"<p>MAN transporter z \u017curawiem i pniami Bruder 02769Skala 1:16Wymiary: 43 x 18,5 x 25,5 cmSeria ProfiRekomendacja wiekowa: dzieci powy\u017cej 4 latDoskona\u0142a zabawka edukacyjna, kt\u00f3rej g\u0142\u00f3wnymi cechami s\u0105:sk\u0142adana lusterkaodchylana kabinami\u0119kkie, gumowe opony z bie\u017cnikiemrozk\u0142adane k\u0142onice z \u0142a\u0144cuchamifunkcjonalny \u017curaw za\u0142adowczy z chwytakiemmo\u017cliwo\u015b\u0107 instalacji modu\u0142u sygnalizacyjnego 02801 lub 02802 Bruder 02769 MAN z \u017curawiem i pniami Bruder wiosna [&hellip;]<\/p>\n","protected":false},"featured_media":8179,"comment_status":"closed","ping_status":"open","template":"","meta":[],"product_cat":[83,1076],"product_tag":[706,723,582],"class_list":["post-8178","product","type-product","status-publish","has-post-thumbnail","hentry","product_cat-auta-i-inne-pojazdy-do-zabawy","product_cat-bruder","product_tag-imie-kuba","product_tag-krotkie-bajki-do-czytania-na-dobranoc","product_tag-nauka-pisania-literek-do-wydruku-pdf"],"_links":{"self":[{"href":"http:\/\/klubmamgdynia.pl\/index.php\/wp-json\/wp\/v2\/product\/8178","targetHints":{"allow":["GET"]}}],"collection":[{"href":"http:\/\/klubmamgdynia.pl\/index.php\/wp-json\/wp\/v2\/product"}],"about":[{"href":"http:\/\/klubmamgdynia.pl\/index.php\/wp-json\/wp\/v2\/types\/product"}],"replies":[{"embeddable":true,"href":"http:\/\/klubmamgdynia.pl\/index.php\/wp-json\/wp\/v2\/comments?post=8178"}],"wp:featuredmedia":[{"embeddable":true,"href":"http:\/\/klubmamgdynia.pl\/index.php\/wp-json\/wp\/v2\/media\/8179"}],"wp:attachment":[{"href":"http:\/\/klubmamgdynia.pl\/index.php\/wp-json\/wp\/v2\/media?parent=8178"}],"wp:term":[{"taxonomy":"product_cat","embeddable":true,"href":"http:\/\/klubmamgdynia.pl\/index.php\/wp-json\/wp\/v2\/product_cat?post=8178"},{"taxonomy":"product_tag","embeddable":true,"href":"http:\/\/klubmamgdynia.pl\/index.php\/wp-json\/wp\/v2\/product_tag?post=8178"}],"curies":[{"name":"wp","href":"https:\/\/api.w.org\/{rel}","templated":true}]}}