{"id":818,"date":"2020-06-13T22:53:04","date_gmt":"2020-06-13T20:53:04","guid":{"rendered":"http:\/\/klubmamgdynia.pl\/index.php\/produkt\/leantoys-piaskownica-stolik-z-foremkami-piraci-wiaderka-do-piasku\/"},"modified":"2026-04-05T21:59:39","modified_gmt":"2026-04-05T19:59:39","slug":"leantoys-piaskownica-stolik-z-foremkami-piraci-wiaderka-do-piasku","status":"publish","type":"product","link":"http:\/\/klubmamgdynia.pl\/index.php\/produkt\/leantoys-piaskownica-stolik-z-foremkami-piraci-wiaderka-do-piasku\/","title":{"rendered":"LeanToys Piaskownica Stolik z Foremkami Piraci Wiaderka do Piasku"},"content":{"rendered":"<p>ND24_7066 Piaskownica Stolik z Foremkami Piraci Wi<\/p>\n<h2>LeanToys Piaskownica Stolik z Foremkami Piraci Wiaderka do Piasku Lean Toys<\/h2>\n<p>kanapki dla dzieci, ko\u0142ysanki teksty, opis o rodzinie, kolorowe kanapki kanapki dla dzieci, zagadki wielkanocne przedszkole, rysunki dla pocz\u0105tkuj\u0105cych<\/p>\n<p>yyyyy<\/p>\n<p>&nbsp;<\/p>\n","protected":false},"excerpt":{"rendered":"<p>ND24_7066 Piaskownica Stolik z Foremkami Piraci Wi LeanToys Piaskownica Stolik z Foremkami Piraci Wiaderka do Piasku Lean Toys kanapki dla dzieci, ko\u0142ysanki teksty, opis o rodzinie, kolorowe kanapki kanapki dla dzieci, zagadki wielkanocne przedszkole, rysunki dla pocz\u0105tkuj\u0105cych yyyyy &nbsp;<\/p>\n","protected":false},"featured_media":819,"comment_status":"closed","ping_status":"open","template":"","meta":[],"product_cat":[73,120],"product_tag":[817,740,630,592,767],"class_list":["post-818","product","type-product","status-publish","has-post-thumbnail","hentry","product_cat-lean-toys","product_cat-zabawki-i-gry-sportowe","product_tag-bajka-terapeutyczna-o-emocjach","product_tag-fajne-prezenty-dla-nastolatkow","product_tag-podchwytliwe-zagadki-z-odpowiedziami","product_tag-zagadki-dla-dzieci","product_tag-zaproszenia-urodzinowe-do-druku"],"_links":{"self":[{"href":"http:\/\/klubmamgdynia.pl\/index.php\/wp-json\/wp\/v2\/product\/818","targetHints":{"allow":["GET"]}}],"collection":[{"href":"http:\/\/klubmamgdynia.pl\/index.php\/wp-json\/wp\/v2\/product"}],"about":[{"href":"http:\/\/klubmamgdynia.pl\/index.php\/wp-json\/wp\/v2\/types\/product"}],"replies":[{"embeddable":true,"href":"http:\/\/klubmamgdynia.pl\/index.php\/wp-json\/wp\/v2\/comments?post=818"}],"wp:featuredmedia":[{"embeddable":true,"href":"http:\/\/klubmamgdynia.pl\/index.php\/wp-json\/wp\/v2\/media\/819"}],"wp:attachment":[{"href":"http:\/\/klubmamgdynia.pl\/index.php\/wp-json\/wp\/v2\/media?parent=818"}],"wp:term":[{"taxonomy":"product_cat","embeddable":true,"href":"http:\/\/klubmamgdynia.pl\/index.php\/wp-json\/wp\/v2\/product_cat?post=818"},{"taxonomy":"product_tag","embeddable":true,"href":"http:\/\/klubmamgdynia.pl\/index.php\/wp-json\/wp\/v2\/product_tag?post=818"}],"curies":[{"name":"wp","href":"https:\/\/api.w.org\/{rel}","templated":true}]}}