{"id":8180,"date":"2019-01-16T06:09:46","date_gmt":"2019-01-16T05:09:46","guid":{"rendered":"http:\/\/klubmamgdynia.pl\/index.php\/produkt\/nestle-kaszka-dobranoc-mleczno-ryzowa-gruszka-dla-niemowlat-po-6-miesiacu-230g\/"},"modified":"2026-05-01T13:23:32","modified_gmt":"2026-05-01T11:23:32","slug":"nestle-kaszka-dobranoc-mleczno-ryzowa-gruszka-dla-niemowlat-po-6-miesiacu-230g","status":"publish","type":"product","link":"http:\/\/klubmamgdynia.pl\/index.php\/produkt\/nestle-kaszka-dobranoc-mleczno-ryzowa-gruszka-dla-niemowlat-po-6-miesiacu-230g\/","title":{"rendered":"Nestle Kaszka Dobranoc Mleczno-Ry\u017cowa Gruszka dla niemowl\u0105t po 6 Miesi\u0105cu 230g"},"content":{"rendered":"<h2>Nestle Kaszka Dobranoc Mleczno-Ry\u017cowa Gruszka dla niemowl\u0105t po 6 Miesi\u0105cu 230g Nestle Kaszki<\/h2>\n<p>kolorowe kredki tekst, wierszyki na dobranoc dla dzieci, prezent roczek, prezent na urodziny dla nastolatk\u00f3w, quizy o skokach narciarskich, \u0142atwe ale podchwytliwe zagadki, ko\u0142ysanki tekst, wroc\u0142aw dla dzieci, zagadki rymowanki dla dzieci, mitologia grecka quiz, quiz z bajek, zagadki o owocach, quiz o psie kt\u00f3ry je\u017adzi\u0142 kolej\u0105, kolorowanki kotki, cicha noc po angielsku, znaczenie imiona kinga, z\u0142ote my\u015bli cytaty o szkole i nauce, kalina imi\u0119, miko\u0142ajek quiz, spongebob kolorowanka<\/p>\n<p>yyyyy<\/p>\n<p>&nbsp;<\/p>\n","protected":false},"excerpt":{"rendered":"<p>Nestle Kaszka Dobranoc Mleczno-Ry\u017cowa Gruszka dla niemowl\u0105t po 6 Miesi\u0105cu 230g Nestle Kaszki kolorowe kredki tekst, wierszyki na dobranoc dla dzieci, prezent roczek, prezent na urodziny dla nastolatk\u00f3w, quizy o skokach narciarskich, \u0142atwe ale podchwytliwe zagadki, ko\u0142ysanki tekst, wroc\u0142aw dla dzieci, zagadki rymowanki dla dzieci, mitologia grecka quiz, quiz z bajek, zagadki o owocach, quiz [&hellip;]<\/p>\n","protected":false},"featured_media":8181,"comment_status":"closed","ping_status":"open","template":"","meta":[],"product_cat":[107,1668],"product_tag":[611,609,756,577],"class_list":["post-8180","product","type-product","status-publish","has-post-thumbnail","hentry","product_cat-kaszki-dla-dzieci","product_cat-nestle-kaszki","product_tag-bajki-do-czytania-psi-patrol","product_tag-quiz-flagi-europy","product_tag-zaproszenie-na-urodziny-do-druku","product_tag-znaki-drogowe-test"],"_links":{"self":[{"href":"http:\/\/klubmamgdynia.pl\/index.php\/wp-json\/wp\/v2\/product\/8180","targetHints":{"allow":["GET"]}}],"collection":[{"href":"http:\/\/klubmamgdynia.pl\/index.php\/wp-json\/wp\/v2\/product"}],"about":[{"href":"http:\/\/klubmamgdynia.pl\/index.php\/wp-json\/wp\/v2\/types\/product"}],"replies":[{"embeddable":true,"href":"http:\/\/klubmamgdynia.pl\/index.php\/wp-json\/wp\/v2\/comments?post=8180"}],"wp:featuredmedia":[{"embeddable":true,"href":"http:\/\/klubmamgdynia.pl\/index.php\/wp-json\/wp\/v2\/media\/8181"}],"wp:attachment":[{"href":"http:\/\/klubmamgdynia.pl\/index.php\/wp-json\/wp\/v2\/media?parent=8180"}],"wp:term":[{"taxonomy":"product_cat","embeddable":true,"href":"http:\/\/klubmamgdynia.pl\/index.php\/wp-json\/wp\/v2\/product_cat?post=8180"},{"taxonomy":"product_tag","embeddable":true,"href":"http:\/\/klubmamgdynia.pl\/index.php\/wp-json\/wp\/v2\/product_tag?post=8180"}],"curies":[{"name":"wp","href":"https:\/\/api.w.org\/{rel}","templated":true}]}}