{"id":8182,"date":"2017-09-29T18:14:53","date_gmt":"2017-09-29T16:14:53","guid":{"rendered":"http:\/\/klubmamgdynia.pl\/index.php\/produkt\/the-legend-of-heroes-trails-to-azure-gra-ns\/"},"modified":"2026-05-17T22:24:29","modified_gmt":"2026-05-17T20:24:29","slug":"the-legend-of-heroes-trails-to-azure-gra-ns","status":"publish","type":"product","link":"http:\/\/klubmamgdynia.pl\/index.php\/produkt\/the-legend-of-heroes-trails-to-azure-gra-ns\/","title":{"rendered":"The Legend of Heroes Trails To Azure (Gra NS)"},"content":{"rendered":"<p>0810023038122<\/p>\n<h2>The Legend of Heroes Trails To Azure (Gra NS) Nihon Falcom<\/h2>\n<p>podchwytliwe zagadki, zagadki logiczne matematyczne dla dzieci, atrakcje dla dzieci tr\u00f3jmiasto, zabawy dla 10 latk\u00f3w, bajki terapeutyczne o emocjach, zagadki dla dzieci 10 lat, kolorowanka dla dzieci, maska batmana do druku, sa\u0142atki dla dzieci, co kupi\u0107 na roczek dla ch\u0142opca<\/p>\n<p>yyyyy<\/p>\n<p>&nbsp;<\/p>\n","protected":false},"excerpt":{"rendered":"<p>0810023038122 The Legend of Heroes Trails To Azure (Gra NS) Nihon Falcom podchwytliwe zagadki, zagadki logiczne matematyczne dla dzieci, atrakcje dla dzieci tr\u00f3jmiasto, zabawy dla 10 latk\u00f3w, bajki terapeutyczne o emocjach, zagadki dla dzieci 10 lat, kolorowanka dla dzieci, maska batmana do druku, sa\u0142atki dla dzieci, co kupi\u0107 na roczek dla ch\u0142opca yyyyy &nbsp;<\/p>\n","protected":false},"featured_media":8183,"comment_status":"closed","ping_status":"open","template":"","meta":[],"product_cat":[348,1697],"product_tag":[719,784,739,588,708],"class_list":["post-8182","product","type-product","status-publish","has-post-thumbnail","hentry","product_cat-gry-nintendo-switch","product_cat-nihon-falcom","product_tag-dziecko-cytaty-zlote-mysli","product_tag-hymn-gorniczy","product_tag-prima-aprilis-w-szkole","product_tag-wzruszajace-slowa-dla-przyjaciela","product_tag-zabawy-ruchowe-dla-dzieci"],"_links":{"self":[{"href":"http:\/\/klubmamgdynia.pl\/index.php\/wp-json\/wp\/v2\/product\/8182","targetHints":{"allow":["GET"]}}],"collection":[{"href":"http:\/\/klubmamgdynia.pl\/index.php\/wp-json\/wp\/v2\/product"}],"about":[{"href":"http:\/\/klubmamgdynia.pl\/index.php\/wp-json\/wp\/v2\/types\/product"}],"replies":[{"embeddable":true,"href":"http:\/\/klubmamgdynia.pl\/index.php\/wp-json\/wp\/v2\/comments?post=8182"}],"wp:featuredmedia":[{"embeddable":true,"href":"http:\/\/klubmamgdynia.pl\/index.php\/wp-json\/wp\/v2\/media\/8183"}],"wp:attachment":[{"href":"http:\/\/klubmamgdynia.pl\/index.php\/wp-json\/wp\/v2\/media?parent=8182"}],"wp:term":[{"taxonomy":"product_cat","embeddable":true,"href":"http:\/\/klubmamgdynia.pl\/index.php\/wp-json\/wp\/v2\/product_cat?post=8182"},{"taxonomy":"product_tag","embeddable":true,"href":"http:\/\/klubmamgdynia.pl\/index.php\/wp-json\/wp\/v2\/product_tag?post=8182"}],"curies":[{"name":"wp","href":"https:\/\/api.w.org\/{rel}","templated":true}]}}