{"id":8186,"date":"2023-03-19T13:07:12","date_gmt":"2023-03-19T12:07:12","guid":{"rendered":"http:\/\/klubmamgdynia.pl\/?post_type=product&#038;p=8186"},"modified":"2026-04-07T12:37:48","modified_gmt":"2026-04-07T10:37:48","slug":"gra-planszowa-spin-master-cardinal-games-jumanji-6046542","status":"publish","type":"product","link":"http:\/\/klubmamgdynia.pl\/index.php\/produkt\/gra-planszowa-spin-master-cardinal-games-jumanji-6046542\/","title":{"rendered":"Gra planszowa Spin Master Cardinal Games Jumanji (6046542)"},"content":{"rendered":"<p>\u00a0Spin Master Jumanji\u00a0Szukasz przygody ? Si\u0119gnij po t\u0119 gr\u0119&#8230; do innego \u015bwiata udaj si\u0119Lwi po\u015bcig, starcia nosoro\u017cc\u00f3w i polowanie na krokodyle, to dopiero pocz\u0105tek niebezpiecze\u0144stwa w dzikim \u015bwiecie Jumanji. Rzu\u0107 o\u015bmioboczn\u0105 kostk\u0105, aby sprawdzi\u0107, co Ci\u0119 czeka! Odkrywaj karty niebezpiecze\u0144stwa, sprawdzaj dekodera, aby odczyta\u0107 tajn\u0105 wiadomo\u015b\u0107 i spr\u00f3buj uratowa\u0107 si\u0119 przed ko\u0144cem \u015bwiata! Wszyscy gracze \u015bcigaj\u0105 si\u0119 z czasem, aby prze\u017cy\u0107. D\u017cungla jest przera\u017caj\u0105ca. Je\u015bli pola ko\u0144ca \u015bwiata wype\u0142ni\u0105 si\u0119, d\u017cungla pokona ciebie i twoich wsp\u00f3\u0142graczy &#8211; wszyscy przegrywacie. Je\u015bli pierwszy dotrzesz do centrum planszy, krzyknij &#8222;Jumanji!&#8221; i wygraj!\u00a0                            <\/p>\n<p>\u00a0Uwaga poszukiwacze przyg\u00f3d: nie rozpoczynajcie tej gry, je\u015bli nie macie zamiaru doprowadzi\u0107 jej do ko\u0144ca.Podczas tej epickiej przygody niebezpiecze\u0144stwo czai si\u0119 na ka\u017cdym kroku. Rozszyfruj tajne wiadomo\u015bci i \u015bcigaj si\u0119 z czasem \u2013 rzucaj kostk\u0105, kt\u00f3ra mo\u017ce uratowa\u0107 Ciebie oraz pozosta\u0142ych graczy przed szcz\u0119kami niebezpiecznego krokodyla, ugryzieniem dzikiego lwa lub atakiem tr\u0105bi\u0105cych s\u0142oni.\u00a0<br \/>\nUtrudnij gr\u0119 swoim przeciwnikom poprzez strategiczne umieszczanie na ich drodze szalej\u0105cego nosoro\u017cca, gdy b\u0119dziesz si\u0119 zbli\u017ca\u0107 do \u015brodka planszy. Je\u015bli si\u0119 odwa\u017cysz, wejd\u017a do \u015bwiata Jumanji, ale pami\u0119taj, \u017ce d\u017cungla mo\u017ce nie wypu\u015bci\u0107 Ci\u0119 ju\u017c ze swoich szpon\u00f3w.Gra oraz pude\u0142ko w polskiej wersji j\u0119zykowej.\u00a0                            <\/p>\n<p>\u00a0Zawarto\u015b\u0107 pude\u0142ka:<br \/>\nPlansza4 drewniane pionkiFigurka nosoro\u017ccaKlepsydraKostka z cyframi4 kostki ratunkowe30 kart niebezpiecze\u0144stwaDekoder kartArkusz do oznaczaniaInstrukcja\u00a0<\/p>\n<h2>Gra planszowa Spin Master Cardinal Games Jumanji (6046542) Spin Master<\/h2>\n<p>\u015bmieszne \u0142ama\u0144ce j\u0119zykowe, piosenka na dzie\u0144 mamy tekst, stare wiersze dla dzieci, prima aprilis w szkole, kolorowanka do wydruku, w\u0142ochy, atrakcje dla dzieci wroc\u0142aw, quizy dla przedszkolak\u00f3w, peppa do czytania, kolorowanka wakacje, kolorowanki dla ch\u0142opc\u00f3w, wierszyki na \u015bmigus dyngus<\/p>\n<p>yyyyy<\/p>\n<p>&nbsp;<\/p>\n","protected":false},"excerpt":{"rendered":"<p>\u00a0Spin Master Jumanji\u00a0Szukasz przygody ? Si\u0119gnij po t\u0119 gr\u0119&#8230; do innego \u015bwiata udaj si\u0119Lwi po\u015bcig, starcia nosoro\u017cc\u00f3w i polowanie na krokodyle, to dopiero pocz\u0105tek niebezpiecze\u0144stwa w dzikim \u015bwiecie Jumanji. Rzu\u0107 o\u015bmioboczn\u0105 kostk\u0105, aby sprawdzi\u0107, co Ci\u0119 czeka! Odkrywaj karty niebezpiecze\u0144stwa, sprawdzaj dekodera, aby odczyta\u0107 tajn\u0105 wiadomo\u015b\u0107 i spr\u00f3buj uratowa\u0107 si\u0119 przed ko\u0144cem \u015bwiata! Wszyscy gracze [&hellip;]<\/p>\n","protected":false},"featured_media":8187,"comment_status":"closed","ping_status":"open","template":"","meta":[],"product_cat":[235,94],"product_tag":[833,831,580,638,745],"class_list":["post-8186","product","type-product","status-publish","has-post-thumbnail","hentry","product_cat-gry-planszowe","product_cat-spin-master","product_tag-bajki-dla-dzieci-do-czytania","product_tag-bruno","product_tag-janusz","product_tag-miastodzieci","product_tag-prezent-dla-15-latki"],"_links":{"self":[{"href":"http:\/\/klubmamgdynia.pl\/index.php\/wp-json\/wp\/v2\/product\/8186","targetHints":{"allow":["GET"]}}],"collection":[{"href":"http:\/\/klubmamgdynia.pl\/index.php\/wp-json\/wp\/v2\/product"}],"about":[{"href":"http:\/\/klubmamgdynia.pl\/index.php\/wp-json\/wp\/v2\/types\/product"}],"replies":[{"embeddable":true,"href":"http:\/\/klubmamgdynia.pl\/index.php\/wp-json\/wp\/v2\/comments?post=8186"}],"wp:featuredmedia":[{"embeddable":true,"href":"http:\/\/klubmamgdynia.pl\/index.php\/wp-json\/wp\/v2\/media\/8187"}],"wp:attachment":[{"href":"http:\/\/klubmamgdynia.pl\/index.php\/wp-json\/wp\/v2\/media?parent=8186"}],"wp:term":[{"taxonomy":"product_cat","embeddable":true,"href":"http:\/\/klubmamgdynia.pl\/index.php\/wp-json\/wp\/v2\/product_cat?post=8186"},{"taxonomy":"product_tag","embeddable":true,"href":"http:\/\/klubmamgdynia.pl\/index.php\/wp-json\/wp\/v2\/product_tag?post=8186"}],"curies":[{"name":"wp","href":"https:\/\/api.w.org\/{rel}","templated":true}]}}