{"id":8190,"date":"2024-11-17T06:32:45","date_gmt":"2024-11-17T05:32:45","guid":{"rendered":"http:\/\/klubmamgdynia.pl\/?post_type=product&#038;p=8190"},"modified":"2026-04-05T19:35:50","modified_gmt":"2026-04-05T17:35:50","slug":"ramiz-audi-quatro-tt-rs-bialy","status":"publish","type":"product","link":"http:\/\/klubmamgdynia.pl\/index.php\/produkt\/ramiz-audi-quatro-tt-rs-bialy\/","title":{"rendered":"Ramiz Audi Quatro Tt Rs Bia\u0142y"},"content":{"rendered":"<p>Zalety:realizujesz marzenia Twojego dziecka o w\u0142asnym samochodzie,Klakson w kierownicyr\u00f3\u017cne mo\u017cliwo\u015bci &#8230; (zobacz wi\u0119cej)<\/p>\n<h2>Ramiz Audi Quatro Tt Rs Bia\u0142y Ramiz<\/h2>\n<p>kanapki na urodziny dziecka, znaczenie imienia milosz, m\u0105dre prezenty dla 7 latki, wierszyk o choince, znane misie z bajek, filmy rodzinne na halloween, sybilla, cytaty rodzina, co kupi\u0107 dziewczynce na roczek<\/p>\n<p>yyyyy<\/p>\n<p>&nbsp;<\/p>\n","protected":false},"excerpt":{"rendered":"<p>Zalety:realizujesz marzenia Twojego dziecka o w\u0142asnym samochodzie,Klakson w kierownicyr\u00f3\u017cne mo\u017cliwo\u015bci &#8230; (zobacz wi\u0119cej) Ramiz Audi Quatro Tt Rs Bia\u0142y Ramiz kanapki na urodziny dziecka, znaczenie imienia milosz, m\u0105dre prezenty dla 7 latki, wierszyk o choince, znane misie z bajek, filmy rodzinne na halloween, sybilla, cytaty rodzina, co kupi\u0107 dziewczynce na roczek yyyyy &nbsp;<\/p>\n","protected":false},"featured_media":8191,"comment_status":"closed","ping_status":"open","template":"","meta":[],"product_cat":[36,24],"product_tag":[650,723,858,745,872],"class_list":["post-8190","product","type-product","status-publish","has-post-thumbnail","hentry","product_cat-ramiz","product_cat-samochody-dla-dzieci","product_tag-choinka-z-bibuly","product_tag-krotkie-bajki-do-czytania-na-dobranoc","product_tag-podchwytliwe-zagadki","product_tag-prezent-dla-15-latki","product_tag-zagadki-dla-dzieci-6-lat"],"_links":{"self":[{"href":"http:\/\/klubmamgdynia.pl\/index.php\/wp-json\/wp\/v2\/product\/8190","targetHints":{"allow":["GET"]}}],"collection":[{"href":"http:\/\/klubmamgdynia.pl\/index.php\/wp-json\/wp\/v2\/product"}],"about":[{"href":"http:\/\/klubmamgdynia.pl\/index.php\/wp-json\/wp\/v2\/types\/product"}],"replies":[{"embeddable":true,"href":"http:\/\/klubmamgdynia.pl\/index.php\/wp-json\/wp\/v2\/comments?post=8190"}],"wp:featuredmedia":[{"embeddable":true,"href":"http:\/\/klubmamgdynia.pl\/index.php\/wp-json\/wp\/v2\/media\/8191"}],"wp:attachment":[{"href":"http:\/\/klubmamgdynia.pl\/index.php\/wp-json\/wp\/v2\/media?parent=8190"}],"wp:term":[{"taxonomy":"product_cat","embeddable":true,"href":"http:\/\/klubmamgdynia.pl\/index.php\/wp-json\/wp\/v2\/product_cat?post=8190"},{"taxonomy":"product_tag","embeddable":true,"href":"http:\/\/klubmamgdynia.pl\/index.php\/wp-json\/wp\/v2\/product_tag?post=8190"}],"curies":[{"name":"wp","href":"https:\/\/api.w.org\/{rel}","templated":true}]}}