{"id":8192,"date":"2013-11-19T14:37:32","date_gmt":"2013-11-19T13:37:32","guid":{"rendered":"http:\/\/klubmamgdynia.pl\/index.php\/produkt\/lisciani-kids-love-monsters-rosnace-potworki\/"},"modified":"2026-04-05T21:16:15","modified_gmt":"2026-04-05T19:16:15","slug":"lisciani-kids-love-monsters-rosnace-potworki","status":"publish","type":"product","link":"http:\/\/klubmamgdynia.pl\/index.php\/produkt\/lisciani-kids-love-monsters-rosnace-potworki\/","title":{"rendered":"Lisciani Kids Love Monsters Rosn\u0105ce Potworki"},"content":{"rendered":"<p>KIDS LOVE MONSTERS ROSN\u0104CE POTWORKIRosn\u0105ce Potworki to niesamowity zestaw, dzi\u0119ki kt\u00f3remu dziecko prze\u017cyje fantastyczne do\u015bwiadczenie naukowe w towarzystwie sympatycznych potwork\u00f3w. W opakowaniu znajduje si\u0119 wszystko, co jest niezb\u0119dne do wyhodowania potwork\u00f3w w specjalnych pojemnikach. Opakowanie zawiera r\u00f3wnie\u017c wyj\u0105tkowy tr\u00f3jwymiarowy las, w kt\u00f3rym mo\u017cna wystawi\u0107 i przechowywa\u0107 potworki. Podr\u0119cznik krok po kroku wyja\u015bnia, jak wykona\u0107 te oryginalne i zabawne eksperymenty powi\u0119kszania potwor\u00f3w w spos\u00f3b prosty i bezpieczny.Kids Love Monsters to wyj\u0105tkowa seria, kt\u00f3ra zosta\u0142a zainspirowana niezwyk\u0142a fascynacj\u0105 dzieci w kierunku wszystkiego co jest dziwne. Potwory mo\u017ce i strasz\u0105, ale niezwykle do siebie przyci\u0105gaj\u0105 i skutecznie rozbudzaj\u0105 ciekawo\u015b\u0107 i wyobra\u017ani\u0119 w\u015br\u00f3d m\u0142odych umys\u0142\u00f3w. W ramach tej serii dzieci s\u0105 zach\u0119cane do zapoznania si\u0119 z niecodziennym \u015bwiatem potwor\u00f3w i do m\u00f3wienia ich j\u0119zykiem.8+39.0 x 7.0 x 27.5<\/p>\n<h2>Lisciani Kids Love Monsters Rosn\u0105ce Potworki Lisciani<\/h2>\n<p>nadia imi\u0119, zagadki logiczne i odpowiedzi, konie quiz, prezent dla 7 latka ch\u0142opca, zagadki matematyczne, zagadki liczbowe, test magiczne drzewo czerwone krzes\u0142o, kolorowanki samochody, kolorowanki do druku dla doros\u0142ych, bajki dla dzieci na dobranoc do czytania, kolorowanka antystresowa, trudne zagadki logiczne z odpowiedziami, pomys\u0142 na roczek, okolice wroc\u0142awia, gra kulki, prezenty dla nastolatk\u00f3w na dzie\u0144 dziecka, urodziny dziecka pomys\u0142y<\/p>\n<p>yyyyy<\/p>\n<p>&nbsp;<\/p>\n","protected":false},"excerpt":{"rendered":"<p>KIDS LOVE MONSTERS ROSN\u0104CE POTWORKIRosn\u0105ce Potworki to niesamowity zestaw, dzi\u0119ki kt\u00f3remu dziecko prze\u017cyje fantastyczne do\u015bwiadczenie naukowe w towarzystwie sympatycznych potwork\u00f3w. W opakowaniu znajduje si\u0119 wszystko, co jest niezb\u0119dne do wyhodowania potwork\u00f3w w specjalnych pojemnikach. Opakowanie zawiera r\u00f3wnie\u017c wyj\u0105tkowy tr\u00f3jwymiarowy las, w kt\u00f3rym mo\u017cna wystawi\u0107 i przechowywa\u0107 potworki. Podr\u0119cznik krok po kroku wyja\u015bnia, jak wykona\u0107 te [&hellip;]<\/p>\n","protected":false},"featured_media":8193,"comment_status":"closed","ping_status":"open","template":"","meta":[],"product_cat":[362,21],"product_tag":[838,673,835,803,872,756],"class_list":["post-8192","product","type-product","status-publish","has-post-thumbnail","hentry","product_cat-lisciani","product_cat-zabawki-plastyczne","product_tag-bajki-dla-dzieci-na-dobranoc","product_tag-juz-blisko-koleda-tekst","product_tag-radosc-dziecka-cytaty","product_tag-szlaczki-do-druku","product_tag-zagadki-dla-dzieci-6-lat","product_tag-zaproszenie-na-urodziny-do-druku"],"_links":{"self":[{"href":"http:\/\/klubmamgdynia.pl\/index.php\/wp-json\/wp\/v2\/product\/8192","targetHints":{"allow":["GET"]}}],"collection":[{"href":"http:\/\/klubmamgdynia.pl\/index.php\/wp-json\/wp\/v2\/product"}],"about":[{"href":"http:\/\/klubmamgdynia.pl\/index.php\/wp-json\/wp\/v2\/types\/product"}],"replies":[{"embeddable":true,"href":"http:\/\/klubmamgdynia.pl\/index.php\/wp-json\/wp\/v2\/comments?post=8192"}],"wp:featuredmedia":[{"embeddable":true,"href":"http:\/\/klubmamgdynia.pl\/index.php\/wp-json\/wp\/v2\/media\/8193"}],"wp:attachment":[{"href":"http:\/\/klubmamgdynia.pl\/index.php\/wp-json\/wp\/v2\/media?parent=8192"}],"wp:term":[{"taxonomy":"product_cat","embeddable":true,"href":"http:\/\/klubmamgdynia.pl\/index.php\/wp-json\/wp\/v2\/product_cat?post=8192"},{"taxonomy":"product_tag","embeddable":true,"href":"http:\/\/klubmamgdynia.pl\/index.php\/wp-json\/wp\/v2\/product_tag?post=8192"}],"curies":[{"name":"wp","href":"https:\/\/api.w.org\/{rel}","templated":true}]}}