{"id":8194,"date":"2011-10-23T04:23:32","date_gmt":"2011-10-23T02:23:32","guid":{"rendered":"http:\/\/klubmamgdynia.pl\/index.php\/produkt\/bioliq-dermo-pro-serum-intensywnie-rewitalizujace-30ml\/"},"modified":"2026-04-05T20:26:07","modified_gmt":"2026-04-05T18:26:07","slug":"bioliq-dermo-pro-serum-intensywnie-rewitalizujace-30ml","status":"publish","type":"product","link":"http:\/\/klubmamgdynia.pl\/index.php\/produkt\/bioliq-dermo-pro-serum-intensywnie-rewitalizujace-30ml\/","title":{"rendered":"BIOLIQ DERMO PRO Serum intensywnie rewitalizuj\u0105ce 30ml"},"content":{"rendered":"<p>BIOLIQ DERMO INTENSYWNE SERUM REWITALIZUJ\u0104CE 30ML<\/p>\n<p>Preparat zawiera ekstrakt z kawioru, kt\u00f3ry jest bogatym \u017ar\u00f3d\u0142em protein, lipid\u00f3w, witamin i minera\u0142\u00f3w.Stymuluje rewitalizacje sk\u00f3ry: aktywnie od\u017cywia, regeneruje i nawil\u017ca, co znacz\u0105co poprawia jej wygl\u0105d i kondycj\u0119. Dzi\u0119ki obecno\u015bci sk\u0142adnika aktywnego, wyizolowanego z korzeni tarczycy bajkalskiej, poprawia j\u0119drno\u015b\u0107 i elastyczno\u015b\u0107, jednocze\u015bnie hamuj\u0105c starzenie kom\u00f3rek sk\u00f3ry na drodze enzymatycznej, poprzez zwi\u0119kszenie liczby podzia\u0142\u00f3w kom\u00f3rkowych. Oddzia\u0142ywuj\u0105c na metabolizm preadipocet\u00f3w i adipopcyt\u00f3w, znacz\u0105co redukuje podw\u00f3jny podbr\u00f3dek, co widocznie wp\u0142ywa na kontur twarzy. Dodatkowo wyr\u00f3wnuje koloryt sk\u00f3ry, rozja\u015bniaj\u0105c przebarwienia i niewielkie plamki.                            <\/p>\n<p>            DZIA\u0141ANIE:<\/p>\n<p>Bioliq Dermo Intensywne serum rewitalizuj\u0105ce opr\u00f3cz ekstraktu z kawioru zawiera starannie wyselekcjonowany sk\u0142adnik aktywny uzyskiwany z korzenia tarczycy bajkalskiej, kt\u00f3ry przynosi spektakularne efekty piel\u0119gnacyjne. Preparat wyra\u017anie poprawia j\u0119drno\u015b\u0107 i elastyczno\u015b\u0107 sk\u00f3ry, zapobiega i minimalizuje tzw. &#8222;drugi podbr\u00f3dek&#8221;, wyg\u0142adza zmarszczki i hamuje starzenie si\u0119 kom\u00f3rek sk\u00f3ry, pomaga modelowa\u0107 owal twarzy, wyr\u00f3wnuje koloryt, rozja\u015bnia przebarwienia i niewielkie plamki na sk\u00f3rze. Serum, dzi\u0119ki swej \u017celowej konsystencji \u015bwietnie si\u0119 wch\u0142ania, wyg\u0142adza nask\u00f3rek, lekko nat\u0142uszcza i zapewnia komfort sk\u00f3rze. Pi\u0119knie pachnie, jest bardzo wydajne, buteleczka dermokosmetyku przy codziennym u\u017cyciu wystarcza na trzy miesi\u0105ce kuracji. Serum zamkni\u0119tej jest w szklanej buteleczce, do kosmetyku do\u0142\u0105czona jest wygodna pipetka.                            <\/p>\n<p>            SK\u0141AD:<\/p>\n<p>Serum zawiera niezwykle ceniony sk\u0142adnik: od\u017cywczy ekstrakt z kawioru (Acipenser spp.), kt\u00f3ry jest bogatym \u017ar\u00f3d\u0142em protein, lipid\u00f3w, witamin oraz minera\u0142\u00f3w.<\/p>\n<h2>BIOLIQ DERMO PRO Serum intensywnie rewitalizuj\u0105ce 30ml Bioliq<\/h2>\n<p>bajka na dobranoc do czytania, lidia imie, ja\u015bmina imi\u0119, leonardo imi\u0119<\/p>\n<p>yyyyy<\/p>\n<p>&nbsp;<\/p>\n","protected":false},"excerpt":{"rendered":"<p>BIOLIQ DERMO INTENSYWNE SERUM REWITALIZUJ\u0104CE 30ML Preparat zawiera ekstrakt z kawioru, kt\u00f3ry jest bogatym \u017ar\u00f3d\u0142em protein, lipid\u00f3w, witamin i minera\u0142\u00f3w.Stymuluje rewitalizacje sk\u00f3ry: aktywnie od\u017cywia, regeneruje i nawil\u017ca, co znacz\u0105co poprawia jej wygl\u0105d i kondycj\u0119. Dzi\u0119ki obecno\u015bci sk\u0142adnika aktywnego, wyizolowanego z korzeni tarczycy bajkalskiej, poprawia j\u0119drno\u015b\u0107 i elastyczno\u015b\u0107, jednocze\u015bnie hamuj\u0105c starzenie kom\u00f3rek sk\u00f3ry na drodze enzymatycznej, [&hellip;]<\/p>\n","protected":false},"featured_media":8195,"comment_status":"closed","ping_status":"open","template":"","meta":[],"product_cat":[1237,134],"product_tag":[668,749,579],"class_list":["post-8194","product","type-product","status-publish","has-post-thumbnail","hentry","product_cat-bioliq","product_cat-dermokosmetyki","product_tag-atrakcje-dla-dzieci-wroclaw","product_tag-najlepsze-zarty-na-prima-aprilis","product_tag-quiz-opowiesci-z-narnii-lew-czarownica-i-stara-szafa"],"_links":{"self":[{"href":"http:\/\/klubmamgdynia.pl\/index.php\/wp-json\/wp\/v2\/product\/8194","targetHints":{"allow":["GET"]}}],"collection":[{"href":"http:\/\/klubmamgdynia.pl\/index.php\/wp-json\/wp\/v2\/product"}],"about":[{"href":"http:\/\/klubmamgdynia.pl\/index.php\/wp-json\/wp\/v2\/types\/product"}],"replies":[{"embeddable":true,"href":"http:\/\/klubmamgdynia.pl\/index.php\/wp-json\/wp\/v2\/comments?post=8194"}],"wp:featuredmedia":[{"embeddable":true,"href":"http:\/\/klubmamgdynia.pl\/index.php\/wp-json\/wp\/v2\/media\/8195"}],"wp:attachment":[{"href":"http:\/\/klubmamgdynia.pl\/index.php\/wp-json\/wp\/v2\/media?parent=8194"}],"wp:term":[{"taxonomy":"product_cat","embeddable":true,"href":"http:\/\/klubmamgdynia.pl\/index.php\/wp-json\/wp\/v2\/product_cat?post=8194"},{"taxonomy":"product_tag","embeddable":true,"href":"http:\/\/klubmamgdynia.pl\/index.php\/wp-json\/wp\/v2\/product_tag?post=8194"}],"curies":[{"name":"wp","href":"https:\/\/api.w.org\/{rel}","templated":true}]}}