{"id":8196,"date":"2019-10-01T23:28:52","date_gmt":"2019-10-01T21:28:52","guid":{"rendered":"http:\/\/klubmamgdynia.pl\/index.php\/produkt\/siku-super-ram-1500-z-kompresorem-s3505\/"},"modified":"2026-05-17T22:23:47","modified_gmt":"2026-05-17T20:23:47","slug":"siku-super-ram-1500-z-kompresorem-s3505","status":"publish","type":"product","link":"http:\/\/klubmamgdynia.pl\/index.php\/produkt\/siku-super-ram-1500-z-kompresorem-s3505\/","title":{"rendered":"Siku Super Ram 1500 Z Kompresorem S3505"},"content":{"rendered":"<p>RAM 1500 to m\u0142ot parowy w\u015br\u00f3d ameryka\u0144skich pickup\u00f3w. Osiem cylindr\u00f3w i moc wystarczaj\u0105ca r\u00f3wnie\u017c do pracy jako ci\u0105gnik na budowie. Pickup ma przyczep\u0119 ze spr\u0119\u017cark\u0105 na haku. W rezultacie mobilna ekipa jest szybko dost\u0119pna na miejscu wsz\u0119dzie tam, gdzie trzeba sku\u0107 nawierzchni\u0119 drogi za pomoc\u0105 m\u0142ota pneumatycznego. W\u0142\u0105czy\u0107 spr\u0119\u017cark\u0119, podnie\u015b\u0107 os\u0142on\u0119 silnika spr\u0119\u017carki w celu zapewnienia ch\u0142odzenia, za\u0142o\u017cy\u0107 kask i ochron\u0119 s\u0142uchu &#8211; i mo\u017cna rozpocz\u0105\u0107 prac\u0119. \u017b\u00f3\u0142to-pomara\u0144czowa kolorystyka sprawia, \u017ce ekipa budowlana jest widoczna z daleka. Bariery i s\u0142upki zawarte w zestawie zabezpieczaj\u0105 dodatkowo teren budowy. Z \u0142adowark\u0105 ko\u0142ow\u0105 Liebherr L580 2plus2 (3533), wywrotk\u0105 Wacker Neuson DW 60 (3509) i pojazdem Mercedes-Benz Atego z d\u017awigiem (3534) SIKU ma w swojej flocie ci\u0119\u017cki sprz\u0119t budowlany i pojazdy budowlane. NAZWA SIKU SUPER &#8211; RAM 1500 Z KOMPRESOREM I AKCES S3505 PRODUCENT TREFL WIEK 3+ EAN 4006874035052 Znajd\u017a podobne wed\u0142ug klucza: TREFL SIKU SIKU_SUPER SUPER (306128)<\/p>\n<h2>Siku Super Ram 1500 Z Kompresorem S3505 Siku<\/h2>\n<p>maski superbohater\u00f3w do wydrukowania, quiz z ma\u0142ego ksi\u0119cia, gry dla m\u0142odzie\u017cy, koty kolorowanki do druku, stare wierszyki dla dzieci, pokemon kolorowanki, misie z film\u00f3w animowanych, spongebob kolorowanka<\/p>\n<p>yyyyy<\/p>\n<p>&nbsp;<\/p>\n","protected":false},"excerpt":{"rendered":"<p>RAM 1500 to m\u0142ot parowy w\u015br\u00f3d ameryka\u0144skich pickup\u00f3w. Osiem cylindr\u00f3w i moc wystarczaj\u0105ca r\u00f3wnie\u017c do pracy jako ci\u0105gnik na budowie. Pickup ma przyczep\u0119 ze spr\u0119\u017cark\u0105 na haku. W rezultacie mobilna ekipa jest szybko dost\u0119pna na miejscu wsz\u0119dzie tam, gdzie trzeba sku\u0107 nawierzchni\u0119 drogi za pomoc\u0105 m\u0142ota pneumatycznego. W\u0142\u0105czy\u0107 spr\u0119\u017cark\u0119, podnie\u015b\u0107 os\u0142on\u0119 silnika spr\u0119\u017carki w celu [&hellip;]<\/p>\n","protected":false},"featured_media":8197,"comment_status":"closed","ping_status":"open","template":"","meta":[],"product_cat":[83,300],"product_tag":[580,697,783,602,843,873],"class_list":["post-8196","product","type-product","status-publish","has-post-thumbnail","hentry","product_cat-auta-i-inne-pojazdy-do-zabawy","product_cat-siku","product_tag-janusz","product_tag-krotkie-bajki-do-czytania","product_tag-prezenty-na-roczek-dla-chlopca","product_tag-quiz-o-zwierzetach-domowych","product_tag-smieszne-zagadki-dla-dzieci","product_tag-zagadki-z-odpowiedziami-dla-dzieci"],"_links":{"self":[{"href":"http:\/\/klubmamgdynia.pl\/index.php\/wp-json\/wp\/v2\/product\/8196","targetHints":{"allow":["GET"]}}],"collection":[{"href":"http:\/\/klubmamgdynia.pl\/index.php\/wp-json\/wp\/v2\/product"}],"about":[{"href":"http:\/\/klubmamgdynia.pl\/index.php\/wp-json\/wp\/v2\/types\/product"}],"replies":[{"embeddable":true,"href":"http:\/\/klubmamgdynia.pl\/index.php\/wp-json\/wp\/v2\/comments?post=8196"}],"wp:featuredmedia":[{"embeddable":true,"href":"http:\/\/klubmamgdynia.pl\/index.php\/wp-json\/wp\/v2\/media\/8197"}],"wp:attachment":[{"href":"http:\/\/klubmamgdynia.pl\/index.php\/wp-json\/wp\/v2\/media?parent=8196"}],"wp:term":[{"taxonomy":"product_cat","embeddable":true,"href":"http:\/\/klubmamgdynia.pl\/index.php\/wp-json\/wp\/v2\/product_cat?post=8196"},{"taxonomy":"product_tag","embeddable":true,"href":"http:\/\/klubmamgdynia.pl\/index.php\/wp-json\/wp\/v2\/product_tag?post=8196"}],"curies":[{"name":"wp","href":"https:\/\/api.w.org\/{rel}","templated":true}]}}