{"id":8198,"date":"2012-12-09T15:37:51","date_gmt":"2012-12-09T14:37:51","guid":{"rendered":"http:\/\/klubmamgdynia.pl\/index.php\/produkt\/leantoys-auto-terenowe-zdalnie-sterowane-2-4g-4x4-purpurowe-57cm\/"},"modified":"2026-05-17T22:10:30","modified_gmt":"2026-05-17T20:10:30","slug":"leantoys-auto-terenowe-zdalnie-sterowane-2-4g-4x4-purpurowe-57cm","status":"publish","type":"product","link":"http:\/\/klubmamgdynia.pl\/index.php\/produkt\/leantoys-auto-terenowe-zdalnie-sterowane-2-4g-4x4-purpurowe-57cm\/","title":{"rendered":"LeanToys Auto Terenowe Zdalnie Sterowane 2.4G 4&#215;4 Purpurowe 57cm"},"content":{"rendered":"<p>Auto Terenowe Zdalnie Sterowane 2.4G 4&#215;4 Purpurowe 57cmJe\u015bli lubisz terenowe wyprawy, a przede wszystkim auta to ten zdalny pojazd jest dla Ciebie. Wygl\u0105d i funkcje zachwyc\u0105 niejednego ma\u0142ego odkrywce dr\u00f3g. Przedstawiony model wykonany jest w skali 1:6, dzi\u0119ki czemu wygl\u0105da niesamowicie realnie. Zdalnie sterowany pojazd wp\u0142ynie na prawid\u0142owe rozwijanie w dziecku takich umiej\u0119tno\u015bci jak sterowanie samochodem, a tak\u017ce wzmocnienie koncentracji i rozwini\u0119cie zdolno\u015bci manualnych.Konstrukcja auta jest odporna na wstrz\u0105sy i upadki oraz sprawia \u017ce auto ma lepsze osi\u0105gi podczas jazdy. Wysoka si\u0142a amortyzatora pozwoli na pokonanie drogi z wzniesieniami. Mi\u0119kkie, gumowe ko\u0142a pojazdu gwarantuj\u0105 du\u017c\u0105 przyczepno\u015b\u0107 auta do r\u00f3\u017cnego rodzaju pod\u0142o\u017ca.W zestawie znajduje si\u0119 wygodny i precyzyjny kontroler. Je\u015bli kiedykolwiek sterowa\u0142e\u015b profesjonalnym autem, wiesz, \u017ce tego typu pilot pozwala czerpa\u0107 maksymaln\u0105 przyjemno\u015b\u0107 z jazdy. Bezprzewodowy pilot, do\u0142\u0105czony do zestawu, pracuje na cz\u0119stotliwo\u015bci 2.4 GHz, dzi\u0119ki czemu mo\u017cna \u015bciga\u0107 si\u0119 w wi\u0119kszym gronie bez obaw o wzajemne zak\u0142\u00f3cenia.Specyfikacja:- Kolory: czarny, pomara\u0144czowy, bia\u0142y, purpurowy- Materia\u0142y: metal, elementy elektroniczne, guma, tworzywo sztuczne- Skala: 1:6- Nap\u0119d: 4&#215;4- Bateria litowa: 7.4 V 1200 mAh- Cz\u0119stotliwo\u015b\u0107: 2.4G- Czas zdalnego sterowania: 25-30 minut- Czas \u0142adowania: 2-3 godzin- Zasilanie kontrolera do zdalnego sterowania: 2 baterie AA 1.5V (brak w zestawie)- Wiek dziecka: powy\u017cej 6. roku \u017cycia- Rozstaw k\u00f3\u0142: 25 cm- \u015arednica ko\u0142a: 13.5 cmElementy zestawu:- auto terenowe zdalnie sterowane- pilot do zdalnego sterowania- akumulator 7.4V- \u0142adowarka USBWymiary wybranych element\u00f3w zestawu:- auto terenowe zdalnie sterowane: 57 cm x 32.5 cm x 30 cm- pilot do zdalnego sterowania: 19 cm x 16 cm x 7 cmWymiary pude\u0142ka:65 cm x 40 cm x 33.5 cmZabawka przeznaczona jest dla dzieci powy\u017cej 6. roku \u017cycia. Zestaw posiada certyfikat CE i jest zgodny z norm\u0105 EN 71. Zapakowany jest w kartonik z przezroczyst\u0105 witrynk\u0105, dzi\u0119ki czemu nadaje si\u0119 idealnie na prezent.<\/p>\n<h2>LeanToys Auto Terenowe Zdalnie Sterowane 2.4G 4&#215;4 Purpurowe 57cm Lean Toys<\/h2>\n<p>zagadki dla dzieci 10 lat, pa\u0144stwa europy i ich stolice quiz, quiz o hobbicie, kolorowanka peppa, test z lektury narnia lew czarownica i stara szafa, zagadki zagadki, jakie s\u0105 dary jesieni, bajka dla niemowlaka, bo\u017ce narodzenie (film), test z lektury asiunia joanna papuzi\u0144ska, minecraft quiz, fajne zagadki dla dzieci, znaczenie imienia marcel, w\u0119gierska g\u00f3rka, wiosna kolorowanka do druku, rzadkie imiona japo\u0144skie, zagadki dla 3 latka, dzie\u0144 matki w\u0142asnor\u0119czny prezent dla mamy od dziecka, szymon znaczenie imiona<\/p>\n<p>yyyyy<\/p>\n<p>&nbsp;<\/p>\n","protected":false},"excerpt":{"rendered":"<p>Auto Terenowe Zdalnie Sterowane 2.4G 4&#215;4 Purpurowe 57cmJe\u015bli lubisz terenowe wyprawy, a przede wszystkim auta to ten zdalny pojazd jest dla Ciebie. Wygl\u0105d i funkcje zachwyc\u0105 niejednego ma\u0142ego odkrywce dr\u00f3g. Przedstawiony model wykonany jest w skali 1:6, dzi\u0119ki czemu wygl\u0105da niesamowicie realnie. Zdalnie sterowany pojazd wp\u0142ynie na prawid\u0142owe rozwijanie w dziecku takich umiej\u0119tno\u015bci jak sterowanie [&hellip;]<\/p>\n","protected":false},"featured_media":8199,"comment_status":"closed","ping_status":"open","template":"","meta":[],"product_cat":[73,337],"product_tag":[662,654,640,609,653,615],"class_list":["post-8198","product","type-product","status-publish","has-post-thumbnail","hentry","product_cat-lean-toys","product_cat-zabawki-zdalnie-sterowane","product_tag-bajki-na-dobranoc","product_tag-krotkie-bajki-dla-dzieci-do-czytania","product_tag-prezent-dla-rocznej-dziewczynki","product_tag-quiz-flagi-europy","product_tag-warszawa-dla-dzieci","product_tag-znane-misie-z-filmow-animowanych"],"_links":{"self":[{"href":"http:\/\/klubmamgdynia.pl\/index.php\/wp-json\/wp\/v2\/product\/8198","targetHints":{"allow":["GET"]}}],"collection":[{"href":"http:\/\/klubmamgdynia.pl\/index.php\/wp-json\/wp\/v2\/product"}],"about":[{"href":"http:\/\/klubmamgdynia.pl\/index.php\/wp-json\/wp\/v2\/types\/product"}],"replies":[{"embeddable":true,"href":"http:\/\/klubmamgdynia.pl\/index.php\/wp-json\/wp\/v2\/comments?post=8198"}],"wp:featuredmedia":[{"embeddable":true,"href":"http:\/\/klubmamgdynia.pl\/index.php\/wp-json\/wp\/v2\/media\/8199"}],"wp:attachment":[{"href":"http:\/\/klubmamgdynia.pl\/index.php\/wp-json\/wp\/v2\/media?parent=8198"}],"wp:term":[{"taxonomy":"product_cat","embeddable":true,"href":"http:\/\/klubmamgdynia.pl\/index.php\/wp-json\/wp\/v2\/product_cat?post=8198"},{"taxonomy":"product_tag","embeddable":true,"href":"http:\/\/klubmamgdynia.pl\/index.php\/wp-json\/wp\/v2\/product_tag?post=8198"}],"curies":[{"name":"wp","href":"https:\/\/api.w.org\/{rel}","templated":true}]}}