{"id":820,"date":"2013-10-30T11:30:13","date_gmt":"2013-10-30T10:30:13","guid":{"rendered":"http:\/\/klubmamgdynia.pl\/index.php\/produkt\/hh-poland-namiot-dla-dzieci-7323\/"},"modified":"2026-05-17T20:53:13","modified_gmt":"2026-05-17T18:53:13","slug":"hh-poland-namiot-dla-dzieci-7323","status":"publish","type":"product","link":"http:\/\/klubmamgdynia.pl\/index.php\/produkt\/hh-poland-namiot-dla-dzieci-7323\/","title":{"rendered":"Hh Poland Namiot dla dzieci 7323"},"content":{"rendered":"<p>Namiot dla dzieci samorozk\u0142adaj\u0105cy.Zestaw sk\u0142ada si\u0119 z namiotu, tunelu i komory. W zestawie 100 kolorowych pi\u0142eczek.Wymiary opakowania: 47 x 56 x 14,5 cm&#8230;<\/p>\n<h2>Hh Poland Namiot dla dzieci 7323 HH Poland<\/h2>\n<p>kolorowanka pikachu, kolorowanka potwory, bajka terapeutyczna o emocjach, \u015bmieszne zagadki dla dzieci 10 lat, niech \u017cyj\u0105 wakacje tekst, peppa kolorowanka, smerfy kolorowanka, prezenty na roczek dla dziewczynki, zagadki, traktor z przyczep\u0105 kolorowanka, zagadki logiczne na inteligencj\u0119, cicha noc po angielsku tekst, zagadki \u015bwi\u0105teczne dla dzieci, jak si\u0119 rysuje psa, myszka miki kolorowanka, jak narysowa\u0107 sanie miko\u0142aja, z\u0142ote my\u015bli pedagogiczne, choinka z bibu\u0142y, kolorowanka lato<\/p>\n<p>yyyyy<\/p>\n<p>&nbsp;<\/p>\n","protected":false},"excerpt":{"rendered":"<p>Namiot dla dzieci samorozk\u0142adaj\u0105cy.Zestaw sk\u0142ada si\u0119 z namiotu, tunelu i komory. W zestawie 100 kolorowych pi\u0142eczek.Wymiary opakowania: 47 x 56 x 14,5 cm&#8230; Hh Poland Namiot dla dzieci 7323 HH Poland kolorowanka pikachu, kolorowanka potwory, bajka terapeutyczna o emocjach, \u015bmieszne zagadki dla dzieci 10 lat, niech \u017cyj\u0105 wakacje tekst, peppa kolorowanka, smerfy kolorowanka, prezenty na [&hellip;]<\/p>\n","protected":false},"featured_media":821,"comment_status":"closed","ping_status":"open","template":"","meta":[],"product_cat":[282,290],"product_tag":[819,582,783,647],"class_list":["post-820","product","type-product","status-publish","has-post-thumbnail","hentry","product_cat-domki-i-namioty-dla-dzieci","product_cat-hh-poland","product_tag-co-kupic-nastolatce-na-swieta","product_tag-nauka-pisania-literek-do-wydruku-pdf","product_tag-prezenty-na-roczek-dla-chlopca","product_tag-warszawa-z-dzieckiem"],"_links":{"self":[{"href":"http:\/\/klubmamgdynia.pl\/index.php\/wp-json\/wp\/v2\/product\/820","targetHints":{"allow":["GET"]}}],"collection":[{"href":"http:\/\/klubmamgdynia.pl\/index.php\/wp-json\/wp\/v2\/product"}],"about":[{"href":"http:\/\/klubmamgdynia.pl\/index.php\/wp-json\/wp\/v2\/types\/product"}],"replies":[{"embeddable":true,"href":"http:\/\/klubmamgdynia.pl\/index.php\/wp-json\/wp\/v2\/comments?post=820"}],"wp:featuredmedia":[{"embeddable":true,"href":"http:\/\/klubmamgdynia.pl\/index.php\/wp-json\/wp\/v2\/media\/821"}],"wp:attachment":[{"href":"http:\/\/klubmamgdynia.pl\/index.php\/wp-json\/wp\/v2\/media?parent=820"}],"wp:term":[{"taxonomy":"product_cat","embeddable":true,"href":"http:\/\/klubmamgdynia.pl\/index.php\/wp-json\/wp\/v2\/product_cat?post=820"},{"taxonomy":"product_tag","embeddable":true,"href":"http:\/\/klubmamgdynia.pl\/index.php\/wp-json\/wp\/v2\/product_tag?post=820"}],"curies":[{"name":"wp","href":"https:\/\/api.w.org\/{rel}","templated":true}]}}