{"id":8200,"date":"2021-01-09T16:30:21","date_gmt":"2021-01-09T15:30:21","guid":{"rendered":"http:\/\/klubmamgdynia.pl\/index.php\/produkt\/plastocoolki-piankolina-blyszczace-6-szt\/"},"modified":"2026-04-12T15:03:42","modified_gmt":"2026-04-12T13:03:42","slug":"plastocoolki-piankolina-blyszczace-6-szt","status":"publish","type":"product","link":"http:\/\/klubmamgdynia.pl\/index.php\/produkt\/plastocoolki-piankolina-blyszczace-6-szt\/","title":{"rendered":"Plastocoolki Piankolina B\u0142yszcz\u0105ce 6 Szt."},"content":{"rendered":"<p>PlastoCoolki to oryginalna masa plastyczna, kt\u00f3ra nigdy nie wysycha. Ze wzgl\u0119du na du\u017c\u0105 r\u00f3\u017cnorodno\u015b\u0107 kolor\u00f3w mo\u017cna robi\u0107 z niej rozmaite figurki. PlastoCoolki si\u0119 nie rozsypuj\u0105 wi\u0119c nie ma problem\u00f3w ze sprz\u0105taniem! S\u0105 wielokrotnego u\u017cytku, nie wymagaj\u0105 stosowania wody ani kleju. S\u0105 bezpieczne dla dzieci.Cechy Produktu:\u00b7 PlastoCoolki b\u0142yszcz\u0105ce\u00b7 6 sztuk w opakowaniu\u00b7 Wymiary opakowania : 22 x 11 x 7,5 cm<\/p>\n<h2>Plastocoolki Piankolina B\u0142yszcz\u0105ce 6 Szt. Sellmar<\/h2>\n<p>okolice wroc\u0142awia atrakcje, pola imie, zagadka o wio\u015bnie, sa\u0142atki dla dzieci, quiz o kosmosie dla dzieci, znaczenie imienia julian, maski na twarz dla dzieci do wydruku, prezent dla nastolatk\u00f3w 2021, maski dla dzieci do druku, adriana imi\u0119, quiz opowie\u015bci z narnii, test z lektury asiunia, rysowanie po \u015bladzie pdf, nasza zima z\u0142a tekst, test na patologi\u0119 z kubusia puchatka, wierszyki o marzannie<\/p>\n<p>yyyyy<\/p>\n<p>&nbsp;<\/p>\n","protected":false},"excerpt":{"rendered":"<p>PlastoCoolki to oryginalna masa plastyczna, kt\u00f3ra nigdy nie wysycha. Ze wzgl\u0119du na du\u017c\u0105 r\u00f3\u017cnorodno\u015b\u0107 kolor\u00f3w mo\u017cna robi\u0107 z niej rozmaite figurki. PlastoCoolki si\u0119 nie rozsypuj\u0105 wi\u0119c nie ma problem\u00f3w ze sprz\u0105taniem! S\u0105 wielokrotnego u\u017cytku, nie wymagaj\u0105 stosowania wody ani kleju. S\u0105 bezpieczne dla dzieci.Cechy Produktu:\u00b7 PlastoCoolki b\u0142yszcz\u0105ce\u00b7 6 sztuk w opakowaniu\u00b7 Wymiary opakowania : 22 [&hellip;]<\/p>\n","protected":false},"featured_media":8201,"comment_status":"closed","ping_status":"open","template":"","meta":[],"product_cat":[1699,21],"product_tag":[610,598,826,678],"class_list":["post-8200","product","type-product","status-publish","has-post-thumbnail","hentry","product_cat-sellmar","product_cat-zabawki-plastyczne","product_tag-co-na-prezent-dla-nastolatkow","product_tag-co-na-roczek-dla-dziewczynki","product_tag-prezent-dla-15-latka","product_tag-prezent-na-roczek-dla-dziewczynki"],"_links":{"self":[{"href":"http:\/\/klubmamgdynia.pl\/index.php\/wp-json\/wp\/v2\/product\/8200","targetHints":{"allow":["GET"]}}],"collection":[{"href":"http:\/\/klubmamgdynia.pl\/index.php\/wp-json\/wp\/v2\/product"}],"about":[{"href":"http:\/\/klubmamgdynia.pl\/index.php\/wp-json\/wp\/v2\/types\/product"}],"replies":[{"embeddable":true,"href":"http:\/\/klubmamgdynia.pl\/index.php\/wp-json\/wp\/v2\/comments?post=8200"}],"wp:featuredmedia":[{"embeddable":true,"href":"http:\/\/klubmamgdynia.pl\/index.php\/wp-json\/wp\/v2\/media\/8201"}],"wp:attachment":[{"href":"http:\/\/klubmamgdynia.pl\/index.php\/wp-json\/wp\/v2\/media?parent=8200"}],"wp:term":[{"taxonomy":"product_cat","embeddable":true,"href":"http:\/\/klubmamgdynia.pl\/index.php\/wp-json\/wp\/v2\/product_cat?post=8200"},{"taxonomy":"product_tag","embeddable":true,"href":"http:\/\/klubmamgdynia.pl\/index.php\/wp-json\/wp\/v2\/product_tag?post=8200"}],"curies":[{"name":"wp","href":"https:\/\/api.w.org\/{rel}","templated":true}]}}