{"id":8202,"date":"2013-10-05T12:18:29","date_gmt":"2013-10-05T10:18:29","guid":{"rendered":"http:\/\/klubmamgdynia.pl\/index.php\/produkt\/mega-creative-piramidka-kaczuszka-471562\/"},"modified":"2026-04-30T10:38:56","modified_gmt":"2026-04-30T08:38:56","slug":"mega-creative-piramidka-kaczuszka-471562","status":"publish","type":"product","link":"http:\/\/klubmamgdynia.pl\/index.php\/produkt\/mega-creative-piramidka-kaczuszka-471562\/","title":{"rendered":"Mega Creative Piramidka Kaczuszka 471562"},"content":{"rendered":"<p>Zalety produktu: lekki mi\u0119kki plastik, poprawa zdolno\u015bci ruchowo-my\u015blowych, posiada elementy w grzechotkami dla wi\u0119kszej uwagi dziecka. Si\u0119gnij po Piramidk\u0119 z MEGA CREATIVE aby poprawi\u0107 zdolno\u015bci ruchowo my\u015blowe swojej pociechy. Opr\u00f3cz walor\u00f3w czysto edukacyjnych, Piramidka zapewni dziecku mn\u00f3stwo wspania\u0142ej zabawy Zabawka polega na uk\u0142adaniu na plastikowy pal 4 r\u00f3\u017cnokolorowych obr\u0119czy. Obr\u0119cze wykonane s\u0105 w r\u00f3\u017cnych rozmiarach, nale\u017cy uk\u0142ada\u0107 je od najwi\u0119kszego do najmniejszego. Na samym czubku znajduje si\u0119 Kaczuszka. Zawarto\u015b\u0107 zestawu Pal zako\u0144czony figurk\u0105 Kaczuszk\u0105, 4 obr\u0119cze w r\u00f3\u017cnych rozmiarach i kolorach. Zabawka wykonana w ca\u0142o\u015bci z plastiku.Wymiary produktu d\u0142. x wys. x g\u0142. cm 13x18x13, nie wymaga zasilania bateriami.Zestaw przeznaczony dla dzieci w wieku 6m+.<\/p>\n<h2>Mega Creative Piramidka Kaczuszka 471562 Mega Creative<\/h2>\n<p>kolorowanka pies, ba\u015bniowe imiona \u017ce\u0144skie, test z pana kleksa, zagadki \u015bmieszne, bajka do czytania, zagadki na inteligencj\u0119 z odpowiedziami, jedzie poci\u0105g z daleka tekst, wr\u00f3zby andrzejkowe dla dzieci, swinka peppa obrazek, cytaty na dzie\u0144 edukacji narodowej, gry planszowe dla m\u0142odzie\u017cy, rodzina cytaty, psi patrol do druku, prezent na roczek dla dziecka, atrakcje dla dzieci wielkopolska, quiz o \u015bwi\u0119tach<\/p>\n<p>yyyyy<\/p>\n<p>&nbsp;<\/p>\n","protected":false},"excerpt":{"rendered":"<p>Zalety produktu: lekki mi\u0119kki plastik, poprawa zdolno\u015bci ruchowo-my\u015blowych, posiada elementy w grzechotkami dla wi\u0119kszej uwagi dziecka. Si\u0119gnij po Piramidk\u0119 z MEGA CREATIVE aby poprawi\u0107 zdolno\u015bci ruchowo my\u015blowe swojej pociechy. Opr\u00f3cz walor\u00f3w czysto edukacyjnych, Piramidka zapewni dziecku mn\u00f3stwo wspania\u0142ej zabawy Zabawka polega na uk\u0142adaniu na plastikowy pal 4 r\u00f3\u017cnokolorowych obr\u0119czy. Obr\u0119cze wykonane s\u0105 w r\u00f3\u017cnych rozmiarach, [&hellip;]<\/p>\n","protected":false},"featured_media":8203,"comment_status":"closed","ping_status":"open","template":"","meta":[],"product_cat":[64,61],"product_tag":[579,632,736,600],"class_list":["post-8202","product","type-product","status-publish","has-post-thumbnail","hentry","product_cat-mega-creative","product_cat-zabawki-edukacyjne-dla-niemowlat","product_tag-quiz-opowiesci-z-narnii-lew-czarownica-i-stara-szafa","product_tag-warszawa-atrakcje-dla-mlodziezy","product_tag-zabawki-na-roczek","product_tag-zaproszenia-na-urodziny-do-druku"],"_links":{"self":[{"href":"http:\/\/klubmamgdynia.pl\/index.php\/wp-json\/wp\/v2\/product\/8202","targetHints":{"allow":["GET"]}}],"collection":[{"href":"http:\/\/klubmamgdynia.pl\/index.php\/wp-json\/wp\/v2\/product"}],"about":[{"href":"http:\/\/klubmamgdynia.pl\/index.php\/wp-json\/wp\/v2\/types\/product"}],"replies":[{"embeddable":true,"href":"http:\/\/klubmamgdynia.pl\/index.php\/wp-json\/wp\/v2\/comments?post=8202"}],"wp:featuredmedia":[{"embeddable":true,"href":"http:\/\/klubmamgdynia.pl\/index.php\/wp-json\/wp\/v2\/media\/8203"}],"wp:attachment":[{"href":"http:\/\/klubmamgdynia.pl\/index.php\/wp-json\/wp\/v2\/media?parent=8202"}],"wp:term":[{"taxonomy":"product_cat","embeddable":true,"href":"http:\/\/klubmamgdynia.pl\/index.php\/wp-json\/wp\/v2\/product_cat?post=8202"},{"taxonomy":"product_tag","embeddable":true,"href":"http:\/\/klubmamgdynia.pl\/index.php\/wp-json\/wp\/v2\/product_tag?post=8202"}],"curies":[{"name":"wp","href":"https:\/\/api.w.org\/{rel}","templated":true}]}}