{"id":8204,"date":"2023-08-16T16:28:10","date_gmt":"2023-08-16T14:28:10","guid":{"rendered":"http:\/\/klubmamgdynia.pl\/?post_type=product&#038;p=8204"},"modified":"2026-04-06T13:38:32","modified_gmt":"2026-04-06T11:38:32","slug":"gra-planszowa-portal-games-eleven-niepowtarzalny-stadion","status":"publish","type":"product","link":"http:\/\/klubmamgdynia.pl\/index.php\/produkt\/gra-planszowa-portal-games-eleven-niepowtarzalny-stadion\/","title":{"rendered":"Gra planszowa Portal Games Eleven Niepowtarzalny Stadion"},"content":{"rendered":"<p>PREMIERA III KWARTAL 2022Niepowtarzalny Stadion to dodatek do Eleven, strategicznej gry Thomasa Jansena (Club Stories, Tavern, Streetpainball) osadzonej w \u015bwiecie pi\u0142ki no\u017cnej. Klub si\u0119 rozwija, a wraz z nim ro\u015bnie grono kibic\u00f3w. Ich oczekiwania s\u0105 coraz wi\u0119ksze, a ty nie mo\u017cesz ich przecie\u017c wpu\u015bci\u0107 byle gdzie! Potrzebujesz ogromnego, nowoczesnego stadionu, najlepiej z mn\u00f3stwem sponsor\u00f3w\u2026 Rozszerzenie wprowadza nowe karty Spotkania Zarz\u0105du, karty Sponsora, Personelu i Celu, a przede wszystkim \u2014 Unikalne \u017betony Infrastruktury Stadionowej. Niekt\u00f3re z nich \u2014 oznaczone symbolem \u201cZasady Specjalne\u201d &#8211; b\u0119dziesz m\u00f3g\u0142 zbudowa\u0107 tylko na zlecenie Zarz\u0105du lub Sponsora. Niepowtarzalny Stadion jest ca\u0142kowicie kompatybilny z pozosta\u0142ymi rozszerzeniami do Eleven.Pot\u0119\u017cny zamekJe\u017celi dyrektor jest dla swojego klubu niczym kr\u00f3l, to stadion pe\u0142ni w tej metaforze rol\u0119 zamku. Czasami wystarczy spojrze\u0107 na zamek, by wiedzie\u0107, \u017ce ta bitwa nie b\u0119dzie nale\u017ca\u0142a do \u0142atwych \u2014 ze stadionem jest podobnie. Musi by\u0107 du\u017cy, pe\u0142ny wrzeszcz\u0105cych kibic\u00f3w, dopinguj\u0105cych swoj\u0105 dru\u017cyn\u0119. No i dobrze, \u017ceby znalaz\u0142o si\u0119 w nim troch\u0119 miejsca dla sponsor\u00f3w. W ko\u0144cu taka forteca nie utrzyma si\u0119 z samych bilet\u00f3w\u2026PrzygotowaniePrzygotowuj\u0105c si\u0119 do gry, wtasujcie nowe karty Celu, Spotkania Zarz\u0105du i Sponsora do odpowiednich talii. Nowe karty Personelu umie\u015b\u0107cie w zakrytym stosie obok talii Spotkania Zarz\u0105du. Unikalne \u017cetony Infrastruktury Stadionowej podzielcie na dwie grupy. Te oznaczone symbolem \u201dZasady Specjalne\u201d po\u0142\u00f3\u017ccie obok talii Spotkania Zarz\u0105du. Pozosta\u0142ych \u017ceton\u00f3w dobierzcie dwa razy wi\u0119cej ni\u017c jest graczy i dodajcie je do puli Zasob\u00f3w tak, by by\u0142y widoczne dla wszystkich graczyUnikatowe \u017cetonyWszystkie nowe \u017cetony Infrastruktury Stadionowej s\u0105 unikalne, co oznacza, \u017ce ka\u017cdy z nich wyst\u0119puje tylko raz. Te z symbolem \u201cZasady Specjalne\u201d b\u0119dzie mo\u017cna wybudowa\u0107 tylko wtedy, gdy naka\u017c\u0105 tego karty Spotkania Zarz\u0105du lub Sponsora. Pozosta\u0142e Unikalne \u017cetony Infrastruktury Stadionowej maj\u0105 sw\u00f3j w\u0142asny koszt i efekt podobnie jak inne \u017cetony Infrastruktury Stadionowej w grze podstawowej. Wiele z nich b\u0119dzie przynosi\u0142o korzy\u015bci podczas rozpatrywania Produkcji w Poniedzia\u0142ek, np. Boisko Treningowe dla M\u0142odzik\u00f3w.<\/p>\n<h2>Gra planszowa Portal Games Eleven Niepowtarzalny Stadion Portal Games<\/h2>\n<p>kolorowanka ksi\u0119\u017cniczka, myszka minnie kolorowanka, bajki dla dzieci za darmo, izabela imie, koty kolorowanki, darmowy szablon list do miko\u0142aja, malowanie kamieni, smieszne zagadki, bajki dla niemowl\u0105t do czytania, platformy edukacyjne dla dzieci, kolorowanki dla dziewczynek, bajka krecik, medrcy swiata<\/p>\n<p>yyyyy<\/p>\n<p>&nbsp;<\/p>\n","protected":false},"excerpt":{"rendered":"<p>PREMIERA III KWARTAL 2022Niepowtarzalny Stadion to dodatek do Eleven, strategicznej gry Thomasa Jansena (Club Stories, Tavern, Streetpainball) osadzonej w \u015bwiecie pi\u0142ki no\u017cnej. Klub si\u0119 rozwija, a wraz z nim ro\u015bnie grono kibic\u00f3w. Ich oczekiwania s\u0105 coraz wi\u0119ksze, a ty nie mo\u017cesz ich przecie\u017c wpu\u015bci\u0107 byle gdzie! Potrzebujesz ogromnego, nowoczesnego stadionu, najlepiej z mn\u00f3stwem sponsor\u00f3w\u2026 Rozszerzenie [&hellip;]<\/p>\n","protected":false},"featured_media":8205,"comment_status":"closed","ping_status":"open","template":"","meta":[],"product_cat":[235,391],"product_tag":[580,646,823,649],"class_list":["post-8204","product","type-product","status-publish","has-post-thumbnail","hentry","product_cat-gry-planszowe","product_cat-portal-games","product_tag-janusz","product_tag-prezent-na-pierwsze-urodziny","product_tag-zagadki-dla-dzieci-7-lat","product_tag-zagadki-dla-nastolatkow"],"_links":{"self":[{"href":"http:\/\/klubmamgdynia.pl\/index.php\/wp-json\/wp\/v2\/product\/8204","targetHints":{"allow":["GET"]}}],"collection":[{"href":"http:\/\/klubmamgdynia.pl\/index.php\/wp-json\/wp\/v2\/product"}],"about":[{"href":"http:\/\/klubmamgdynia.pl\/index.php\/wp-json\/wp\/v2\/types\/product"}],"replies":[{"embeddable":true,"href":"http:\/\/klubmamgdynia.pl\/index.php\/wp-json\/wp\/v2\/comments?post=8204"}],"wp:featuredmedia":[{"embeddable":true,"href":"http:\/\/klubmamgdynia.pl\/index.php\/wp-json\/wp\/v2\/media\/8205"}],"wp:attachment":[{"href":"http:\/\/klubmamgdynia.pl\/index.php\/wp-json\/wp\/v2\/media?parent=8204"}],"wp:term":[{"taxonomy":"product_cat","embeddable":true,"href":"http:\/\/klubmamgdynia.pl\/index.php\/wp-json\/wp\/v2\/product_cat?post=8204"},{"taxonomy":"product_tag","embeddable":true,"href":"http:\/\/klubmamgdynia.pl\/index.php\/wp-json\/wp\/v2\/product_tag?post=8204"}],"curies":[{"name":"wp","href":"https:\/\/api.w.org\/{rel}","templated":true}]}}