{"id":8206,"date":"2013-04-20T18:48:47","date_gmt":"2013-04-20T16:48:47","guid":{"rendered":"http:\/\/klubmamgdynia.pl\/index.php\/produkt\/art-and-play-kulkolina-neon-d-6-kolorow\/"},"modified":"2026-04-06T20:47:25","modified_gmt":"2026-04-06T18:47:25","slug":"art-and-play-kulkolina-neon-d-6-kolorow","status":"publish","type":"product","link":"http:\/\/klubmamgdynia.pl\/index.php\/produkt\/art-and-play-kulkolina-neon-d-6-kolorow\/","title":{"rendered":"Art And Play Kulkolina Neon D 6 Kolor\u00f3w"},"content":{"rendered":"<p>Zanim zaczniesz modelowa\u0107 ugniataj j\u0105 i \u015bciskaj!To kreatywna zabawka w postaci lekkiej i mi\u0119kkiej kuleczkowej masy plastycznej.Poniewa\u017c masa jest mi\u0119kka bez problemu mo\u017cna z niej modelowa\u0107 dowolne kszta\u0142ty.Ka\u017cde dziecko kieruj\u0105c si\u0119 wyobra\u017ani\u0105 mo\u017ce ulepi\u0107 z kulkoliny figury p\u0142askie, a tak\u017ce przestrzenne.Kulkolina to delikatna, mi\u0119kka, twardniej\u0105ca w powietrzu masa plastyczna.Mo\u017cna z niej lepi\u0107 kszta\u0142ty przestrzenne i p\u0142askie lub okleja\u0107 ni\u0105 dowolne powierzchnie takie jak: papier, drewno, plastik czy ceramik\u0119.Rozwija wyobra\u017ani\u0119 zdolno\u015bci tw\u00f3rcze, zdolno\u015bci manualne wspomagaj\u0105c rozw\u00f3j koordynacji wzrokowo-ruchowej dziecka.Bardzo \u017cywe barwy kulkoliny zach\u0119caj\u0105 najm\u0142odszych do aktywnej zabawy, w trakcie kt\u00f3rej dzieci poznaj\u0105 kolory, ucz\u0105 si\u0119 liczy\u0107 oraz tworz\u0105 najr\u00f3\u017cniejsze kszta\u0142ty.Jest to zabawka zar\u00f3wno dla ch\u0142opc\u00f3w jak i dla dziewczynek.WIEK:3+ZAWARTO\u015a\u0106:Kulkolina 6 kolor\u00f3w neonowych (fioletowy, r\u00f3\u017cowy, pomara\u0144czowy, niebieski, zielony, \u017c\u00f3\u0142ty)WYMIARY:20 x 5 x 15 cmWAGA:150 gUWAGI:Trzyma\u0107 z dala od oczu.Nie wk\u0142ada\u0107 do ust, nosa, uszu.Przed i po u\u017cyciu umy\u0107 r\u0119ce myd\u0142em i ciep\u0142\u0105 wod\u0105.Ugniataj dok\u0142adnie kulkolin\u0119 przed u\u017cyciem.Zawsze przechowuj nieu\u017cywan\u0105 kulkoline w hermetycznie zamkni\u0119tym plastikowym pojemniku.Je\u015bli kulkolina straci swoj\u0105 plastyczno\u015b\u0107 od\u015bwie\u017c j\u0105 poprzez dodanie niewielkiej ilo\u015bci wody i ugniatanie.Praca wykonana z kulkoliny twardnieje od kilku godzin do kilku dni w zale\u017cno\u015bci od ilo\u015bci u\u017cytej masy plastycznej.<\/p>\n<h2>Art And Play Kulkolina Neon D 6 Kolor\u00f3w ART AND PLAY<\/h2>\n<p>testy z lektury opowie\u015bci z narnii lew czarownica i stara szafa, zagadka, \u015bw przemys\u0142aw, oryginalny prezent na roczek, kanapki dla dzieci, prezenty dla 16 latki, prezent dla 15 latki, zagadki dla dzieci 10-12 lat, prezent dla rocznej dziewczynki, kolorowanka uk\u0142ad s\u0142oneczny dla dzieci do druku<\/p>\n<p>yyyyy<\/p>\n<p>&nbsp;<\/p>\n","protected":false},"excerpt":{"rendered":"<p>Zanim zaczniesz modelowa\u0107 ugniataj j\u0105 i \u015bciskaj!To kreatywna zabawka w postaci lekkiej i mi\u0119kkiej kuleczkowej masy plastycznej.Poniewa\u017c masa jest mi\u0119kka bez problemu mo\u017cna z niej modelowa\u0107 dowolne kszta\u0142ty.Ka\u017cde dziecko kieruj\u0105c si\u0119 wyobra\u017ani\u0105 mo\u017ce ulepi\u0107 z kulkoliny figury p\u0142askie, a tak\u017ce przestrzenne.Kulkolina to delikatna, mi\u0119kka, twardniej\u0105ca w powietrzu masa plastyczna.Mo\u017cna z niej lepi\u0107 kszta\u0142ty przestrzenne i [&hellip;]<\/p>\n","protected":false},"featured_media":8207,"comment_status":"closed","ping_status":"open","template":"","meta":[],"product_cat":[1690,295],"product_tag":[660,580,612,647],"class_list":["post-8206","product","type-product","status-publish","has-post-thumbnail","hentry","product_cat-art-and-play","product_cat-pozostale-zabawki","product_tag-bianka","product_tag-janusz","product_tag-kolorowanki-do-druku","product_tag-warszawa-z-dzieckiem"],"_links":{"self":[{"href":"http:\/\/klubmamgdynia.pl\/index.php\/wp-json\/wp\/v2\/product\/8206","targetHints":{"allow":["GET"]}}],"collection":[{"href":"http:\/\/klubmamgdynia.pl\/index.php\/wp-json\/wp\/v2\/product"}],"about":[{"href":"http:\/\/klubmamgdynia.pl\/index.php\/wp-json\/wp\/v2\/types\/product"}],"replies":[{"embeddable":true,"href":"http:\/\/klubmamgdynia.pl\/index.php\/wp-json\/wp\/v2\/comments?post=8206"}],"wp:featuredmedia":[{"embeddable":true,"href":"http:\/\/klubmamgdynia.pl\/index.php\/wp-json\/wp\/v2\/media\/8207"}],"wp:attachment":[{"href":"http:\/\/klubmamgdynia.pl\/index.php\/wp-json\/wp\/v2\/media?parent=8206"}],"wp:term":[{"taxonomy":"product_cat","embeddable":true,"href":"http:\/\/klubmamgdynia.pl\/index.php\/wp-json\/wp\/v2\/product_cat?post=8206"},{"taxonomy":"product_tag","embeddable":true,"href":"http:\/\/klubmamgdynia.pl\/index.php\/wp-json\/wp\/v2\/product_tag?post=8206"}],"curies":[{"name":"wp","href":"https:\/\/api.w.org\/{rel}","templated":true}]}}