{"id":8208,"date":"2025-06-10T15:29:38","date_gmt":"2025-06-10T13:29:38","guid":{"rendered":"http:\/\/klubmamgdynia.pl\/?post_type=product&#038;p=8208"},"modified":"2026-04-06T02:49:43","modified_gmt":"2026-04-06T00:49:43","slug":"clementoni-edukit-4w1-baby-shark-18099","status":"publish","type":"product","link":"http:\/\/klubmamgdynia.pl\/index.php\/produkt\/clementoni-edukit-4w1-baby-shark-18099\/","title":{"rendered":"Clementoni Edukit 4W1 Baby Shark 18099"},"content":{"rendered":"<p>Pude\u0142ko pe\u0142ne gier do zabawy w towarzystwie postaci z Baby Shark!Zawiera 4 gry w 1: 1 puzzle, 6 plastikowych klock\u00f3w puzzli, 1 memo 1 domino z postaciami z Baby Shark.Pobudza rozw\u00f3j spostrzegawczo\u015bci, kojarzenia i zdolno\u015bci logicznego my\u015blenia.WARTO\u015aCI EDUKACYJNEZdolno\u015bci Logicznego My\u015blenia i ObserwacjiPami\u0119ciUmiej\u0119tno\u015bci ManualnychWymiary opakowania: 6,00 x 37,00 x 26,00 cmWiek: 3+<\/p>\n<h2>Clementoni Edukit 4W1 Baby Shark 18099 Clementoni<\/h2>\n<p>wroc\u0142aw atrakcje dla dzieci 2021, super zings kolorowanka, alfons, zagadki dla dzieci 9-10 lat z odpowiedziami, krak\u00f3w atrakcje dla dzieci, kolorowanka europa, my little pony kolorowanki, co kupi\u0107 na roczek, kr\u00f3tkie cytaty o mamie, karty pracy po ukrai\u0144sku, wierszyki na \u015bmigusa dyngusa, papuga kolorowanka, tekst ko\u0142ysanki, quiz felix net i nika oraz gang niewidzialnych ludzi, opisy o rodzinie, zagadki i odpowiedzi<\/p>\n<p>yyyyy<\/p>\n<p>&nbsp;<\/p>\n","protected":false},"excerpt":{"rendered":"<p>Pude\u0142ko pe\u0142ne gier do zabawy w towarzystwie postaci z Baby Shark!Zawiera 4 gry w 1: 1 puzzle, 6 plastikowych klock\u00f3w puzzli, 1 memo 1 domino z postaciami z Baby Shark.Pobudza rozw\u00f3j spostrzegawczo\u015bci, kojarzenia i zdolno\u015bci logicznego my\u015blenia.WARTO\u015aCI EDUKACYJNEZdolno\u015bci Logicznego My\u015blenia i ObserwacjiPami\u0119ciUmiej\u0119tno\u015bci ManualnychWymiary opakowania: 6,00 x 37,00 x 26,00 cmWiek: 3+ Clementoni Edukit 4W1 Baby [&hellip;]<\/p>\n","protected":false},"featured_media":8209,"comment_status":"closed","ping_status":"open","template":"","meta":[],"product_cat":[163,90],"product_tag":[838,716,849],"class_list":["post-8208","product","type-product","status-publish","has-post-thumbnail","hentry","product_cat-clementoni","product_cat-puzzle","product_tag-bajki-dla-dzieci-na-dobranoc","product_tag-filmy-animowane-o-swietach","product_tag-zagadki-matematyczne-dla-dzieci"],"_links":{"self":[{"href":"http:\/\/klubmamgdynia.pl\/index.php\/wp-json\/wp\/v2\/product\/8208","targetHints":{"allow":["GET"]}}],"collection":[{"href":"http:\/\/klubmamgdynia.pl\/index.php\/wp-json\/wp\/v2\/product"}],"about":[{"href":"http:\/\/klubmamgdynia.pl\/index.php\/wp-json\/wp\/v2\/types\/product"}],"replies":[{"embeddable":true,"href":"http:\/\/klubmamgdynia.pl\/index.php\/wp-json\/wp\/v2\/comments?post=8208"}],"wp:featuredmedia":[{"embeddable":true,"href":"http:\/\/klubmamgdynia.pl\/index.php\/wp-json\/wp\/v2\/media\/8209"}],"wp:attachment":[{"href":"http:\/\/klubmamgdynia.pl\/index.php\/wp-json\/wp\/v2\/media?parent=8208"}],"wp:term":[{"taxonomy":"product_cat","embeddable":true,"href":"http:\/\/klubmamgdynia.pl\/index.php\/wp-json\/wp\/v2\/product_cat?post=8208"},{"taxonomy":"product_tag","embeddable":true,"href":"http:\/\/klubmamgdynia.pl\/index.php\/wp-json\/wp\/v2\/product_tag?post=8208"}],"curies":[{"name":"wp","href":"https:\/\/api.w.org\/{rel}","templated":true}]}}