{"id":8210,"date":"2013-09-14T06:19:16","date_gmt":"2013-09-14T04:19:16","guid":{"rendered":"http:\/\/klubmamgdynia.pl\/index.php\/produkt\/leantoys-traktor-na-akumulator-z-przyczepa-ch9959-zolty-lean5330\/"},"modified":"2026-04-03T23:53:33","modified_gmt":"2026-04-03T21:53:33","slug":"leantoys-traktor-na-akumulator-z-przyczepa-ch9959-zolty-lean5330","status":"publish","type":"product","link":"http:\/\/klubmamgdynia.pl\/index.php\/produkt\/leantoys-traktor-na-akumulator-z-przyczepa-ch9959-zolty-lean5330\/","title":{"rendered":"Leantoys Traktor Na Akumulator Z Przyczep\u0105 Ch9959 \u017b\u00f3\u0142ty Lean5330"},"content":{"rendered":"<p>Traktor na akumulator z przyczep\u0105Kilkuletnie dzieci uwielbiaj\u0105 r\u00f3\u017cnego rodzaju pojazdy \u2014 niekt\u00f3re fascynuj\u0105 si\u0119 samochodami wy\u015bcigowymi, natomiast inne podziwiaj\u0105 motory lub pojazdy budowlane. U nas znajdziesz prezent dla ka\u017cdego z nich. Co powiecie na zasilany akumulatorem i silnikami traktor z przyczep\u0105, za kt\u00f3rego sterami mo\u017ce usi\u0105\u015b\u0107 ka\u017cdy maluch?Prezentowany traktor z pewno\u015bci\u0105 wywo\u0142a u\u015bmiech na twarzy dziecka, gwarantuj\u0105c mu zupe\u0142nie inny wymiar zabawy. Po wygodnym usadowieniu si\u0119 na fotelu kierowcy, maluch mo\u017ce wcisn\u0105\u0107 guzik START, wybra\u0107 prze\u0142\u0105cznikiem pr\u0119dko\u015b\u0107 \u2014 nisk\u0105 lub wysok\u0105, a nast\u0119pnie docisn\u0105\u0107 n\u00f3\u017ck\u0105 peda\u0142 gazu. Uwaga, traktor ruszy\u0142 przed siebie! Podczas zabaw malucha zadbajcie o to, by zapina\u0142 pasy bezpiecze\u0144stwa, a tak\u017ce korzysta\u0142 z niskiej pr\u0119dko\u015bci \u2014 z czasem przestawcie j\u0105 na wy\u017csz\u0105, by kierowca odczuwa\u0142 jeszcze wi\u0119ksz\u0105 frajd\u0119 z zabawy.Traktor z przyczep\u0105 dla kilkuletnich dzieci prezentuje si\u0119 rewelacyjnie \u2014 jeste\u015bmy przekonani, \u017ce takie samo zdanie b\u0119d\u0105 mie\u0107 mali kierowcy. W jeg0 konstrukcji znajduj\u0105 si\u0119 wszystkie charakterystyczne dla pojazd\u00f3w budowlanych elementy. Wewn\u0105trz umieszczono czarny fotel , naprzeciwko kt\u00f3rego ulokowano obrotow\u0105 kierownic\u0119 , przyciski sterowania oraz panel muzyczny z wej\u015bciem USB i bluetoothTraktor dla kilkulatk\u00f3w zosta\u0142 wykonany z atestowanego, solidnego tworzywa. Jego konstrukcja oparta jest na czterech ko\u0142ach. Ko\u0142a te posiadaj\u0105 bie\u017cnikowan\u0105 struktur\u0119, dzi\u0119ki czemu maluch mo\u017ce przejecha\u0107 sw\u0105 kopark\u0105 po nawierzchniach r\u00f3\u017cnego typu, nie generuj\u0105c uci\u0105\u017cliwego ha\u0142asu podczas swej zabawy. Pojazd dla malucha zasilany jest akumulatorem o mocy 12V7Ah, czemu towarzysz\u0105 silniki 2x45W. Podzespo\u0142y te umo\u017cliwiaj\u0105 zabaw\u0119 w pr\u0119dko\u015bci w przedziale od 2 do 4 km\/h. Traktor przeznaczony jest zar\u00f3wno dla ch\u0142opc\u00f3w, jak i dziewczynek powy\u017cej 3. roku \u017cycia \u2014 jedynym ograniczeniem jest obci\u0105\u017cenie powy\u017cej 35 kg. Pojazd budowlany posiada certyfikat CE, zapakowany jest w oryginalny karton.Wymiary Traktora: 148cm x 66cm x 59cmWaga: 15.5kgWymiary opakowania: 90cm x 53cm x 44cmWaga z opakowaniem: 19 kgInformacje o produkciePojazd na akumulatorModel Traktor CH9959Kolor \u017b\u00f3\u0142tyDane TechniczneNap\u0119d 2x45WAkumulator 12V7AhSkrzynia Bieg\u00f3w 2 pr\u0119dko\u015bci ( bieg szybki\/wolny)Wymiary Pojazdu 148cm x 66cm x 59cmPr\u0119dko\u015b\u0107 2-4 km\/hMasa W\u0142asna 15.5kgMax. Obci\u0105\u017cenie 35kgCzas \u0141adowania 8 godzinCzas Dzia\u0142ania 1-2 godzinyHamulec Automatyczny po zwolnieniu peda\u0142u gazu, Zatrzymanie awaryjne z pilota (P)Wyposa\u017ceniePasy Bezpiecze\u0144stwa \u2713Otwierane Drzwi \u2715Kluczyki \u2715Fotele PlastikoweKo\u0142a Plastikowe z gumow\u0105 opask\u0105Zdalne Sterowanie 2.4G\u015awiat\u0142a Przednie LEDAudio USB, Bluetooth, FM RadioD\u0142ugo\u015b\u0107 towaru w centymetrach 55Wysoko\u015b\u0107 towaru w centymetrach 95Szeroko\u015b\u0107 towaru w centymetrach 50Waga gabarytowa w gramach 43541.67Marka Lean CarsStan Nowy<\/p>\n<h2>Leantoys Traktor Na Akumulator Z Przyczep\u0105 Ch9959 \u017b\u00f3\u0142ty Lean5330 Lean Toys<\/h2>\n<p>alfabet kolorowanka, skye psi patrol kolorowanka, miasto dzieci krak\u00f3w, kolorowanki antystresowe do druku, zagadki co to jest, lol do druku, cytat dziecko, zagadki na logike, zagadki \u015bmieszne z odpowiedziami, akademia pana kleksa &#8211; test z odpowiedziami do druku, platformy edukacyjne dla dzieci, jak narysowa\u0107 kr\u00f3lika, weso\u0142e pisanki tekst piosenki, zagadki liczbowe, zagadki na logike, kolorowanki z bajek<\/p>\n<p>yyyyy<\/p>\n<p>&nbsp;<\/p>\n","protected":false},"excerpt":{"rendered":"<p>Traktor na akumulator z przyczep\u0105Kilkuletnie dzieci uwielbiaj\u0105 r\u00f3\u017cnego rodzaju pojazdy \u2014 niekt\u00f3re fascynuj\u0105 si\u0119 samochodami wy\u015bcigowymi, natomiast inne podziwiaj\u0105 motory lub pojazdy budowlane. U nas znajdziesz prezent dla ka\u017cdego z nich. Co powiecie na zasilany akumulatorem i silnikami traktor z przyczep\u0105, za kt\u00f3rego sterami mo\u017ce usi\u0105\u015b\u0107 ka\u017cdy maluch?Prezentowany traktor z pewno\u015bci\u0105 wywo\u0142a u\u015bmiech na twarzy [&hellip;]<\/p>\n","protected":false},"featured_media":8211,"comment_status":"closed","ping_status":"open","template":"","meta":[],"product_cat":[73,489],"product_tag":[761,683,675],"class_list":["post-8210","product","type-product","status-publish","has-post-thumbnail","hentry","product_cat-lean-toys","product_cat-traktory-dla-dzieci","product_tag-choinko-piekna-jak-las-tekst","product_tag-karaluchy-pod-poduchy","product_tag-test-z-lektury-kajko-i-kokosz-szkola-latania"],"_links":{"self":[{"href":"http:\/\/klubmamgdynia.pl\/index.php\/wp-json\/wp\/v2\/product\/8210","targetHints":{"allow":["GET"]}}],"collection":[{"href":"http:\/\/klubmamgdynia.pl\/index.php\/wp-json\/wp\/v2\/product"}],"about":[{"href":"http:\/\/klubmamgdynia.pl\/index.php\/wp-json\/wp\/v2\/types\/product"}],"replies":[{"embeddable":true,"href":"http:\/\/klubmamgdynia.pl\/index.php\/wp-json\/wp\/v2\/comments?post=8210"}],"wp:featuredmedia":[{"embeddable":true,"href":"http:\/\/klubmamgdynia.pl\/index.php\/wp-json\/wp\/v2\/media\/8211"}],"wp:attachment":[{"href":"http:\/\/klubmamgdynia.pl\/index.php\/wp-json\/wp\/v2\/media?parent=8210"}],"wp:term":[{"taxonomy":"product_cat","embeddable":true,"href":"http:\/\/klubmamgdynia.pl\/index.php\/wp-json\/wp\/v2\/product_cat?post=8210"},{"taxonomy":"product_tag","embeddable":true,"href":"http:\/\/klubmamgdynia.pl\/index.php\/wp-json\/wp\/v2\/product_tag?post=8210"}],"curies":[{"name":"wp","href":"https:\/\/api.w.org\/{rel}","templated":true}]}}