{"id":8212,"date":"2014-10-17T11:26:27","date_gmt":"2014-10-17T09:26:27","guid":{"rendered":"http:\/\/klubmamgdynia.pl\/index.php\/produkt\/lol-surprise-przenosna-scena-651885\/"},"modified":"2026-04-06T02:51:10","modified_gmt":"2026-04-06T00:51:10","slug":"lol-surprise-przenosna-scena-651885","status":"publish","type":"product","link":"http:\/\/klubmamgdynia.pl\/index.php\/produkt\/lol-surprise-przenosna-scena-651885\/","title":{"rendered":"LOL Surprise Przeno\u015bna Scena 651885"},"content":{"rendered":"<p>LOL SURPRISE PRZENO\u015aNA SCENA FASHION STAGE POP UP                            <\/p>\n<p>Namiot &#8211; scena LOL rozk\u0142ada si\u0119 sama i stanowi pi\u0119kny modowy wybieg dla Twoich laleczek. Stylizuj je, zmieniaj ich ubranka i tw\u00f3rz wyj\u0105tkowe show. Produkt zawiera dodatkowe kieszonki na lalki i sk\u0142ada si\u0119 na p\u0142asko dzi\u0119ki czemu jest \u0142atwy w przechowywaniu.                            <\/p>\n<p>Tw\u00f3rz unikalne pokazy modowe dzi\u0119kie scenie LOL. Jej unikalna kolorystyka z grafikami ze \u015bwiata LOL pozwol\u0105 Ci stworzy\u0107 idealne warunki do robienia zdj\u0119\u0107 laleczkom LOL i pokazywania ich Twoim znajomym. W \u015brodku jest wystarczaj\u0105co miejsca do zabawy. Pomie\u015bci ca\u0142\u0105 kolekcj\u0119 laleczek. a nawet akcesoria takie jak Autko LOL lub Kamper. Produkt idealny do zabawy zar\u00f3wno w domu jak i ogrodzie.<\/p>\n<h2>LOL Surprise Przeno\u015bna Scena 651885 LOL Surprise<\/h2>\n<p>kolorowanka lego ninjago, doros\u0142ych kolorowanki dziewczyny, postacie z bajek, wzory dyplom\u00f3w do pobrania<\/p>\n<p>yyyyy<\/p>\n<p>&nbsp;<\/p>\n","protected":false},"excerpt":{"rendered":"<p>LOL SURPRISE PRZENO\u015aNA SCENA FASHION STAGE POP UP Namiot &#8211; scena LOL rozk\u0142ada si\u0119 sama i stanowi pi\u0119kny modowy wybieg dla Twoich laleczek. Stylizuj je, zmieniaj ich ubranka i tw\u00f3rz wyj\u0105tkowe show. Produkt zawiera dodatkowe kieszonki na lalki i sk\u0142ada si\u0119 na p\u0142asko dzi\u0119ki czemu jest \u0142atwy w przechowywaniu. Tw\u00f3rz unikalne pokazy modowe dzi\u0119kie scenie [&hellip;]<\/p>\n","protected":false},"featured_media":8213,"comment_status":"closed","ping_status":"open","template":"","meta":[],"product_cat":[282,294],"product_tag":[772,754,580,797,739,649],"class_list":["post-8212","product","type-product","status-publish","has-post-thumbnail","hentry","product_cat-domki-i-namioty-dla-dzieci","product_cat-lol-surprise","product_tag-45-panstw-europy-i-ich-stolice-quiz","product_tag-dyplomy-do-wydrukowania-a4","product_tag-janusz","product_tag-kiekrz","product_tag-prima-aprilis-w-szkole","product_tag-zagadki-dla-nastolatkow"],"_links":{"self":[{"href":"http:\/\/klubmamgdynia.pl\/index.php\/wp-json\/wp\/v2\/product\/8212","targetHints":{"allow":["GET"]}}],"collection":[{"href":"http:\/\/klubmamgdynia.pl\/index.php\/wp-json\/wp\/v2\/product"}],"about":[{"href":"http:\/\/klubmamgdynia.pl\/index.php\/wp-json\/wp\/v2\/types\/product"}],"replies":[{"embeddable":true,"href":"http:\/\/klubmamgdynia.pl\/index.php\/wp-json\/wp\/v2\/comments?post=8212"}],"wp:featuredmedia":[{"embeddable":true,"href":"http:\/\/klubmamgdynia.pl\/index.php\/wp-json\/wp\/v2\/media\/8213"}],"wp:attachment":[{"href":"http:\/\/klubmamgdynia.pl\/index.php\/wp-json\/wp\/v2\/media?parent=8212"}],"wp:term":[{"taxonomy":"product_cat","embeddable":true,"href":"http:\/\/klubmamgdynia.pl\/index.php\/wp-json\/wp\/v2\/product_cat?post=8212"},{"taxonomy":"product_tag","embeddable":true,"href":"http:\/\/klubmamgdynia.pl\/index.php\/wp-json\/wp\/v2\/product_tag?post=8212"}],"curies":[{"name":"wp","href":"https:\/\/api.w.org\/{rel}","templated":true}]}}