{"id":8216,"date":"2016-08-19T23:35:13","date_gmt":"2016-08-19T21:35:13","guid":{"rendered":"http:\/\/klubmamgdynia.pl\/index.php\/produkt\/topmark-lezaczek-toby-black\/"},"modified":"2026-04-03T19:40:50","modified_gmt":"2026-04-03T17:40:50","slug":"topmark-lezaczek-toby-black","status":"publish","type":"product","link":"http:\/\/klubmamgdynia.pl\/index.php\/produkt\/topmark-lezaczek-toby-black\/","title":{"rendered":"Topmark Le\u017caczek Toby Black"},"content":{"rendered":"<p>Le\u017caczek bujaczek hu\u015btawka Toby czarnyMultifunkcyjny le\u017caczek to \u015bwietne rozwi\u0105zanie stworzone specjalnie, aby pom\u00f3c Tobie podczas opieki nad maluszkiem.Le\u017caczek wykonany w przyjemnej kolorystyce, dopasuje si\u0119 do ka\u017cdego wn\u0119trza.Pi\u0119kna kolorystyka to nie wszystko.Jego funkcje sprawi\u0105, \u017ce le\u017caczek stanie si\u0119 niezast\u0105pionym wsparciem dla Ciebie.Le\u017caczek zadba, aby Twoje dziecko si\u0119 uspokoi\u0142o, pomo\u017ce usn\u0105\u0107 maluszkowi,stanie si\u0119 przedmiotem \u015bwietnej zabawy, dzi\u0119ki do\u0142\u0105czonym zwierz\u0105tkom.Le\u017caczek zosta\u0142 wyposa\u017cony w pasy bezpiecze\u0144stwa i pa\u0142\u0105k z zabawkami.Odpowiedni dla dzieci od 0-6 miesi\u0119cy oraz do 9 kg.Wygoda i zabawaKo\u0142ysanieKo\u0142ysanie to naturalny ruch dla Twojego dziecka, gdy\u017c b\u0119d\u0105c przez 9 miesi\u0119cy w brzuszku mamy,odczuwa\u0142o ka\u017cdy ruch jej cia\u0142a w\u0142a\u015bnie jako ko\u0142ysanie.Tw\u00f3j maluszek ko\u0142ysanie traktuje jako co\u015b znanego i bezpiecznego.To w\u0142a\u015bnie podczas ko\u0142ysania si\u0119 uspokaja.Wystarczy u\u0142o\u017cy\u0107 dziecko w wygodnym bujaczku i delikatnie go uko\u0142ysa\u0107,a ono poczuje si\u0119 jak w brzuszku mamy.Pa\u0142\u0105k z zabawkamiLe\u017caczek zosta\u0142 wyposa\u017cony w pa\u0142\u0105k z przyczepionymi szeleszcz\u0105cymi zabawkami.Zapewni\u0105 one Twojemu dziecku rozrywk\u0119, podczas gdy Ty b\u0119dziesz m\u00f3g\u0142 odpocz\u0105\u0107.Te wyj\u0105tkowe zabawki stymuluj\u0105 wzrok oraz rozwijaj\u0105 zmys\u0142 dotyku,zapewni\u0105 naszemu maluszkowi wiele rado\u015bci i wspania\u0142\u0105 zabaw\u0119.Bezpiecze\u0144stwo jest najwa\u017cniejszeSolidne pasy z zapi\u0119ciem zapewni\u0105 bezpiecze\u0144stwo podczas bujania.Pasy zapobiegn\u0105 przypadkowemu wypadni\u0119ciu dziecka z bujaczka.Dodatkowo pasy mo\u017cna regulowa\u0107 w zale\u017cno\u015bci od potrzeb.Specjalne pasy w okolicy bioder.Mi\u0119kkie oparcie z zag\u0142\u00f3wkiem zapewnia r\u00f3wnie\u017c prawid\u0142ow\u0105 pozycj\u0119 cia\u0142a i podparcie dla g\u0142\u00f3wki dziecka.Mocny stela\u017cBardzo stabilna konstrukcja pozwala na bezpieczne korzystanie z bujaczka, a\u017c do osi\u0105gni\u0119cia wagi 9 kg przez pociech\u0119.Bujaczek posiada blokad\u0119. Nachylenie oparcia mo\u017cna regulowa\u0107.Antypo\u015blizgowe n\u00f3\u017ckiZapobiegaj\u0105 przypadkowemu przemieszczaniu si\u0119 bujaczka i chroni\u0105 parkiet przed zarysowaniami.Sprawdzona jako\u015b\u0107 produktuUrz\u0105dzenie zosta\u0142o poddane wieloetapowej weryfikacji &#8211; przesz\u0142o szereg wewn\u0119trznych kontroli i test\u00f3w bezpiecze\u0144stwa.Produkt zgodny z europejsk\u0105 norm\u0105 bezpiecze\u0144stwa EN 14988:2017.Nowoczesny designBujaczek dost\u0119pny jest te\u017c w innych wersjach kolorystycznych.Projektanci firmy Top mark nie tylko zadbali w bezpiecze\u0144stwo ale r\u00f3wnie\u017c o pi\u0119kny wygl\u0105d kt\u00f3ry b\u0119dziepasowa\u0142 do ka\u017cdego wn\u0119trza.W\u0142a\u015bciwo\u015bci:odpowiednie od 0 do 6 miesi\u0119cy pa\u0142\u0105k z zabawkamiregulowane oparcieblokadakolor: czarnypasy bezpiecze\u0144stwawymiary po roz\u0142o\u017ceniu: 67 x 42 x 55 cm (wysoko\u015b\u0107 x szeroko\u015b\u0107 x g\u0142\u0119boko\u015b\u0107)wymiary po z\u0142o\u017ceniu 78 x 42 x 50 cm (wysoko\u015b\u0107 x szeroko\u015b\u0107 x g\u0142\u0119boko\u015b\u0107)waga: 3,6 kgmaksymalne obci\u0105\u017cenie 9 kg\u0142atwe do czyszczenia za pomoc\u0105 wilgotnej szmatkiSpecyfikacja:marka: Topmarkmodel: Tobykolor: czarnymateria\u0142: tworzywo sztuczne, aluminiumpokrycie tapicerki: 100% PVCgwarancja: 2 lata<\/p>\n<h2>Topmark Le\u017caczek Toby Black TopMark<\/h2>\n<p>zabawka na roczek dla dziewczynki, kolorowanka ze zdj\u0119cia, kolorowanka traktor, zagdki, myszka minnie kolorowanka, swinka peppa obrazek, przysz\u0142a zima bia\u0142a, cytaty o przyja\u017ani kr\u00f3tkie, pierwsze urodziny prezent na roczek dla ch\u0142opca, paula znaczenie imienia, julian znaczenie, eneduerabe, gabriela<\/p>\n<p>yyyyy<\/p>\n<p>&nbsp;<\/p>\n","protected":false},"excerpt":{"rendered":"<p>Le\u017caczek bujaczek hu\u015btawka Toby czarnyMultifunkcyjny le\u017caczek to \u015bwietne rozwi\u0105zanie stworzone specjalnie, aby pom\u00f3c Tobie podczas opieki nad maluszkiem.Le\u017caczek wykonany w przyjemnej kolorystyce, dopasuje si\u0119 do ka\u017cdego wn\u0119trza.Pi\u0119kna kolorystyka to nie wszystko.Jego funkcje sprawi\u0105, \u017ce le\u017caczek stanie si\u0119 niezast\u0105pionym wsparciem dla Ciebie.Le\u017caczek zadba, aby Twoje dziecko si\u0119 uspokoi\u0142o, pomo\u017ce usn\u0105\u0107 maluszkowi,stanie si\u0119 przedmiotem \u015bwietnej zabawy, dzi\u0119ki [&hellip;]<\/p>\n","protected":false},"featured_media":8217,"comment_status":"closed","ping_status":"open","template":"","meta":[],"product_cat":[1156,1700],"product_tag":[772,666,755,593,590,633],"class_list":["post-8216","product","type-product","status-publish","has-post-thumbnail","hentry","product_cat-lezaczki-bujaki-i-hustawki-niemowlece","product_cat-topmark","product_tag-45-panstw-europy-i-ich-stolice-quiz","product_tag-afrykanskie-imiona","product_tag-henryk","product_tag-jak-narysowac-konia","product_tag-plac-zabaw-warszawa","product_tag-zagadki-z-odpowiedziami"],"_links":{"self":[{"href":"http:\/\/klubmamgdynia.pl\/index.php\/wp-json\/wp\/v2\/product\/8216","targetHints":{"allow":["GET"]}}],"collection":[{"href":"http:\/\/klubmamgdynia.pl\/index.php\/wp-json\/wp\/v2\/product"}],"about":[{"href":"http:\/\/klubmamgdynia.pl\/index.php\/wp-json\/wp\/v2\/types\/product"}],"replies":[{"embeddable":true,"href":"http:\/\/klubmamgdynia.pl\/index.php\/wp-json\/wp\/v2\/comments?post=8216"}],"wp:featuredmedia":[{"embeddable":true,"href":"http:\/\/klubmamgdynia.pl\/index.php\/wp-json\/wp\/v2\/media\/8217"}],"wp:attachment":[{"href":"http:\/\/klubmamgdynia.pl\/index.php\/wp-json\/wp\/v2\/media?parent=8216"}],"wp:term":[{"taxonomy":"product_cat","embeddable":true,"href":"http:\/\/klubmamgdynia.pl\/index.php\/wp-json\/wp\/v2\/product_cat?post=8216"},{"taxonomy":"product_tag","embeddable":true,"href":"http:\/\/klubmamgdynia.pl\/index.php\/wp-json\/wp\/v2\/product_tag?post=8216"}],"curies":[{"name":"wp","href":"https:\/\/api.w.org\/{rel}","templated":true}]}}