{"id":8220,"date":"2023-10-24T23:38:35","date_gmt":"2023-10-24T21:38:35","guid":{"rendered":"http:\/\/klubmamgdynia.pl\/?post_type=product&#038;p=8220"},"modified":"2026-05-17T23:15:44","modified_gmt":"2026-05-17T21:15:44","slug":"mga-moj-moj-pojemnik-niespodzianka-dwupak-seria-min-555650","status":"publish","type":"product","link":"http:\/\/klubmamgdynia.pl\/index.php\/produkt\/mga-moj-moj-pojemnik-niespodzianka-dwupak-seria-min-555650\/","title":{"rendered":"MGA Moj Moj Pojemnik Niespodzianka Dwupak Seria Min 555650"},"content":{"rendered":"<p>Unikalna kolekcja s\u0142odkich figurek niespodzianek Moj Moj. Jaka figurka znajduje si\u0119 w \u015brodku? To niespodzianka! Mi\u0119ciutkie, elastyczne i przyjemne w dotyku figurki. Ich przyjemny materia\u0142, z kt\u00f3rego s\u0105 wykonane przyci\u0105gnie ci\u0119 do gniecenia i \u015bciskania. Figurki idealnie nadaj\u0105 si\u0119 do kolekcjonowania. Do zebrania ponad 70 figurek Moj Moj. Ka\u017cda z nich jest wyj\u0105tkowa. R\u00f3\u017cni\u0105 si\u0119 od siebie stylem i wygl\u0105dem. Gniotki s\u0105 \u0142atwe w utrzymaniu czysto\u015bci. Mo\u017cna umy\u0107 je wod\u0105 z myd\u0142em. Dzi\u0119ki zawieszce mo\u017cesz mie\u0107 figurk\u0119 Moj Moj zawsze przy sobie.Zawarto\u015b\u0107 zestawu: 1 Moj Moj z serii Min &#8211; zawieszka 1 mini Moj Moj plakat kolekcjonerski Uwaga: Cena dotyczy jednego zestawu. Kapsu\u0142y niespodzianki s\u0105 wysy\u0142ane losowo. Nie ma mo\u017cliwo\u015bci wyboru konkretnego wzoru.<\/p>\n<h2>MGA Moj Moj Pojemnik Niespodzianka Dwupak Seria Min 555650 MGA<\/h2>\n<p>cytaty o dzieciach i rodzicach, misie z film\u00f3w animowanych, kaczuszka, bajki na dobranoc psi patrol, wpad\u0142a bomba do piwnicy, janusz korczak cytaty, imie lilianna, imiona z bajek, kolorowe kredki tekst, pomys\u0142 na prezent dla 15 latki, sporty po francusku, kolorowanki samochody, zagadki rymowane, dyplomy dla przedszkolak\u00f3w do wydrukowania, lol surprise kolorowanki, koty kolorowanki do druku<\/p>\n<p>yyyyy<\/p>\n<p>&nbsp;<\/p>\n","protected":false},"excerpt":{"rendered":"<p>Unikalna kolekcja s\u0142odkich figurek niespodzianek Moj Moj. Jaka figurka znajduje si\u0119 w \u015brodku? To niespodzianka! Mi\u0119ciutkie, elastyczne i przyjemne w dotyku figurki. Ich przyjemny materia\u0142, z kt\u00f3rego s\u0105 wykonane przyci\u0105gnie ci\u0119 do gniecenia i \u015bciskania. Figurki idealnie nadaj\u0105 si\u0119 do kolekcjonowania. Do zebrania ponad 70 figurek Moj Moj. Ka\u017cda z nich jest wyj\u0105tkowa. R\u00f3\u017cni\u0105 si\u0119 [&hellip;]<\/p>\n","protected":false},"featured_media":8221,"comment_status":"closed","ping_status":"open","template":"","meta":[],"product_cat":[95,301],"product_tag":[786,774,841,714],"class_list":["post-8220","product","type-product","status-publish","has-post-thumbnail","hentry","product_cat-figurki-makiety-i-zestawy","product_cat-mga","product_tag-prezent-na-1-urodziny","product_tag-prezent-na-roczek-nie-zabawka","product_tag-quiz-o-flagach","product_tag-zagadki-logiczne"],"_links":{"self":[{"href":"http:\/\/klubmamgdynia.pl\/index.php\/wp-json\/wp\/v2\/product\/8220","targetHints":{"allow":["GET"]}}],"collection":[{"href":"http:\/\/klubmamgdynia.pl\/index.php\/wp-json\/wp\/v2\/product"}],"about":[{"href":"http:\/\/klubmamgdynia.pl\/index.php\/wp-json\/wp\/v2\/types\/product"}],"replies":[{"embeddable":true,"href":"http:\/\/klubmamgdynia.pl\/index.php\/wp-json\/wp\/v2\/comments?post=8220"}],"wp:featuredmedia":[{"embeddable":true,"href":"http:\/\/klubmamgdynia.pl\/index.php\/wp-json\/wp\/v2\/media\/8221"}],"wp:attachment":[{"href":"http:\/\/klubmamgdynia.pl\/index.php\/wp-json\/wp\/v2\/media?parent=8220"}],"wp:term":[{"taxonomy":"product_cat","embeddable":true,"href":"http:\/\/klubmamgdynia.pl\/index.php\/wp-json\/wp\/v2\/product_cat?post=8220"},{"taxonomy":"product_tag","embeddable":true,"href":"http:\/\/klubmamgdynia.pl\/index.php\/wp-json\/wp\/v2\/product_tag?post=8220"}],"curies":[{"name":"wp","href":"https:\/\/api.w.org\/{rel}","templated":true}]}}