{"id":8222,"date":"2020-11-07T07:50:41","date_gmt":"2020-11-07T06:50:41","guid":{"rendered":"http:\/\/klubmamgdynia.pl\/index.php\/produkt\/rastar-auto-r-c-bmw-m3-114-czarny-na-pilota\/"},"modified":"2026-04-24T03:42:13","modified_gmt":"2026-04-24T01:42:13","slug":"rastar-auto-r-c-bmw-m3-114-czarny-na-pilota","status":"publish","type":"product","link":"http:\/\/klubmamgdynia.pl\/index.php\/produkt\/rastar-auto-r-c-bmw-m3-114-czarny-na-pilota\/","title":{"rendered":"Rastar Auto R\/C Bmw M3 1:14 Czarny Na Pilota"},"content":{"rendered":"<p>Auto R\/C BMW M3 Rastar 1:14 Czarny na PilotaJe\u017celi chcesz zosta\u0107 mistrzem kierownicy samochodu sportowego, to b\u0119dzie idealny zestaw dla Ciebie. Znakomity licencjonowany samoch\u00f3d zdalnie sterowany BMW M3w skali 1:14. Model wykonany na licencji BMW odwzorowany zosta\u0142 w najmniejszych szczeg\u00f3\u0142ach. Jest to bardzo pi\u0119kny i szybki model. Zar\u00f3wno karoseria, jak i pozosta\u0142e detale pojazdu zosta\u0142y przeniesione do mniejszej skali. Na drodze, sylwetka maszyny prezentuje si\u0119 lekko i dynamicznie. Amortyzowane zawieszenie daje p\u0142ynn\u0105 jazd\u0119. Frajd\u0119 zwi\u0119kszaj\u0105 \u015bwiec\u0105ce przednie i tylne \u015bwiat\u0142a zapalaj\u0105ce si\u0119 w trakcie ruchu. Ta wielofunkcyjna zabawka, bawi\u0105c jednocze\u015bnie rozwija koordynacj\u0119 ruchow\u0105 i sprawno\u015b\u0107 motoryczn\u0105 malucha. Wygodny do trzymania pilot zapewnia sterowanie do przodu, do ty\u0142u oraz skr\u0119canie w prawo i w lewo.G\u0142\u00f3wne zalety samochodu:- gumowe ko\u0142a \u015bwietnie imituj\u0105 opony- skala: 1:14- kolor: black- licencja: BMW- efekty \u015bwietlne- zdalnie sterowany- realistyczne wn\u0119trze pojazdu- cz\u0119stotliwo\u015b\u0107: 2.4 GHzElementy zestawu:- samoch\u00f3d sportowy- kontroler do zdalnego sterowania- instrukcja obs\u0142ugiWymiary element\u00f3w zestawu:- samoch\u00f3d sportowy: 32 cm x 15 cm x 11 cm- kontroler do zdalnego sterowania: 13.5 cm x 10 cmWymiary opakowania:43.5 cm x 23 cm x 18 cmAuto zasilane pi\u0119cioma bateriami &#8222;AA&#8221; 1.5 V (brak w zestawie), kontroler potrzebuje dw\u00f3ch baterii &#8222;AA&#8221; 1.5 V (brak w zestawie). Zabawka przeznaczona jest dla dzieci powy\u017cej 6. roku \u017cycia. Zestaw posiada certyfikat CE i jest zgodna z norm\u0105 EN 71. Zapakowany jest w kartonik z przezroczyst\u0105 witrynk\u0105, dzi\u0119ki czemu idealnie nadaje si\u0119 na prezent.<\/p>\n<h2>Rastar Auto R\/C Bmw M3 1:14 Czarny Na Pilota Rastar<\/h2>\n<p>jeremi, jaki prezent na roczek, test z ani z zielonego wzg\u00f3rza, prezent dla dziecka 1 rok, pomys\u0142 na prezent na roczek, zdrowe dania dla dzieci<\/p>\n<p>yyyyy<\/p>\n<p>&nbsp;<\/p>\n","protected":false},"excerpt":{"rendered":"<p>Auto R\/C BMW M3 Rastar 1:14 Czarny na PilotaJe\u017celi chcesz zosta\u0107 mistrzem kierownicy samochodu sportowego, to b\u0119dzie idealny zestaw dla Ciebie. Znakomity licencjonowany samoch\u00f3d zdalnie sterowany BMW M3w skali 1:14. Model wykonany na licencji BMW odwzorowany zosta\u0142 w najmniejszych szczeg\u00f3\u0142ach. Jest to bardzo pi\u0119kny i szybki model. Zar\u00f3wno karoseria, jak i pozosta\u0142e detale pojazdu zosta\u0142y [&hellip;]<\/p>\n","protected":false},"featured_media":8223,"comment_status":"closed","ping_status":"open","template":"","meta":[],"product_cat":[504,337],"product_tag":[662,655,826,771,601],"class_list":["post-8222","product","type-product","status-publish","has-post-thumbnail","hentry","product_cat-rastar","product_cat-zabawki-zdalnie-sterowane","product_tag-bajki-na-dobranoc","product_tag-najlepsze-zagadki","product_tag-prezent-dla-15-latka","product_tag-stolice-europy-quiz","product_tag-zagadki-co-to-jest"],"_links":{"self":[{"href":"http:\/\/klubmamgdynia.pl\/index.php\/wp-json\/wp\/v2\/product\/8222","targetHints":{"allow":["GET"]}}],"collection":[{"href":"http:\/\/klubmamgdynia.pl\/index.php\/wp-json\/wp\/v2\/product"}],"about":[{"href":"http:\/\/klubmamgdynia.pl\/index.php\/wp-json\/wp\/v2\/types\/product"}],"replies":[{"embeddable":true,"href":"http:\/\/klubmamgdynia.pl\/index.php\/wp-json\/wp\/v2\/comments?post=8222"}],"wp:featuredmedia":[{"embeddable":true,"href":"http:\/\/klubmamgdynia.pl\/index.php\/wp-json\/wp\/v2\/media\/8223"}],"wp:attachment":[{"href":"http:\/\/klubmamgdynia.pl\/index.php\/wp-json\/wp\/v2\/media?parent=8222"}],"wp:term":[{"taxonomy":"product_cat","embeddable":true,"href":"http:\/\/klubmamgdynia.pl\/index.php\/wp-json\/wp\/v2\/product_cat?post=8222"},{"taxonomy":"product_tag","embeddable":true,"href":"http:\/\/klubmamgdynia.pl\/index.php\/wp-json\/wp\/v2\/product_tag?post=8222"}],"curies":[{"name":"wp","href":"https:\/\/api.w.org\/{rel}","templated":true}]}}