{"id":8226,"date":"2018-08-07T02:20:27","date_gmt":"2018-08-07T00:20:27","guid":{"rendered":"http:\/\/klubmamgdynia.pl\/index.php\/produkt\/polska-gola-polska-hiszpania\/"},"modified":"2026-04-04T14:45:38","modified_gmt":"2026-04-04T12:45:38","slug":"polska-gola-polska-hiszpania","status":"publish","type":"product","link":"http:\/\/klubmamgdynia.pl\/index.php\/produkt\/polska-gola-polska-hiszpania\/","title":{"rendered":"Polska Gola Polska Hiszpania"},"content":{"rendered":"<p>Podejmij wyzwanie i pom\u00f3\u017c Polsce zdoby\u0107 Puchar \u015awiata FIFA!Polska, gola! to dynamiczna gra oddaj\u0105ca atmosfer\u0119 wielkich mecz\u00f3w pi\u0142karskich. Jest tu wszystko to, co kochaj\u0105 kibice: szybkie tempo, dynamiczne akcje, walka o pi\u0142k\u0119 i\u2026 krzyki maj\u0105ce doda\u0107 si\u0142 dru\u017cynie!Dzi\u0119ki prostym zasadom gra Polska, gola! stanowi \u015bwietn\u0105 rozrywk\u0119 dla ca\u0142ej rodziny, nie tylko dla kibic\u00f3w pi\u0142karskich!Dost\u0119pne s\u0105 2 wersje gry: w pierwszej rozgrywamy mecz Polska-Hiszpania, w drugiej Polska-Niemcy. Wyobra\u017a sobie, \u017ce w finale Mistrzostwa \u015awiata gramy z Hiszpani\u0105 lub Niemcami &#8211; wynik meczu zale\u017cy od Ciebie!Zawarto\u015b\u0107 pude\u0142ka:instrukcjakartyPodstawowe informacje:Ilo\u015b\u0107 os\u00f3b: 2-8Wiek: 8+Czas gry: 30 min.<\/p>\n<h2>Polska Gola Polska Hiszpania Nasza Ksi\u0119garnia<\/h2>\n<p>zaproszenia urodzinowe do druku, samoch\u00f3d kolorowanka do druku, malowanki do druku, sara, gry i zabawy dla dzieci, uk\u0142ad s\u0142oneczny dla dzieci, m.i.a., pola imie, tekst kolysanek, cyferki do druku, opowie\u015b\u0107 wigilijna test z odpowiedziami, w uk\u0142adzie s\u0142onecznym tekst, ry\u017c z owocami, zagadki dla dzieci 6-7 lat, jesienne zagadki, kolorowanka spiderman, filmy familijne walta disneya, warszawa dla dzieci, jak zrobi\u0107 samolot z papieru, co kupi\u0107 dziewczynce na roczek, psi patrol kolorowanka do druku<\/p>\n<p>yyyyy<\/p>\n<p>&nbsp;<\/p>\n","protected":false},"excerpt":{"rendered":"<p>Podejmij wyzwanie i pom\u00f3\u017c Polsce zdoby\u0107 Puchar \u015awiata FIFA!Polska, gola! to dynamiczna gra oddaj\u0105ca atmosfer\u0119 wielkich mecz\u00f3w pi\u0142karskich. Jest tu wszystko to, co kochaj\u0105 kibice: szybkie tempo, dynamiczne akcje, walka o pi\u0142k\u0119 i\u2026 krzyki maj\u0105ce doda\u0107 si\u0142 dru\u017cynie!Dzi\u0119ki prostym zasadom gra Polska, gola! stanowi \u015bwietn\u0105 rozrywk\u0119 dla ca\u0142ej rodziny, nie tylko dla kibic\u00f3w pi\u0142karskich!Dost\u0119pne s\u0105 [&hellip;]<\/p>\n","protected":false},"featured_media":8227,"comment_status":"closed","ping_status":"open","template":"","meta":[],"product_cat":[130,374],"product_tag":[606,822,809],"class_list":["post-8226","product","type-product","status-publish","has-post-thumbnail","hentry","product_cat-gry-dzieciece","product_cat-nasza-ksiegarnia","product_tag-stala-pod-sniegiem","product_tag-wierszyki-o-wakacjach-krotkie","product_tag-zagadki"],"_links":{"self":[{"href":"http:\/\/klubmamgdynia.pl\/index.php\/wp-json\/wp\/v2\/product\/8226","targetHints":{"allow":["GET"]}}],"collection":[{"href":"http:\/\/klubmamgdynia.pl\/index.php\/wp-json\/wp\/v2\/product"}],"about":[{"href":"http:\/\/klubmamgdynia.pl\/index.php\/wp-json\/wp\/v2\/types\/product"}],"replies":[{"embeddable":true,"href":"http:\/\/klubmamgdynia.pl\/index.php\/wp-json\/wp\/v2\/comments?post=8226"}],"wp:featuredmedia":[{"embeddable":true,"href":"http:\/\/klubmamgdynia.pl\/index.php\/wp-json\/wp\/v2\/media\/8227"}],"wp:attachment":[{"href":"http:\/\/klubmamgdynia.pl\/index.php\/wp-json\/wp\/v2\/media?parent=8226"}],"wp:term":[{"taxonomy":"product_cat","embeddable":true,"href":"http:\/\/klubmamgdynia.pl\/index.php\/wp-json\/wp\/v2\/product_cat?post=8226"},{"taxonomy":"product_tag","embeddable":true,"href":"http:\/\/klubmamgdynia.pl\/index.php\/wp-json\/wp\/v2\/product_tag?post=8226"}],"curies":[{"name":"wp","href":"https:\/\/api.w.org\/{rel}","templated":true}]}}