{"id":8228,"date":"2020-08-12T20:12:59","date_gmt":"2020-08-12T18:12:59","guid":{"rendered":"http:\/\/klubmamgdynia.pl\/index.php\/produkt\/bruder-hak-z-adapterem-do-dzwigu-hds-42269\/"},"modified":"2026-04-26T15:35:43","modified_gmt":"2026-04-26T13:35:43","slug":"bruder-hak-z-adapterem-do-dzwigu-hds-42269","status":"publish","type":"product","link":"http:\/\/klubmamgdynia.pl\/index.php\/produkt\/bruder-hak-z-adapterem-do-dzwigu-hds-42269\/","title":{"rendered":"Bruder Hak z adapterem do d\u017awigu hds (42269)"},"content":{"rendered":"<p>CZ\u0118\u015a\u0106 ZAMIENNA:Hak z adapterem do d\u017awigu hdsPasuje do modeli- 02133 \u0141adowacz John Deere 1210E z chwytakiem- 02252 Przyczepa z hds do transportu drewna- 02824 MACK z \u017curawiem hds z pniami- 03042 Traktor Fendt 936 Vario le\u015bny z chwytakiem- 03053 Traktor John Deere 7930 le\u015bny \u0142adowacz- 03092 Traktor Steyr CVT le\u015bny z \u0142adowaczem- 03093 Traktor Steyr z \u0142adowaczem + przyczepa- 03097 Traktor Case IH Puma CVX 230 do prac le\u015bnych- 03098 Traktor Case Puma do prac le\u015bnych z przyczep\u0105 i pniami- 03524 Scania z \u017curawiem hds i pniami- 03651 Mercedes Arocs z d\u017awigiem HDS i akcesoriamiO MARCE BRUDER:BRUDER \u2013 to czo\u0142owy niemiecki producent zabawek dzia\u0142aj\u0105cy od 1926r. Wszystkie zabawki s\u0105 odwzorowaniem rzeczywistych maszyn i pojazd\u00f3w i s\u0105 wykonane w jednakowej skali 1:16 co sprawia, \u017ce mo\u017cna je ze sob\u0105 \u0142\u0105czy\u0107. Zabawki Bruder pobudzaj\u0105 wyobra\u017ani\u0119, kreatywno\u015b\u0107 i pozwalaj\u0105 dziecku w bezpieczny spos\u00f3b poznawa\u0107 realny \u015bwiat. Wszystkie produkty firmy Bruder s\u0105 produkowane od pocz\u0105tku do ko\u0144ca w Niemczech z wykorzystaniem najwy\u017cszej jako\u015bci tworzyw sztucznych oraz najnowszych technologii. Wszystkie produkty pakowane s\u0105 w oryginalne opakowania i wysy\u0142ane do ponad 60 kraj\u00f3w na ca\u0142ym \u015bwiecie. Wysoka jako\u015b\u0107 i dost\u0119pno\u015b\u0107 cz\u0119\u015bci zamiennych gwarantuje Pa\u0144stwu \u017ce zabawki pos\u0142u\u017c\u0105 przez wiele lat.Zabawki Bruder posiadaj\u0105 rekomendacj\u0119 &#8222;spiel gut&#8221; (bawi\u0105 dobrze) niezale\u017cnego grona konsumenckiego co oznacza, \u017ce zosta\u0142a przetestowana przez dzieci i zbadana przez ekspert\u00f3w z pozytywnym rezultatem. Ocenie zosta\u0142y poddane: walory rozrywkowe, wykorzystane materia\u0142y, konstrukcja, trwa\u0142o\u015b\u0107, bezpiecze\u0144stwo, wzornictwo, rozmiar, jasno\u015b\u0107 instrukcji obs\u0142ug oraz dopasowanie do odpowiedniej grupy wiekowej.Wszystkie zabawki Bruder spe\u0142niaj\u0105 Europejsk\u0105 Norm\u0119 Bezpiecze\u0144stwa Zabawek.<\/p>\n<h2>Bruder Hak z adapterem do d\u017awigu hds (42269) Bruder<\/h2>\n<p>kolorowanki ninjago, list do gwiazdora, \u0142atwe ale podchwytliwe zagadki, testy na znaki drogowe, kolorowanka europa, opis do zdj\u0119cia z dzieckiem, maski karnawa\u0142owe do druku, darmowe quizy, dymitr, Keyword, po\u0142\u0105cz kropki do druku, prezent dla 7 latka ch\u0142opca, traktor z przyczep\u0105 kolorowanka, god\u0142o polski do druku, psi patrol do czytania, prezenty urodzinowe dla nastolatk\u00f3w, basen warszawa, warszawa atrakcje dla dzieci, imie leon<\/p>\n<p>yyyyy<\/p>\n<p>&nbsp;<\/p>\n","protected":false},"excerpt":{"rendered":"<p>CZ\u0118\u015a\u0106 ZAMIENNA:Hak z adapterem do d\u017awigu hdsPasuje do modeli- 02133 \u0141adowacz John Deere 1210E z chwytakiem- 02252 Przyczepa z hds do transportu drewna- 02824 MACK z \u017curawiem hds z pniami- 03042 Traktor Fendt 936 Vario le\u015bny z chwytakiem- 03053 Traktor John Deere 7930 le\u015bny \u0142adowacz- 03092 Traktor Steyr CVT le\u015bny z \u0142adowaczem- 03093 Traktor Steyr [&hellip;]<\/p>\n","protected":false},"featured_media":8229,"comment_status":"closed","ping_status":"open","template":"","meta":[],"product_cat":[83,1076],"product_tag":[871,685,759],"class_list":["post-8228","product","type-product","status-publish","has-post-thumbnail","hentry","product_cat-auta-i-inne-pojazdy-do-zabawy","product_cat-bruder","product_tag-bajka-o-smoku-wawelskim","product_tag-cytaty-o-rodzinie","product_tag-pomysly-na-prezent-dla-nastolatkow"],"_links":{"self":[{"href":"http:\/\/klubmamgdynia.pl\/index.php\/wp-json\/wp\/v2\/product\/8228","targetHints":{"allow":["GET"]}}],"collection":[{"href":"http:\/\/klubmamgdynia.pl\/index.php\/wp-json\/wp\/v2\/product"}],"about":[{"href":"http:\/\/klubmamgdynia.pl\/index.php\/wp-json\/wp\/v2\/types\/product"}],"replies":[{"embeddable":true,"href":"http:\/\/klubmamgdynia.pl\/index.php\/wp-json\/wp\/v2\/comments?post=8228"}],"wp:featuredmedia":[{"embeddable":true,"href":"http:\/\/klubmamgdynia.pl\/index.php\/wp-json\/wp\/v2\/media\/8229"}],"wp:attachment":[{"href":"http:\/\/klubmamgdynia.pl\/index.php\/wp-json\/wp\/v2\/media?parent=8228"}],"wp:term":[{"taxonomy":"product_cat","embeddable":true,"href":"http:\/\/klubmamgdynia.pl\/index.php\/wp-json\/wp\/v2\/product_cat?post=8228"},{"taxonomy":"product_tag","embeddable":true,"href":"http:\/\/klubmamgdynia.pl\/index.php\/wp-json\/wp\/v2\/product_tag?post=8228"}],"curies":[{"name":"wp","href":"https:\/\/api.w.org\/{rel}","templated":true}]}}