{"id":8230,"date":"2024-10-31T23:37:22","date_gmt":"2024-10-31T22:37:22","guid":{"rendered":"http:\/\/klubmamgdynia.pl\/?post_type=product&#038;p=8230"},"modified":"2026-04-24T03:15:08","modified_gmt":"2026-04-24T01:15:08","slug":"kameleon-rc-led-inteligentny-robot-777-618-2-4-ghz","status":"publish","type":"product","link":"http:\/\/klubmamgdynia.pl\/index.php\/produkt\/kameleon-rc-led-inteligentny-robot-777-618-2-4-ghz\/","title":{"rendered":"Kameleon RC LED Inteligentny Robot 777-618 2.4 Ghz"},"content":{"rendered":"<p>KAMELEON RC LEDUroczy kameleon sterowany zdalnie za pomoc\u0105 pilota.Uruchom tego s\u0142odziaka i postaraj si\u0119 go nakarmi\u0107!Kameleon mo\u017ce porusza\u0107 si\u0119 w ka\u017cdym kierunku w poszukiwaniu &#8222;owad\u00f3w&#8221;. Pilot dzia\u0142a na odleg\u0142o\u015b\u0107 nawet 30 metr\u00f3w!To pozwoli Ci zabra\u0107 swojego zwierzaka na spacer r\u00f3wnie\u017c poza domem.Zabawa ze zdalnie sterowanym kameleonem pozwoli dziecku rozwin\u0105\u0107 umiej\u0119tno\u015b\u0107 logicznego my\u015blenia, precyzji. Zapewni godziny rozrywki. Pozwoli bawi\u0107 si\u0119 z rodzicami lub rodze\u0144stwem, kt\u00f3rzy rozmieszczaj\u0105 owady, za\u015b kameleon wyrusza na ich poszukiwanie.Za pomoc\u0105 przycisku kameleon wysuwa szybko j\u0119zyk, dzi\u0119ki czemu \u0142apie owady. Wyceluj i chwy\u0107! Nakarm t\u0119 s\u0142odk\u0105 jaszczurk\u0119.Jak prawdziwy kameleon zabawka zmienia kolory, a jej oczy obracaj\u0105 si\u0119 we wszystkich kierunkach!Jaszczurka potrafi te\u017c rusza\u0107 ogonem, a przy &#8222;polowaniu&#8221; wydaje z siebie d\u017awi\u0119ki.Kameleon jest wyposa\u017cony w lampki LED umieszczone na grzbiecie i w oczach.Dzi\u0119ki temu zmienia kolor &#8211; a\u017c 6 opcji umaszczenia Twojego zwierzaka!Wykonany z mocnego plastiku, z nowoczesnym designem na bokach &#8211; ten uroczy zwierzak szybko stanie si\u0119 przyjacielem Twojego dziecka!Odporny nawet na intensywn\u0105 zabaw\u0119 i uderzanie o meble.Zabawka oszcz\u0119dza bateri\u0119 &#8211; nieu\u017cywana przez 10 minut wy\u0142\u0105czy si\u0119 sama.W zestawie:Kameleon w kolorze bia\u0142ymPilot w kolorze bia\u0142ym (cz\u0119stotliwo\u015b\u0107 2,4 G)4 &#8222;owady&#8221;Robot &#8211; kameleon dzia\u0142a na 4 baterie AAA.Pilot potrzebuje 2 baterii AAA do dzia\u0142ania.Opakowanie nie zawiera baterii.Zabawka odpowiednia dla dzieci powy\u017cej 3 roku \u017cycia.<\/p>\n<h2>Kameleon RC LED Inteligentny Robot 777-618 2.4 Ghz Inny<\/h2>\n<p>kr\u00f3tkie zagadki dla doros\u0142ych, zaczarowana zagroda &#8211; test, matylda imi\u0119, ju\u017c blisko kol\u0119da tekst, jesienne zagadki, znaki drogowe quizy, bajki na dobranoc psi patrol, sky kolorowanka, atrakcje dla dzieci wielkopolska, mia imi\u0119, choinko pi\u0119kna jak las tekst<\/p>\n<p>yyyyy<\/p>\n<p>&nbsp;<\/p>\n","protected":false},"excerpt":{"rendered":"<p>KAMELEON RC LEDUroczy kameleon sterowany zdalnie za pomoc\u0105 pilota.Uruchom tego s\u0142odziaka i postaraj si\u0119 go nakarmi\u0107!Kameleon mo\u017ce porusza\u0107 si\u0119 w ka\u017cdym kierunku w poszukiwaniu &#8222;owad\u00f3w&#8221;. Pilot dzia\u0142a na odleg\u0142o\u015b\u0107 nawet 30 metr\u00f3w!To pozwoli Ci zabra\u0107 swojego zwierzaka na spacer r\u00f3wnie\u017c poza domem.Zabawa ze zdalnie sterowanym kameleonem pozwoli dziecku rozwin\u0105\u0107 umiej\u0119tno\u015b\u0107 logicznego my\u015blenia, precyzji. Zapewni godziny [&hellip;]<\/p>\n","protected":false},"featured_media":8231,"comment_status":"closed","ping_status":"open","template":"","meta":[],"product_cat":[169,337],"product_tag":[686,734,718,843,822,760],"class_list":["post-8230","product","type-product","status-publish","has-post-thumbnail","hentry","product_cat-inny","product_cat-zabawki-zdalnie-sterowane","product_tag-co-na-roczek-dla-chlopca","product_tag-milan-imie","product_tag-prezent-na-roczek-dla-chrzesniaka","product_tag-smieszne-zagadki-dla-dzieci","product_tag-wierszyki-o-wakacjach-krotkie","product_tag-zagadka-matematyczna"],"_links":{"self":[{"href":"http:\/\/klubmamgdynia.pl\/index.php\/wp-json\/wp\/v2\/product\/8230","targetHints":{"allow":["GET"]}}],"collection":[{"href":"http:\/\/klubmamgdynia.pl\/index.php\/wp-json\/wp\/v2\/product"}],"about":[{"href":"http:\/\/klubmamgdynia.pl\/index.php\/wp-json\/wp\/v2\/types\/product"}],"replies":[{"embeddable":true,"href":"http:\/\/klubmamgdynia.pl\/index.php\/wp-json\/wp\/v2\/comments?post=8230"}],"wp:featuredmedia":[{"embeddable":true,"href":"http:\/\/klubmamgdynia.pl\/index.php\/wp-json\/wp\/v2\/media\/8231"}],"wp:attachment":[{"href":"http:\/\/klubmamgdynia.pl\/index.php\/wp-json\/wp\/v2\/media?parent=8230"}],"wp:term":[{"taxonomy":"product_cat","embeddable":true,"href":"http:\/\/klubmamgdynia.pl\/index.php\/wp-json\/wp\/v2\/product_cat?post=8230"},{"taxonomy":"product_tag","embeddable":true,"href":"http:\/\/klubmamgdynia.pl\/index.php\/wp-json\/wp\/v2\/product_tag?post=8230"}],"curies":[{"name":"wp","href":"https:\/\/api.w.org\/{rel}","templated":true}]}}