{"id":8232,"date":"2014-02-13T19:43:26","date_gmt":"2014-02-13T18:43:26","guid":{"rendered":"http:\/\/klubmamgdynia.pl\/index.php\/produkt\/bobles-donut-szary\/"},"modified":"2026-04-06T06:16:44","modified_gmt":"2026-04-06T04:16:44","slug":"bobles-donut-szary","status":"publish","type":"product","link":"http:\/\/klubmamgdynia.pl\/index.php\/produkt\/bobles-donut-szary\/","title":{"rendered":"Bobles \u00ae Donut Szary"},"content":{"rendered":"<p>Kto nie kocha skaka\u0107? Wierzymy, \u017ce ka\u017cde dziecko i ka\u017cda dzieci\u0119ca dusza powinna posiada\u0107 p\u0105czka bObles , po prostu dlatego, \u017ce skakanie jest zabaw\u0105 dla wszystkich. bObles Donut jest dost\u0119pny w trzech rozmiarach, po jednym dla ka\u017cdego cz\u0142onka rodziny. Ale to, \u017ce jeste\u015b wysoki, nie musi oznacza\u0107, \u017ce powiniene\u015b mie\u0107 wi\u0119kszego p\u0105czka. Mama lub tata na pewno pokochaj\u0105 ruch i koncentracj\u0119, kt\u00f3re wynikaj\u0105 z siedzenia na ma\u0142ym p\u0105czku na krze\u015ble. Tak jak ma\u0142e dziecko u\u015bmiecha si\u0119 z zachwytu, gdy wzmacnia sw\u00f3j kark i plecy na Donut Medium . Obr\u00f3\u0107 p\u0105czka na bok i ciesz si\u0119 maluchami, dzie\u0107mi i doros\u0142ymi skacz\u0105cymi po salonie. Odbijanie si\u0119 jest \u015bwietn\u0105 zabaw\u0105 dla Twojego dziecka, kt\u00f3re mo\u017ce siedzie\u0107 na Donucie, podczas gdy mama trzyma go na r\u0119kach. Kiedy dzieci k\u0142ad\u0105 r\u0105czki na bObles i lekko w nie stukaj\u0105, mog\u0105 poczu\u0107 zabawne wibracje, kt\u00f3re wyzwalaj\u0105 ekscytacj\u0119 i ciekawo\u015b\u0107. Kiedy p\u0105czek jest wciskany w dno, wytwarza si\u0119 pr\u00f3\u017cnia i p\u0105czek przywiera do dna. Je\u015bli masz wi\u0119cej ni\u017c jeden, mo\u017cesz je naklei\u0107 jeden na drugi. Szczeg\u00f3\u0142y produktu: Wymiary (\u015brednica x wysoko\u015b\u0107): ok. 40 &#8211; 45 x 25 cm. Materia\u0142: elastyczna guma, pianka EVA Wykonane bez niebezpiecznych ftalan\u00f3w i toksyn &#8211; Testowane dla dzieci Nie pozostawia \u015blad\u00f3w na pod\u0142odze R\u00f3\u017cne funkcje, wszechstronny Wskaz\u00f3wki piel\u0119gnacyjne: Czy\u015bci\u0107 wod\u0105 Dostarczane bez napompowania Wiek: od urodzenia Uwaga bObles Zabawki i meble motorowe s\u0105 wykonywane r\u0119cznie. Mog\u0105 wyst\u0105pi\u0107 r\u00f3\u017cnice w kolorze i rozmiarze. Ten artyku\u0142 jest dostarczany w nienaoliwionej formie!<\/p>\n<h2>Bobles \u00ae Donut Szary <\/h2>\n<p>zdania do pisania dla dzieci do wydruku, prezent dla m\u0142odzie\u017cy, zagadki dla przedszkolak\u00f3w, quiz o bajkach, wielkanocne zagadki, wzory dyplom\u00f3w do pobrania, \u017cyczenia wielkanocne dla dzieci kr\u00f3tkie, bajka o smoku wawelskim, dyplomy do druku pdf, ja\u015bmina imie, warsztaty dla dzieci warszawa, quiz opowie\u015bci z narnii, gabriela imie, sentencje o przyja\u017ani<\/p>\n<p><a href=\"https:\/\/www.hiperpharm.pl\/spirytus-salicylowy-100-g-amara.html\">salicylowy spirytus<\/a><\/p>\n<p>&nbsp;<\/p>\n","protected":false},"excerpt":{"rendered":"<p>Kto nie kocha skaka\u0107? Wierzymy, \u017ce ka\u017cde dziecko i ka\u017cda dzieci\u0119ca dusza powinna posiada\u0107 p\u0105czka bObles , po prostu dlatego, \u017ce skakanie jest zabaw\u0105 dla wszystkich. bObles Donut jest dost\u0119pny w trzech rozmiarach, po jednym dla ka\u017cdego cz\u0142onka rodziny. Ale to, \u017ce jeste\u015b wysoki, nie musi oznacza\u0107, \u017ce powiniene\u015b mie\u0107 wi\u0119kszego p\u0105czka. Mama lub tata [&hellip;]<\/p>\n","protected":false},"featured_media":8233,"comment_status":"closed","ping_status":"open","template":"","meta":[],"product_cat":[295],"product_tag":[833,638,872],"class_list":["post-8232","product","type-product","status-publish","has-post-thumbnail","hentry","product_cat-pozostale-zabawki","product_tag-bajki-dla-dzieci-do-czytania","product_tag-miastodzieci","product_tag-zagadki-dla-dzieci-6-lat"],"_links":{"self":[{"href":"http:\/\/klubmamgdynia.pl\/index.php\/wp-json\/wp\/v2\/product\/8232","targetHints":{"allow":["GET"]}}],"collection":[{"href":"http:\/\/klubmamgdynia.pl\/index.php\/wp-json\/wp\/v2\/product"}],"about":[{"href":"http:\/\/klubmamgdynia.pl\/index.php\/wp-json\/wp\/v2\/types\/product"}],"replies":[{"embeddable":true,"href":"http:\/\/klubmamgdynia.pl\/index.php\/wp-json\/wp\/v2\/comments?post=8232"}],"wp:featuredmedia":[{"embeddable":true,"href":"http:\/\/klubmamgdynia.pl\/index.php\/wp-json\/wp\/v2\/media\/8233"}],"wp:attachment":[{"href":"http:\/\/klubmamgdynia.pl\/index.php\/wp-json\/wp\/v2\/media?parent=8232"}],"wp:term":[{"taxonomy":"product_cat","embeddable":true,"href":"http:\/\/klubmamgdynia.pl\/index.php\/wp-json\/wp\/v2\/product_cat?post=8232"},{"taxonomy":"product_tag","embeddable":true,"href":"http:\/\/klubmamgdynia.pl\/index.php\/wp-json\/wp\/v2\/product_tag?post=8232"}],"curies":[{"name":"wp","href":"https:\/\/api.w.org\/{rel}","templated":true}]}}