{"id":8234,"date":"2024-07-27T04:02:26","date_gmt":"2024-07-27T02:02:26","guid":{"rendered":"http:\/\/klubmamgdynia.pl\/?post_type=product&#038;p=8234"},"modified":"2026-04-05T23:04:55","modified_gmt":"2026-04-05T21:04:55","slug":"ramiz-pojazd-audi-r8-spyder-rs-eva-2-4g-czerwony-15099","status":"publish","type":"product","link":"http:\/\/klubmamgdynia.pl\/index.php\/produkt\/ramiz-pojazd-audi-r8-spyder-rs-eva-2-4g-czerwony-15099\/","title":{"rendered":"Ramiz Pojazd Audi R8 Spyder Rs Eva 2.4G Czerwony 15099"},"content":{"rendered":"<p>Cechy podstawowe:silnik: 2 x 45Wakumulator: 2 x 6V \/ 7Ahpilot: 2.4GHz, przycisk bezpiecze\u0144stwa stop, 3 szybko\u015bcimaksymalne obci\u0105\u017cenie: 30 kgko\u0142a: piankowe EVAbiegi: wolny start, 2 biegi (quick\/slow), prz\u00f3d\/ty\u0142\u015bwiat\u0142a: LED, prz\u00f3d, ty\u0142, wy\u0142\u0105cznik \u015bwiate\u0142panel audio: radio FM, MP3, Bluetooth, wej\u015bcie AUX, wgrane melodyjki, przyciski d\u017awi\u0119k\u00f3w i klaksonu w kierownicywska\u017anika na\u0142adowaniapasy bezpiecze\u0144stwaotwierane drzwisiedzenia z ekosk\u00f3ryWymiary:d\u0142ugo\u015b\u0107: ok. 123 cmszeroko\u015b\u0107: ok. 63 cmwysoko\u015b\u0107: ok. 35 cmko\u0142a: \u015brednica ok. 25 cm, szeroko\u015b\u0107: 10 cmsiedzenie: szeroko\u015b\u0107 35 cm, g\u0142\u0119boko\u015b\u0107 18 cm, wysoko\u015b\u0107 30 cmprze\u015bwit: 8 cmkarton: 123 cm x 63 cm x 35 cmInformacje dodatkowe:waga pojazdu: ok. 18 kgwaga kartonu: ok. 22 kgwyposa\u017c dodatkowe: instrukcja + zestaw monta\u017cowy, \u0142adowarka z diod\u0105 kontroluj\u0105c\u0105 na\u0142adowanie baterii, kabel MiniJack, pilot, USB PenDrive 1Gb z filmem instrukta\u017cowym, pokrowiec<\/p>\n<h2>Ramiz Pojazd Audi R8 Spyder Rs Eva 2.4G Czerwony 15099 Ramiz<\/h2>\n<p>zagadki dla dzieci 10 lat, test z opowie\u015bci z narnii, uk\u0142ad s\u0142oneczny dla dzieci do druku, zaproszenia urodzinowe do druku, szlaczki literopodobne do wydruku, kolorowanka lego friends, p\u0142atki \u015bniegu szablon, mandala kolorowanka, mi\u0142o\u015b\u0107 do dziecka cytaty, quiz konie, aurelia imi\u0119, celina<\/p>\n<p>yyyyy<\/p>\n<p>&nbsp;<\/p>\n","protected":false},"excerpt":{"rendered":"<p>Cechy podstawowe:silnik: 2 x 45Wakumulator: 2 x 6V \/ 7Ahpilot: 2.4GHz, przycisk bezpiecze\u0144stwa stop, 3 szybko\u015bcimaksymalne obci\u0105\u017cenie: 30 kgko\u0142a: piankowe EVAbiegi: wolny start, 2 biegi (quick\/slow), prz\u00f3d\/ty\u0142\u015bwiat\u0142a: LED, prz\u00f3d, ty\u0142, wy\u0142\u0105cznik \u015bwiate\u0142panel audio: radio FM, MP3, Bluetooth, wej\u015bcie AUX, wgrane melodyjki, przyciski d\u017awi\u0119k\u00f3w i klaksonu w kierownicywska\u017anika na\u0142adowaniapasy bezpiecze\u0144stwaotwierane drzwisiedzenia z ekosk\u00f3ryWymiary:d\u0142ugo\u015b\u0107: ok. 123 cmszeroko\u015b\u0107: [&hellip;]<\/p>\n","protected":false},"featured_media":8235,"comment_status":"closed","ping_status":"open","template":"","meta":[],"product_cat":[36,24],"product_tag":[660,690,816,762,725,615],"class_list":["post-8234","product","type-product","status-publish","has-post-thumbnail","hentry","product_cat-ramiz","product_cat-samochody-dla-dzieci","product_tag-bianka","product_tag-pieski-male-dwa-tekst","product_tag-place-zabaw-warszawa","product_tag-trudne-zagadki-dla-dzieci","product_tag-zgadywanki","product_tag-znane-misie-z-filmow-animowanych"],"_links":{"self":[{"href":"http:\/\/klubmamgdynia.pl\/index.php\/wp-json\/wp\/v2\/product\/8234","targetHints":{"allow":["GET"]}}],"collection":[{"href":"http:\/\/klubmamgdynia.pl\/index.php\/wp-json\/wp\/v2\/product"}],"about":[{"href":"http:\/\/klubmamgdynia.pl\/index.php\/wp-json\/wp\/v2\/types\/product"}],"replies":[{"embeddable":true,"href":"http:\/\/klubmamgdynia.pl\/index.php\/wp-json\/wp\/v2\/comments?post=8234"}],"wp:featuredmedia":[{"embeddable":true,"href":"http:\/\/klubmamgdynia.pl\/index.php\/wp-json\/wp\/v2\/media\/8235"}],"wp:attachment":[{"href":"http:\/\/klubmamgdynia.pl\/index.php\/wp-json\/wp\/v2\/media?parent=8234"}],"wp:term":[{"taxonomy":"product_cat","embeddable":true,"href":"http:\/\/klubmamgdynia.pl\/index.php\/wp-json\/wp\/v2\/product_cat?post=8234"},{"taxonomy":"product_tag","embeddable":true,"href":"http:\/\/klubmamgdynia.pl\/index.php\/wp-json\/wp\/v2\/product_tag?post=8234"}],"curies":[{"name":"wp","href":"https:\/\/api.w.org\/{rel}","templated":true}]}}