{"id":8238,"date":"2014-05-17T00:15:40","date_gmt":"2014-05-16T22:15:40","guid":{"rendered":"http:\/\/klubmamgdynia.pl\/index.php\/produkt\/malplay-zabawka-do-kapieli-krokodylek-222286\/"},"modified":"2026-05-17T22:00:16","modified_gmt":"2026-05-17T20:00:16","slug":"malplay-zabawka-do-kapieli-krokodylek-222286","status":"publish","type":"product","link":"http:\/\/klubmamgdynia.pl\/index.php\/produkt\/malplay-zabawka-do-kapieli-krokodylek-222286\/","title":{"rendered":"Malplay Zabawka Do K\u0105pieli Krokodylek (222286)"},"content":{"rendered":"<p>Zabawka do k\u0105pieli krokodylek jest \u015bwietn\u0105 opcj\u0105 aby umili\u0107 dziecku ka\u017cd\u0105 k\u0105piel w wannie lub basenie.Wszystkie elementy s\u0105 starannie wykonane z bezpiecznych dla dzieci materia\u0142\u00f3w, w intensywnych i \u0142adnych kolorach kt\u00f3re przyci\u0105gaj\u0105 wzrok.Kolorowe, gumowe zwierz\u0105tka mo\u017cna z\u0142apa\u0107 za pomoc\u0105 paszczy krokodyla w kt\u00f3rej to znajduje si\u0119 siatka.Zabawka ta pomaga dziecku rozwin\u0105\u0107 jego zdolno\u015bci motoryczne i koordynacj\u0119 r\u0119ka-oko.Dzi\u0119ki zamocowanemu na ko\u0144cu krokodyla uchwytowi, mo\u017cna, po sko\u0144czonej zabawie odwiesi\u0107 zabawk\u0119.Parametry:Wymiary krokodyla: d\u0142ugo\u015b\u0107: 16 cmWymiary zabawek: w najszerszxym miejscu ok. 5,5cmD\u0142ugo\u015b\u0107 siatki: 12 cmWymiary otworu paszczy krokodyla: 9 x 9,5 cmPakowane w blister: 22,5 x 34 x ok 8 cmWiek: 18 miesi\u0119cy+W zestawie:3 gumowe zabawki: ryba, konik morski, o\u015bmiornicaKrokodylek z ruchom\u0105 paszcz\u0105<\/p>\n<h2>Malplay Zabawka Do K\u0105pieli Krokodylek (222286) Malplay<\/h2>\n<p>bajki dla niemowl\u0105t, kotki kolorowanka, zagadki na bal karnawa\u0142owy w przedszkolu, ko\u0142ysanka dla dzieci tekst, na wyspach bergamutach tekst, zagadki o bajkach, kolorowanka konie, test narnia lew czarownica i stara szafa, cukierku ty \u0142obuzie test, trudne zagadki matematyczne, gda\u0144sk atrakcje dla m\u0142odzie\u017cy, przysz\u0142a zima bia\u0142a, paloma, kolorowanka ze zdj\u0119cia, szlaczki do druku, prezent na urodziny dla nastolatk\u00f3w<\/p>\n<p>yyyyy<\/p>\n<p>&nbsp;<\/p>\n","protected":false},"excerpt":{"rendered":"<p>Zabawka do k\u0105pieli krokodylek jest \u015bwietn\u0105 opcj\u0105 aby umili\u0107 dziecku ka\u017cd\u0105 k\u0105piel w wannie lub basenie.Wszystkie elementy s\u0105 starannie wykonane z bezpiecznych dla dzieci materia\u0142\u00f3w, w intensywnych i \u0142adnych kolorach kt\u00f3re przyci\u0105gaj\u0105 wzrok.Kolorowe, gumowe zwierz\u0105tka mo\u017cna z\u0142apa\u0107 za pomoc\u0105 paszczy krokodyla w kt\u00f3rej to znajduje si\u0119 siatka.Zabawka ta pomaga dziecku rozwin\u0105\u0107 jego zdolno\u015bci motoryczne i [&hellip;]<\/p>\n","protected":false},"featured_media":8239,"comment_status":"closed","ping_status":"open","template":"","meta":[],"product_cat":[84,295],"product_tag":[803,721,767],"class_list":["post-8238","product","type-product","status-publish","has-post-thumbnail","hentry","product_cat-malplay","product_cat-pozostale-zabawki","product_tag-szlaczki-do-druku","product_tag-zagadki-matematyczne","product_tag-zaproszenia-urodzinowe-do-druku"],"_links":{"self":[{"href":"http:\/\/klubmamgdynia.pl\/index.php\/wp-json\/wp\/v2\/product\/8238","targetHints":{"allow":["GET"]}}],"collection":[{"href":"http:\/\/klubmamgdynia.pl\/index.php\/wp-json\/wp\/v2\/product"}],"about":[{"href":"http:\/\/klubmamgdynia.pl\/index.php\/wp-json\/wp\/v2\/types\/product"}],"replies":[{"embeddable":true,"href":"http:\/\/klubmamgdynia.pl\/index.php\/wp-json\/wp\/v2\/comments?post=8238"}],"wp:featuredmedia":[{"embeddable":true,"href":"http:\/\/klubmamgdynia.pl\/index.php\/wp-json\/wp\/v2\/media\/8239"}],"wp:attachment":[{"href":"http:\/\/klubmamgdynia.pl\/index.php\/wp-json\/wp\/v2\/media?parent=8238"}],"wp:term":[{"taxonomy":"product_cat","embeddable":true,"href":"http:\/\/klubmamgdynia.pl\/index.php\/wp-json\/wp\/v2\/product_cat?post=8238"},{"taxonomy":"product_tag","embeddable":true,"href":"http:\/\/klubmamgdynia.pl\/index.php\/wp-json\/wp\/v2\/product_tag?post=8238"}],"curies":[{"name":"wp","href":"https:\/\/api.w.org\/{rel}","templated":true}]}}