{"id":824,"date":"2011-11-26T08:23:58","date_gmt":"2011-11-26T07:23:58","guid":{"rendered":"http:\/\/klubmamgdynia.pl\/index.php\/produkt\/barbie-lalka-dreamtopia-sparkle-mountain-fjc84-fjc86\/"},"modified":"2026-05-17T22:35:09","modified_gmt":"2026-05-17T20:35:09","slug":"barbie-lalka-dreamtopia-sparkle-mountain-fjc84-fjc86","status":"publish","type":"product","link":"http:\/\/klubmamgdynia.pl\/index.php\/produkt\/barbie-lalka-dreamtopia-sparkle-mountain-fjc84-fjc86\/","title":{"rendered":"Barbie Lalka Dreamtopia Sparkle Mountain FJC84 FJC86"},"content":{"rendered":"<p>Lalka Barbie Dreamtopia Klejnotowa Wr\u00f3\u017cka FJC86<\/p>\n<h2>Barbie Lalka Dreamtopia Sparkle Mountain FJC84 FJC86 Barbie<\/h2>\n<p>zabawki dla rocznej dziewczynki, test dynastia mizio\u0142k\u00f3w, prezenty na roczek dla ch\u0142opca, spos\u00f3b na elfa test, mega trudne zagadki logiczne, u\u015bmiech dziecka wiersz, magiczne drzewo czerwone krzes\u0142o test, trudne zagadki dla dzieci, kolorowanka ksi\u0119\u017cniczka, jasmin imie, tajemniczy ogr\u00f3d test z odpowiedziami<\/p>\n<p>yyyyy<\/p>\n<p>&nbsp;<\/p>\n","protected":false},"excerpt":{"rendered":"<p>Lalka Barbie Dreamtopia Klejnotowa Wr\u00f3\u017cka FJC86 Barbie Lalka Dreamtopia Sparkle Mountain FJC84 FJC86 Barbie zabawki dla rocznej dziewczynki, test dynastia mizio\u0142k\u00f3w, prezenty na roczek dla ch\u0142opca, spos\u00f3b na elfa test, mega trudne zagadki logiczne, u\u015bmiech dziecka wiersz, magiczne drzewo czerwone krzes\u0142o test, trudne zagadki dla dzieci, kolorowanka ksi\u0119\u017cniczka, jasmin imie, tajemniczy ogr\u00f3d test z odpowiedziami [&hellip;]<\/p>\n","protected":false},"featured_media":825,"comment_status":"closed","ping_status":"open","template":"","meta":[],"product_cat":[173,65],"product_tag":[802,727,766,818,866,708],"class_list":["post-824","product","type-product","status-publish","has-post-thumbnail","hentry","product_cat-barbie","product_cat-lalki","product_tag-co-kupic-dziewczynce-na-roczek","product_tag-godlo-polski-do-druku","product_tag-kira","product_tag-oliwier","product_tag-opis-do-zdjecia-dziecka-na-fb","product_tag-zabawy-ruchowe-dla-dzieci"],"_links":{"self":[{"href":"http:\/\/klubmamgdynia.pl\/index.php\/wp-json\/wp\/v2\/product\/824","targetHints":{"allow":["GET"]}}],"collection":[{"href":"http:\/\/klubmamgdynia.pl\/index.php\/wp-json\/wp\/v2\/product"}],"about":[{"href":"http:\/\/klubmamgdynia.pl\/index.php\/wp-json\/wp\/v2\/types\/product"}],"replies":[{"embeddable":true,"href":"http:\/\/klubmamgdynia.pl\/index.php\/wp-json\/wp\/v2\/comments?post=824"}],"wp:featuredmedia":[{"embeddable":true,"href":"http:\/\/klubmamgdynia.pl\/index.php\/wp-json\/wp\/v2\/media\/825"}],"wp:attachment":[{"href":"http:\/\/klubmamgdynia.pl\/index.php\/wp-json\/wp\/v2\/media?parent=824"}],"wp:term":[{"taxonomy":"product_cat","embeddable":true,"href":"http:\/\/klubmamgdynia.pl\/index.php\/wp-json\/wp\/v2\/product_cat?post=824"},{"taxonomy":"product_tag","embeddable":true,"href":"http:\/\/klubmamgdynia.pl\/index.php\/wp-json\/wp\/v2\/product_tag?post=824"}],"curies":[{"name":"wp","href":"https:\/\/api.w.org\/{rel}","templated":true}]}}