{"id":8240,"date":"2019-09-11T21:44:56","date_gmt":"2019-09-11T19:44:56","guid":{"rendered":"http:\/\/klubmamgdynia.pl\/index.php\/produkt\/schleich-dinozaur-baryonyx-15022\/"},"modified":"2026-04-06T20:56:49","modified_gmt":"2026-04-06T18:56:49","slug":"schleich-dinozaur-baryonyx-15022","status":"publish","type":"product","link":"http:\/\/klubmamgdynia.pl\/index.php\/produkt\/schleich-dinozaur-baryonyx-15022\/","title":{"rendered":"Schleich Dinozaur Baryonyx 15022"},"content":{"rendered":"<p>Wszystkie figurki firmy Schleich projektowane s\u0105 z naciskiem na szczeg\u00f3\u0142y oraz s\u0105 starannie r\u0119cznie malowane, co sprawia, \u017ce mog\u0105 stanowi\u0107 doskona\u0142\u0105 zabawk\u0119, pozycj\u0119 kolekcjonersk\u0105 lub upominek. \u015awiat dinozaur\u00f3w pozwala dzieciom rozwija\u0107 swoj\u0105 fascynacj\u0119 prehistorycznymi czasami i stworzeniami poprzez zabaw\u0119 i edukacj\u0119. Kiedy barionyks z serii Schleich(R) Dinosaurs otwiera sw\u0105 ruchom\u0105 szcz\u0119k\u0119, b\u0142yszcz\u0105 jego gro\u017ane, ostre z\u0119by.D\u0142uga, w\u0105ska i p\u0142aska czaszka barionyksa z serii Schleich(R) Dinosaurs przypomina paszcz\u0119 krokodyla, czyni\u0105c z niego szczeg\u00f3lnie interesuj\u0105cego prehistorycznego jaszczura. Dinozaur ten polowa\u0142 prawdopodobnie g\u0142\u00f3wnie w wodzie, a specjalny kszta\u0142t paszczy pozwala\u0142 mu na idealne zanurzanie i \u0142apanie ryb. Ponadto na pierwszym palcu ko\u0144czyn przednich posiada\u0142 wyj\u0105tkowo pot\u0119\u017cne i ci\u0119\u017ckie pazury s\u0142u\u017c\u0105ce do chwytania zdobyczy. NAZWA BARYONYX PRODUCENT SCHLEICH WIEK 3+ WYMIARY 240 X 100 X 100 MM EAN 4059433029979 Znajd\u017a podobne wed\u0142ug klucza: SCHLEICH (361398)<\/p>\n<h2>Schleich Dinozaur Baryonyx 15022 Schleich<\/h2>\n<p>quiz spos\u00f3b na alcybiadesa, zadania logiczne dla dzieci, cytaty o dziecku i mamie, literki do druku, logiczne zagadki dla dzieci, mitologia grecka test wiedzy, po\u0142\u0105cz kropki do druku, rozalia imie, kolorowanka kotka, jak zrobi\u0107 samolot z papieru, weso\u0142e pisanki tekst piosenki, prezent dla nastolatk\u00f3w 2020, wiersz na wielkanocnym stole<\/p>\n<p>yyyyy<\/p>\n<p>&nbsp;<\/p>\n","protected":false},"excerpt":{"rendered":"<p>Wszystkie figurki firmy Schleich projektowane s\u0105 z naciskiem na szczeg\u00f3\u0142y oraz s\u0105 starannie r\u0119cznie malowane, co sprawia, \u017ce mog\u0105 stanowi\u0107 doskona\u0142\u0105 zabawk\u0119, pozycj\u0119 kolekcjonersk\u0105 lub upominek. \u015awiat dinozaur\u00f3w pozwala dzieciom rozwija\u0107 swoj\u0105 fascynacj\u0119 prehistorycznymi czasami i stworzeniami poprzez zabaw\u0119 i edukacj\u0119. Kiedy barionyks z serii Schleich(R) Dinosaurs otwiera sw\u0105 ruchom\u0105 szcz\u0119k\u0119, b\u0142yszcz\u0105 jego gro\u017ane, ostre [&hellip;]<\/p>\n","protected":false},"featured_media":8241,"comment_status":"closed","ping_status":"open","template":"","meta":[],"product_cat":[95,952],"product_tag":[644,687,737,712],"class_list":["post-8240","product","type-product","status-publish","has-post-thumbnail","hentry","product_cat-figurki-makiety-i-zestawy","product_cat-schleich","product_tag-mia","product_tag-podchwytliwe-zagadki-matematyczne","product_tag-test-z-lektury-felix-net-i-nika-oraz-gang-niewidzialnych-ludzi","product_tag-zagadki-o-zwierzetach"],"_links":{"self":[{"href":"http:\/\/klubmamgdynia.pl\/index.php\/wp-json\/wp\/v2\/product\/8240","targetHints":{"allow":["GET"]}}],"collection":[{"href":"http:\/\/klubmamgdynia.pl\/index.php\/wp-json\/wp\/v2\/product"}],"about":[{"href":"http:\/\/klubmamgdynia.pl\/index.php\/wp-json\/wp\/v2\/types\/product"}],"replies":[{"embeddable":true,"href":"http:\/\/klubmamgdynia.pl\/index.php\/wp-json\/wp\/v2\/comments?post=8240"}],"wp:featuredmedia":[{"embeddable":true,"href":"http:\/\/klubmamgdynia.pl\/index.php\/wp-json\/wp\/v2\/media\/8241"}],"wp:attachment":[{"href":"http:\/\/klubmamgdynia.pl\/index.php\/wp-json\/wp\/v2\/media?parent=8240"}],"wp:term":[{"taxonomy":"product_cat","embeddable":true,"href":"http:\/\/klubmamgdynia.pl\/index.php\/wp-json\/wp\/v2\/product_cat?post=8240"},{"taxonomy":"product_tag","embeddable":true,"href":"http:\/\/klubmamgdynia.pl\/index.php\/wp-json\/wp\/v2\/product_tag?post=8240"}],"curies":[{"name":"wp","href":"https:\/\/api.w.org\/{rel}","templated":true}]}}