{"id":8246,"date":"2021-06-29T18:20:31","date_gmt":"2021-06-29T16:20:31","guid":{"rendered":"http:\/\/klubmamgdynia.pl\/index.php\/produkt\/barbie-lalka-spacer-z-pieskiem-czyscioszkiem-dwj68\/"},"modified":"2026-04-03T17:33:12","modified_gmt":"2026-04-03T15:33:12","slug":"barbie-lalka-spacer-z-pieskiem-czyscioszkiem-dwj68","status":"publish","type":"product","link":"http:\/\/klubmamgdynia.pl\/index.php\/produkt\/barbie-lalka-spacer-z-pieskiem-czyscioszkiem-dwj68\/","title":{"rendered":"Barbie Lalka Spacer Z Pieskiem Czy\u015bcioszkiem DWJ68"},"content":{"rendered":"<p>Lalka Barbie Mattel BARBIE Spacer z pieskiemDWJ68Pom\u00f3\u017c Barbie podczas spaceru i naucz pieska czysto\u015bci.Nakr\u0119\u0107 pokr\u0119t\u0142o na boku szczeniaczka i poci\u0105gnij za smycz, a szczeniaczek zacznie samodzielnie chodzi\u0107! Kiedy nadejdzie czas na toalet\u0119, naci\u015bnij ogon pieska. Barbie posprz\u0105ta po szczeniaczku dzi\u0119ki do\u0142\u0105czonej miote\u0142ce i szufelce. Miseczka i pasuj\u0105ca do pyszczka ko\u015b\u0107 to nagrody dla pieska! Barbie ma na sobie top w paski i jeansowe spodenki z r\u00f3\u017cowymi bucikami. W zestawie lalka Barbie z dodatkami, szczeniaczek ze smycz\u0105, miote\u0142ka i szufelka, plastikowe &#8222;kupki&#8221;, miseczka i psi smako\u0142yk. Lalka nie stoi i nie chodzi samodzielnie.<\/p>\n<h2>Barbie Lalka Spacer Z Pieskiem Czy\u015bcioszkiem DWJ68 Barbie<\/h2>\n<p>prezent dla 7 latka na urodziny, prezent dla nastolatk\u00f3w 2020, ahmed, sta\u0142a pod \u015bniegiem, malowanie kamieni, test narnia lew czarownica i stara szafa, szlaczki dla dzieci do druku, wycinanki do druku<\/p>\n<p>yyyyy<\/p>\n<p>&nbsp;<\/p>\n","protected":false},"excerpt":{"rendered":"<p>Lalka Barbie Mattel BARBIE Spacer z pieskiemDWJ68Pom\u00f3\u017c Barbie podczas spaceru i naucz pieska czysto\u015bci.Nakr\u0119\u0107 pokr\u0119t\u0142o na boku szczeniaczka i poci\u0105gnij za smycz, a szczeniaczek zacznie samodzielnie chodzi\u0107! Kiedy nadejdzie czas na toalet\u0119, naci\u015bnij ogon pieska. Barbie posprz\u0105ta po szczeniaczku dzi\u0119ki do\u0142\u0105czonej miote\u0142ce i szufelce. Miseczka i pasuj\u0105ca do pyszczka ko\u015b\u0107 to nagrody dla pieska! Barbie [&hellip;]<\/p>\n","protected":false},"featured_media":8247,"comment_status":"closed","ping_status":"open","template":"","meta":[],"product_cat":[173,65],"product_tag":[853,688,872,694],"class_list":["post-8246","product","type-product","status-publish","has-post-thumbnail","hentry","product_cat-barbie","product_cat-lalki","product_tag-kolorowanki-do-druku-dla-doroslych","product_tag-kolysanki-tekst","product_tag-zagadki-dla-dzieci-6-lat","product_tag-zagadki-swiateczne-dla-dzieci"],"_links":{"self":[{"href":"http:\/\/klubmamgdynia.pl\/index.php\/wp-json\/wp\/v2\/product\/8246","targetHints":{"allow":["GET"]}}],"collection":[{"href":"http:\/\/klubmamgdynia.pl\/index.php\/wp-json\/wp\/v2\/product"}],"about":[{"href":"http:\/\/klubmamgdynia.pl\/index.php\/wp-json\/wp\/v2\/types\/product"}],"replies":[{"embeddable":true,"href":"http:\/\/klubmamgdynia.pl\/index.php\/wp-json\/wp\/v2\/comments?post=8246"}],"wp:featuredmedia":[{"embeddable":true,"href":"http:\/\/klubmamgdynia.pl\/index.php\/wp-json\/wp\/v2\/media\/8247"}],"wp:attachment":[{"href":"http:\/\/klubmamgdynia.pl\/index.php\/wp-json\/wp\/v2\/media?parent=8246"}],"wp:term":[{"taxonomy":"product_cat","embeddable":true,"href":"http:\/\/klubmamgdynia.pl\/index.php\/wp-json\/wp\/v2\/product_cat?post=8246"},{"taxonomy":"product_tag","embeddable":true,"href":"http:\/\/klubmamgdynia.pl\/index.php\/wp-json\/wp\/v2\/product_tag?post=8246"}],"curies":[{"name":"wp","href":"https:\/\/api.w.org\/{rel}","templated":true}]}}