{"id":8248,"date":"2020-04-10T18:09:17","date_gmt":"2020-04-10T16:09:17","guid":{"rendered":"http:\/\/klubmamgdynia.pl\/index.php\/produkt\/adar-411663-zestaw-kuchenny-herbaciany-zabawka\/"},"modified":"2026-05-01T17:57:38","modified_gmt":"2026-05-01T15:57:38","slug":"adar-411663-zestaw-kuchenny-herbaciany-zabawka","status":"publish","type":"product","link":"http:\/\/klubmamgdynia.pl\/index.php\/produkt\/adar-411663-zestaw-kuchenny-herbaciany-zabawka\/","title":{"rendered":"Adar 411663 Zestaw Kuchenny Herbaciany &#8211; Zabawka"},"content":{"rendered":"<p>411663 ZESTAW KUCHENNY HERBACIANY Wymiary opakowania: 38 cm x 24 cm x 3 cm<\/p>\n<h2>Adar 411663 Zestaw Kuchenny Herbaciany &#8211; Zabawka Adar<\/h2>\n<p>ko\u0142ysanki dla dzieci tekst, zrobi\u0107 laurk\u0119 laurka dla babci, kolorowanki do wydrukowania, zaproszenie na urodziny dziecka do druku, \u015bwinka peppa kolorowanka do druku, cytat z ma\u0142ego ksi\u0119cia o przyja\u017ani<\/p>\n<p>yyyyy<\/p>\n<p>&nbsp;<\/p>\n","protected":false},"excerpt":{"rendered":"<p>411663 ZESTAW KUCHENNY HERBACIANY Wymiary opakowania: 38 cm x 24 cm x 3 cm Adar 411663 Zestaw Kuchenny Herbaciany &#8211; Zabawka Adar ko\u0142ysanki dla dzieci tekst, zrobi\u0107 laurk\u0119 laurka dla babci, kolorowanki do wydrukowania, zaproszenie na urodziny dziecka do druku, \u015bwinka peppa kolorowanka do druku, cytat z ma\u0142ego ksi\u0119cia o przyja\u017ani yyyyy &nbsp;<\/p>\n","protected":false},"featured_media":8249,"comment_status":"closed","ping_status":"open","template":"","meta":[],"product_cat":[175,53],"product_tag":[658,747,842,751,608],"class_list":["post-8248","product","type-product","status-publish","has-post-thumbnail","hentry","product_cat-adar","product_cat-kaciki-zabaw","product_tag-alan-znaczenie-imienia","product_tag-malowanki-do-druku","product_tag-plac-zabaw-poznan","product_tag-psi-patrol-kolorowanka","product_tag-zagadki-i-odpowiedzi"],"_links":{"self":[{"href":"http:\/\/klubmamgdynia.pl\/index.php\/wp-json\/wp\/v2\/product\/8248","targetHints":{"allow":["GET"]}}],"collection":[{"href":"http:\/\/klubmamgdynia.pl\/index.php\/wp-json\/wp\/v2\/product"}],"about":[{"href":"http:\/\/klubmamgdynia.pl\/index.php\/wp-json\/wp\/v2\/types\/product"}],"replies":[{"embeddable":true,"href":"http:\/\/klubmamgdynia.pl\/index.php\/wp-json\/wp\/v2\/comments?post=8248"}],"wp:featuredmedia":[{"embeddable":true,"href":"http:\/\/klubmamgdynia.pl\/index.php\/wp-json\/wp\/v2\/media\/8249"}],"wp:attachment":[{"href":"http:\/\/klubmamgdynia.pl\/index.php\/wp-json\/wp\/v2\/media?parent=8248"}],"wp:term":[{"taxonomy":"product_cat","embeddable":true,"href":"http:\/\/klubmamgdynia.pl\/index.php\/wp-json\/wp\/v2\/product_cat?post=8248"},{"taxonomy":"product_tag","embeddable":true,"href":"http:\/\/klubmamgdynia.pl\/index.php\/wp-json\/wp\/v2\/product_tag?post=8248"}],"curies":[{"name":"wp","href":"https:\/\/api.w.org\/{rel}","templated":true}]}}