{"id":8250,"date":"2020-08-10T02:13:38","date_gmt":"2020-08-10T00:13:38","guid":{"rendered":"http:\/\/klubmamgdynia.pl\/index.php\/produkt\/kingdom-hearts-hd-2-8-final-chapter-prologue-gra-ps4\/"},"modified":"2026-04-22T12:29:22","modified_gmt":"2026-04-22T10:29:22","slug":"kingdom-hearts-hd-2-8-final-chapter-prologue-gra-ps4","status":"publish","type":"product","link":"http:\/\/klubmamgdynia.pl\/index.php\/produkt\/kingdom-hearts-hd-2-8-final-chapter-prologue-gra-ps4\/","title":{"rendered":"Kingdom Hearts Hd 2.8: Final Chapter Prologue (Gra PS4)"},"content":{"rendered":"<p>Limitowana Edycja<\/p>\n<p>Limitowana Edycja gry Kingdom Hearts HD 2.8 Final Chapter Prologue zawiera trzy niezapomniane przygody:Kingdom Hearts Dream Drop Distance HDKingdom Hearts 0.2 Birth by Sleep &#8211; A fragmentary passageKingdom Hearts X Back CoverDodatkowo edycja zawiera ekskluzywn\u0105, oficjaln\u0105 kolekcjonersk\u0105 przypink\u0119 Disneya.                            <\/p>\n<p>            Kingdom Hearts przeniesione na PlayStation 4<\/p>\n<p>Kingdom Hearts HD 2.8 Final Chapter Prologue to zestaw, kt\u00f3ry przenosi popularne Kingdom Hearts Dream Drop Distance na PlayStation 4 w od\u015bwie\u017conej wersji HD.Ulepszony tytu\u0142 oferuje now\u0105 zawarto\u015b\u0107: Kingdom Hearts 0.2 Birth By Sleep \u2013 A fragmentary passage, grywalny epizod przedstawiony z perspektywy Aquy, kt\u00f3ry rozgrywa si\u0119 po wydarzeniach z Kingdom Hearts Birth By Sleep i stanowi po\u0142\u0105czenie z nadchodz\u0105cym Kingdom Hearts III.Tytu\u0142 zawiera r\u00f3wnie\u017c Kingdom Hearts [chi] Back Cover, nowy film w jako\u015bci HD, kt\u00f3ry opowiada tajemnicz\u0105 histori\u0119 Przepowiadaczy i \u0142\u0105czy fabu\u0142\u0119 poprzednich cz\u0119\u015bci serii.                            <\/p>\n<p>            Pokonaj Mistrza Xehanorta<\/p>\n<p>Akcja Kingdom Hearts: Dream Drop Distance HD rozgrywa si\u0119 tu\u017c po zako\u0144czeniu Kingdom Hearts II. Sora oraz Riku rozpoczynaj\u0105 trening pod skrzyd\u0142ami Yena Sida. Ma on na celu przygotowa\u0107 ich do konfrontacji z nadchodz\u0105cym zagro\u017ceniem ze strony Mistrza Xehanorta.Aby sprawdzi\u0107 nabyte przez przyjaci\u00f3\u0142 umiej\u0119tno\u015bci, nauczyciel zleca im pokonanie stwor\u00f3w zwanych Dream Eaterami. Opanowa\u0142y one \u015bwiaty wyzwolone spod wp\u0142yw\u00f3w Heartless i Organizacji XIII.<\/p>\n<h2>Kingdom Hearts Hd 2.8: Final Chapter Prologue (Gra PS4) Square Enix<\/h2>\n<p>jazda konna dla dzieci, test z lektury miko\u0142ajek do druku, test z dynastii mizio\u0142k\u00f3w, kolorowanka wr\u00f3\u017cka, atrakcje dla dzieci w warszawie dzi\u015b, bajki na dobranoc do czytania, bajki na dobranoc psi patrol, kundel bury tekst, prezenty dla m\u0142odzie\u017cy, zagadki wielkanocne dla doros\u0142ych, julian, konkurs dla dzieci, karty pracy polsko ukrai\u0144skie, zagadki dla dzieci 6-7 lat, lato, prezent dla nastolatka<\/p>\n<p>yyyyy<\/p>\n<p>&nbsp;<\/p>\n","protected":false},"excerpt":{"rendered":"<p>Limitowana Edycja Limitowana Edycja gry Kingdom Hearts HD 2.8 Final Chapter Prologue zawiera trzy niezapomniane przygody:Kingdom Hearts Dream Drop Distance HDKingdom Hearts 0.2 Birth by Sleep &#8211; A fragmentary passageKingdom Hearts X Back CoverDodatkowo edycja zawiera ekskluzywn\u0105, oficjaln\u0105 kolekcjonersk\u0105 przypink\u0119 Disneya. Kingdom Hearts przeniesione na PlayStation 4 Kingdom Hearts HD 2.8 Final Chapter Prologue to [&hellip;]<\/p>\n","protected":false},"featured_media":8251,"comment_status":"closed","ping_status":"open","template":"","meta":[],"product_cat":[203,355],"product_tag":[835,709,860],"class_list":["post-8250","product","type-product","status-publish","has-post-thumbnail","hentry","product_cat-gry-playstation-4","product_cat-square-enix","product_tag-radosc-dziecka-cytaty","product_tag-zagadki-dla-dzieci-6-7-lat","product_tag-zagadki-logiczne-dla-doroslych"],"_links":{"self":[{"href":"http:\/\/klubmamgdynia.pl\/index.php\/wp-json\/wp\/v2\/product\/8250","targetHints":{"allow":["GET"]}}],"collection":[{"href":"http:\/\/klubmamgdynia.pl\/index.php\/wp-json\/wp\/v2\/product"}],"about":[{"href":"http:\/\/klubmamgdynia.pl\/index.php\/wp-json\/wp\/v2\/types\/product"}],"replies":[{"embeddable":true,"href":"http:\/\/klubmamgdynia.pl\/index.php\/wp-json\/wp\/v2\/comments?post=8250"}],"wp:featuredmedia":[{"embeddable":true,"href":"http:\/\/klubmamgdynia.pl\/index.php\/wp-json\/wp\/v2\/media\/8251"}],"wp:attachment":[{"href":"http:\/\/klubmamgdynia.pl\/index.php\/wp-json\/wp\/v2\/media?parent=8250"}],"wp:term":[{"taxonomy":"product_cat","embeddable":true,"href":"http:\/\/klubmamgdynia.pl\/index.php\/wp-json\/wp\/v2\/product_cat?post=8250"},{"taxonomy":"product_tag","embeddable":true,"href":"http:\/\/klubmamgdynia.pl\/index.php\/wp-json\/wp\/v2\/product_tag?post=8250"}],"curies":[{"name":"wp","href":"https:\/\/api.w.org\/{rel}","templated":true}]}}