{"id":8252,"date":"2025-09-11T23:47:23","date_gmt":"2025-09-11T21:47:23","guid":{"rendered":"http:\/\/klubmamgdynia.pl\/?post_type=product&#038;p=8252"},"modified":"2026-05-17T22:18:05","modified_gmt":"2026-05-17T20:18:05","slug":"tm-toys-zestaw-podwojny-boom-city-racers-boom-yah-x","status":"publish","type":"product","link":"http:\/\/klubmamgdynia.pl\/index.php\/produkt\/tm-toys-zestaw-podwojny-boom-city-racers-boom-yah-x\/","title":{"rendered":"Tm Toys Zestaw Podw\u00f3jny Boom City Racers \u2013 Boom Yah! X"},"content":{"rendered":"<p>Boom City Racers Wystrza\u0142owe wy\u015bcigi pe\u0142ne emocji 2-pak samodzodzik\u00f3wDzi\u0119ki autom i wyrzutniom Boom City Racers zabawa samochodami stanie si\u0119 jeszcze bardziej ekscytuj\u0105ca! To idealny wyb\u00f3r dla energicznych dzieci, kt\u00f3re z najwi\u0119ksz\u0105 przyjemno\u015bci\u0105 odnajduj\u0105 w psotach i ekspresyjnym wyra\u017caniu siebie. Boom City Racers zapewnia nowy wymiar frajdy dzi\u0119ki b\u0142yskawicznie szybkim, wytrzyma\u0142ym, odpornym na kraksy samochodom stworzonym do skok\u00f3w, zderze\u0144, wpadania na przeszkody i totalnej demolki!Boom City Racers 2-pak samochodzik\u00f3w &#8211; Podw\u00f3jne wyzwanie \u2013 zestaw zawiera 2 samochody, dost\u0119pny w 4 wersjach, z czego ka\u017cdy drugi samoch\u00f3d to niespodzianka.Boom City Racers to najbardziej wybuchowe samochody w historii! Zasilane za pomoc\u0105 linki wyrzutni i ko\u0142a nap\u0119dowego, samochody pokonuj\u0105 niesamowite trasy z superszybk\u0105 pr\u0119dko\u015bci\u0105. Przy zderzeniu z przeszkodami samoch\u00f3d WYBUCHA! Z\u0142\u00f3\u017c go ponownie i zacznij wy\u015bcig od nowa.Charakterystyka produktu:Zestaw zawiera: 2 wybuchowe samochody, mini wyrzutnia, linka oraz instrukcja obs\u0142ugiSolidno\u015b\u0107 i dba\u0142o\u015b\u0107 o szczeg\u00f3\u0142y, z jakimi wykonano zestawy Boom City Racers, nie tylko zachwycaj\u0105 kolorami i kszta\u0142tami, lecz umo\u017cliwiaj\u0105 fascynuj\u0105c\u0105 zabaw\u0119 bogat\u0105 w nieoczekiwane zwroty akcji bez ryzyka spowodowania trwa\u0142ych uszkodze\u0144 zabawek.Do produkcji zestaw\u00f3w wykorzystano wysokiej jako\u015bci przetestowane i nietoksyczne tworzywa, kt\u00f3rych u\u017cytkowanie nie wi\u0105\u017ce si\u0119 dla dziecka z \u017cadnym ryzykiem. Boom City Racers to gwarancja najwy\u017cszych standard\u00f3w bezpiecze\u0144stwa.Wszystkie auta z tej serii rozpadaj\u0105 si\u0119 podczas zderze\u0144 z przeszkodami i to w\u0142a\u015bnie jest kluczem ekscytuj\u0105cej zabawy, na kt\u00f3r\u0105 skusz\u0105 si\u0119 nie tylko najm\u0142odsi. Bez obaw &#8211; auto szybko da si\u0119 ponownie z\u0142o\u017cy\u0107<\/p>\n<h2>Tm Toys Zestaw Podw\u00f3jny Boom City Racers \u2013 Boom Yah! X TM Toys<\/h2>\n<p>wakacyjne kolorowanki, prima aprilis pomys\u0142y, lol kolorowanki, przysz\u0142a zima bia\u0142a, quiz o koniach, karolcia test z lektury, test wiedzy zemsta, zabawki na roczek dla dziewczynki, zosia samosia wiersz, zabawka na roczek, mi\u0142osz imie, sabina, bursztynek bursztynek<\/p>\n<p>yyyyy<\/p>\n<p>&nbsp;<\/p>\n","protected":false},"excerpt":{"rendered":"<p>Boom City Racers Wystrza\u0142owe wy\u015bcigi pe\u0142ne emocji 2-pak samodzodzik\u00f3wDzi\u0119ki autom i wyrzutniom Boom City Racers zabawa samochodami stanie si\u0119 jeszcze bardziej ekscytuj\u0105ca! To idealny wyb\u00f3r dla energicznych dzieci, kt\u00f3re z najwi\u0119ksz\u0105 przyjemno\u015bci\u0105 odnajduj\u0105 w psotach i ekspresyjnym wyra\u017caniu siebie. Boom City Racers zapewnia nowy wymiar frajdy dzi\u0119ki b\u0142yskawicznie szybkim, wytrzyma\u0142ym, odpornym na kraksy samochodom stworzonym [&hellip;]<\/p>\n","protected":false},"featured_media":8253,"comment_status":"closed","ping_status":"open","template":"","meta":[],"product_cat":[83,145],"product_tag":[663,775,800],"class_list":["post-8252","product","type-product","status-publish","has-post-thumbnail","hentry","product_cat-auta-i-inne-pojazdy-do-zabawy","product_cat-tm-toys","product_tag-kolorowanki-dla-dzieci-do-druku","product_tag-kolorowanki-do-druku-pokemon","product_tag-zagadki-smieszne"],"_links":{"self":[{"href":"http:\/\/klubmamgdynia.pl\/index.php\/wp-json\/wp\/v2\/product\/8252","targetHints":{"allow":["GET"]}}],"collection":[{"href":"http:\/\/klubmamgdynia.pl\/index.php\/wp-json\/wp\/v2\/product"}],"about":[{"href":"http:\/\/klubmamgdynia.pl\/index.php\/wp-json\/wp\/v2\/types\/product"}],"replies":[{"embeddable":true,"href":"http:\/\/klubmamgdynia.pl\/index.php\/wp-json\/wp\/v2\/comments?post=8252"}],"wp:featuredmedia":[{"embeddable":true,"href":"http:\/\/klubmamgdynia.pl\/index.php\/wp-json\/wp\/v2\/media\/8253"}],"wp:attachment":[{"href":"http:\/\/klubmamgdynia.pl\/index.php\/wp-json\/wp\/v2\/media?parent=8252"}],"wp:term":[{"taxonomy":"product_cat","embeddable":true,"href":"http:\/\/klubmamgdynia.pl\/index.php\/wp-json\/wp\/v2\/product_cat?post=8252"},{"taxonomy":"product_tag","embeddable":true,"href":"http:\/\/klubmamgdynia.pl\/index.php\/wp-json\/wp\/v2\/product_tag?post=8252"}],"curies":[{"name":"wp","href":"https:\/\/api.w.org\/{rel}","templated":true}]}}