{"id":8258,"date":"2020-11-21T16:58:26","date_gmt":"2020-11-21T15:58:26","guid":{"rendered":"http:\/\/klubmamgdynia.pl\/index.php\/produkt\/bruder-figurka-bialej-kobiety-60408\/"},"modified":"2026-04-23T09:58:27","modified_gmt":"2026-04-23T07:58:27","slug":"bruder-figurka-bialej-kobiety-60408","status":"publish","type":"product","link":"http:\/\/klubmamgdynia.pl\/index.php\/produkt\/bruder-figurka-bialej-kobiety-60408\/","title":{"rendered":"Bruder Figurka bia\u0142ej kobiety 60408"},"content":{"rendered":"<p>.                            <\/p>\n<p>\u00a0                            <\/p>\n<p>BRUDER\u00a060408\u00a0Figurka kobietyNr katalogowy:\u00a060408Wiek dziecka: +4Seria:\u00a0bWorldSkala: 1:16Wymiary:\u00a010,7 cmMateria\u0142:\u00a0wysokiej jako\u015bci plastikOpakowanie:\u00a0oryginalny karton                            <\/p>\n<p>\u00a0                            <\/p>\n<p>OPIS PRODUKTUFigurk\u0119 kobiety\u00a0mo\u017cesz wykorzystywa\u0107 jako dodatek do maszyn firmy Bruder. Posta\u0107 sprawdzi si\u0119 jako operator maszyn lub pozosta\u0142ych pojazd\u00f3w. Zabawka jest sporej wysoko\u015bci, dzi\u0119ki czemu mo\u017cna u\u017cywa\u0107 jej tak\u017ce do samodzielnej zabawy. Figurka zosta\u0142a odwzorowana w skali 1:16 z wysok\u0105 precyzj\u0105 oraz dok\u0142adnymi szczeg\u00f3\u0142ami. Przeznaczona jest do zabawy dla dzieci powy\u017cej 4 roku \u017cycia ze wzgl\u0119du na wyst\u0119powanie ma\u0142ych element\u00f3w.Figurka kobiety wykonana jest z najwy\u017cszej jako\u015bci tworzywa sztucznego, przy zachowaniu intensywno\u015bci kolor\u00f3w, kt\u00f3re nadaj\u0105 figurce eleganckiego wygl\u0105du.Figurka kobiety ma ruchome ko\u0144czyny, dzi\u0119ki czemu mo\u017ce ustawi\u0107 j\u0105 w dowolnej pozie, nadaje si\u0119 tak\u017ce na operatora traktora lub pozosta\u0142ych pojazd\u00f3w.                            <\/p>\n<p>\u00a0                            <\/p>\n<p>O MARCE BRUDERBRUDER \u2013 to czo\u0142owy niemiecki producent zabawek dzia\u0142aj\u0105cy od 1926r. Wszystkie zabawki s\u0105 odwzorowaniem rzeczywistych maszyn i pojazd\u00f3w i s\u0105 wykonane w jednakowej skali 1:16 co sprawia, \u017ce mo\u017cna je ze sob\u0105 \u0142\u0105czy\u0107. Zabawki Bruder pobudzaj\u0105 wyobra\u017ani\u0119, kreatywno\u015b\u0107 i pozwalaj\u0105 dziecku w bezpieczny spos\u00f3b poznawa\u0107 realny \u015bwiat. Wszystkie produkty firmy Bruder s\u0105 produkowane od pocz\u0105tku do ko\u0144ca w Niemczech z wykorzystaniem najwy\u017cszej jako\u015bci tworzyw sztucznych oraz najnowszych technologii.\u00a0Wszystkie produkty pakowane s\u0105 w oryginalne opakowania i wysy\u0142ane do ponad 60 kraj\u00f3w na ca\u0142ym \u015bwiecie. Wysoka jako\u015b\u0107 i dost\u0119pno\u015b\u0107 cz\u0119\u015bci zamiennych gwarantuje Pa\u0144stwu \u017ce zabawki pos\u0142u\u017c\u0105 przez wiele lat.                            <\/p>\n<p>Zabawki Bruder posiadaj\u0105 rekomendacj\u0119 &#8222;spiel gut&#8221; (bawi\u0105 dobrze) niezale\u017cnego grona konsumenckiego co oznacza, \u017ce zosta\u0142a przetestowana przez dzieci i zbadana przez ekspert\u00f3w z pozytywnym rezultatem. Ocenie zosta\u0142y poddane: walory rozrywkowe, wykorzystane materia\u0142y, konstrukcja, trwa\u0142o\u015b\u0107, bezpiecze\u0144stwo, wzornictwo, rozmiar, jasno\u015b\u0107 instrukcji obs\u0142ug oraz dopasowanie do odpowiedniej grupy wiekowej.                            <\/p>\n<p>Wszystkie zabawki Bruder spe\u0142niaj\u0105 Europejsk\u0105 Norm\u0119 Bezpiecze\u0144stwa Zabawek.<\/p>\n<h2>Bruder Figurka bia\u0142ej kobiety 60408 Bruder<\/h2>\n<p>piosenka kiedy babcia by\u0142a ma\u0142a tekst, kolorowanki dla dziewczynek 10 lat, imi\u0119 kostek, zagadki o zwierz\u0119tach wiejskich, karnawa\u0142 maska karnawa\u0142owa szablon, jak narysowa\u0107 psa krok po kroku, milena imie, zagadki dla 8 latka, co na roczek, trudne zagadki matematyczne, nauczyciel cytaty<\/p>\n<p>yyyyy<\/p>\n<p>&nbsp;<\/p>\n","protected":false},"excerpt":{"rendered":"<p>. \u00a0 BRUDER\u00a060408\u00a0Figurka kobietyNr katalogowy:\u00a060408Wiek dziecka: +4Seria:\u00a0bWorldSkala: 1:16Wymiary:\u00a010,7 cmMateria\u0142:\u00a0wysokiej jako\u015bci plastikOpakowanie:\u00a0oryginalny karton \u00a0 OPIS PRODUKTUFigurk\u0119 kobiety\u00a0mo\u017cesz wykorzystywa\u0107 jako dodatek do maszyn firmy Bruder. Posta\u0107 sprawdzi si\u0119 jako operator maszyn lub pozosta\u0142ych pojazd\u00f3w. Zabawka jest sporej wysoko\u015bci, dzi\u0119ki czemu mo\u017cna u\u017cywa\u0107 jej tak\u017ce do samodzielnej zabawy. Figurka zosta\u0142a odwzorowana w skali 1:16 z wysok\u0105 precyzj\u0105 oraz [&hellip;]<\/p>\n","protected":false},"featured_media":8259,"comment_status":"closed","ping_status":"open","template":"","meta":[],"product_cat":[1076,95],"product_tag":[706,594,631,692,860,733],"class_list":["post-8258","product","type-product","status-publish","has-post-thumbnail","hentry","product_cat-bruder","product_cat-figurki-makiety-i-zestawy","product_tag-imie-kuba","product_tag-podchwytliwe-zagadki-dla-dzieci","product_tag-prezent-na-roczek","product_tag-prezenty-na-roczek","product_tag-zagadki-logiczne-dla-doroslych","product_tag-zarty-na-prima-aprilis"],"_links":{"self":[{"href":"http:\/\/klubmamgdynia.pl\/index.php\/wp-json\/wp\/v2\/product\/8258","targetHints":{"allow":["GET"]}}],"collection":[{"href":"http:\/\/klubmamgdynia.pl\/index.php\/wp-json\/wp\/v2\/product"}],"about":[{"href":"http:\/\/klubmamgdynia.pl\/index.php\/wp-json\/wp\/v2\/types\/product"}],"replies":[{"embeddable":true,"href":"http:\/\/klubmamgdynia.pl\/index.php\/wp-json\/wp\/v2\/comments?post=8258"}],"wp:featuredmedia":[{"embeddable":true,"href":"http:\/\/klubmamgdynia.pl\/index.php\/wp-json\/wp\/v2\/media\/8259"}],"wp:attachment":[{"href":"http:\/\/klubmamgdynia.pl\/index.php\/wp-json\/wp\/v2\/media?parent=8258"}],"wp:term":[{"taxonomy":"product_cat","embeddable":true,"href":"http:\/\/klubmamgdynia.pl\/index.php\/wp-json\/wp\/v2\/product_cat?post=8258"},{"taxonomy":"product_tag","embeddable":true,"href":"http:\/\/klubmamgdynia.pl\/index.php\/wp-json\/wp\/v2\/product_tag?post=8258"}],"curies":[{"name":"wp","href":"https:\/\/api.w.org\/{rel}","templated":true}]}}