{"id":826,"date":"2023-02-11T11:48:30","date_gmt":"2023-02-11T10:48:30","guid":{"rendered":"http:\/\/klubmamgdynia.pl\/?post_type=product&#038;p=826"},"modified":"2026-04-07T12:44:40","modified_gmt":"2026-04-07T10:44:40","slug":"sowkadesign-namiot-tipi-pirat-seledynowe-niebo","status":"publish","type":"product","link":"http:\/\/klubmamgdynia.pl\/index.php\/produkt\/sowkadesign-namiot-tipi-pirat-seledynowe-niebo\/","title":{"rendered":"Sowkadesign Namiot tipi pirat seledynowe niebo"},"content":{"rendered":"<p>Namiot Tipi dla ma\u0142ego wodza mata poduszkiEstetycznie wykonany i bezpieczny w u\u017cyciu namiot Tipi dla ma\u0142ego wodza mata poduszki, to produkt polski, dost\u0119pny w kilku wersjach kolorystycznych \u2013 \u00e9cru, niebieskiej, szarej, r\u00f3\u017cowej lub fioletowej. To doskona\u0142e miejsce do zabawy. Wyr\u00f3b mo\u017ce znajdowa\u0107 si\u0119 w pokoju zajmowanym przez pociech\u0119. Podstawa oferowanego przez nas namiotu Tipi, posiada nast\u0119puj\u0105ce wymiary: 110 cm x 110 cm, wysoko\u015b\u0107 ca\u0142kowita to 160 cm. Drewniane kijki, tworz\u0105ce konstrukcj\u0119, maj\u0105 d\u0142ugo\u015b\u0107 175 cm.6 zalet, kt\u00f3rymi wyr\u00f3\u017cnia si\u0119 namiot tipi dla ma\u0142ego wodza mata poduszkiZastosowanie bawe\u0142ny z certyfikatem jako\u015bci.Okienko z imitacj\u0105 szyby.Drewniany stela\u017c namiotu.Mato ko\u0142derka, zapewniaj\u0105ca doskona\u0142e w\u0142a\u015bciwo\u015bci izolacyjne.Dwie poduszki w zestawie.Namiot tipi posiada stabilizator, kt\u00f3ry usztywnia ca\u0142\u0105 jego konstrukcj\u0119.Dlaczego warto kupi\u0107 namiot tipi dla ma\u0142ego wodza mata poduszki?Nowoczesny namiot Tipi, to produkt, kt\u00f3rego poszycie i mata zosta\u0142y wykonane ze starannie dobranych materia\u0142\u00f3w, przyjemnych dla sk\u00f3ry. Wyr\u00f3b dost\u0119pny w wersji g\u0142adkiej i z nadrukiem. Wszystkie bawe\u0142niane elementy mo\u017cna pra\u0107 w pralce z dodatkiem \u0142agodnych detergent\u00f3w. Oferowany namiot Tipi jest \u0142atwy do monta\u017cu i demonta\u017cu. Okienko zosta\u0142o ozdobione urocz\u0105 kokard\u0105, co podwy\u017csza walory estetyczne wyrobu.Cudowny namiot Tipi z mat\u0105 i poduszk\u0105 &#8211; wyr\u00f3b stworzony z my\u015bl\u0105 o najm\u0142odszych!<\/p>\n<h2>Sowkadesign Namiot tipi pirat seledynowe niebo S\u00f3wka Design<\/h2>\n<p>opis do zdj\u0119cia dziecka na fb, zagadki dla 4 latka do druku, ciekawe miejsca w warszawie dla m\u0142odzie\u017cy, prezent dla 15 latki 2021, warszawa atrakcje dla dzieci, przedszkole drugi dom, quizy dla przedszkolak\u00f3w, halloween warszawa 2021 dzieci, prezent dla 17 latki, dobre zagadki logiczne, ko\u0142ysanki dla dzieci + tekst, hobbit, ptak b\u0105k, uk\u0142ad s\u0142oneczny dla dzieci, kolorowanka spongebob, znaki drogowe test, prezent roczek<\/p>\n<p>yyyyy<\/p>\n<p>&nbsp;<\/p>\n","protected":false},"excerpt":{"rendered":"<p>Namiot Tipi dla ma\u0142ego wodza mata poduszkiEstetycznie wykonany i bezpieczny w u\u017cyciu namiot Tipi dla ma\u0142ego wodza mata poduszki, to produkt polski, dost\u0119pny w kilku wersjach kolorystycznych \u2013 \u00e9cru, niebieskiej, szarej, r\u00f3\u017cowej lub fioletowej. To doskona\u0142e miejsce do zabawy. Wyr\u00f3b mo\u017ce znajdowa\u0107 si\u0119 w pokoju zajmowanym przez pociech\u0119. Podstawa oferowanego przez nas namiotu Tipi, posiada [&hellip;]<\/p>\n","protected":false},"featured_media":827,"comment_status":"closed","ping_status":"open","template":"","meta":[],"product_cat":[282,288],"product_tag":[619,583,870],"class_list":["post-826","product","type-product","status-publish","has-post-thumbnail","hentry","product_cat-domki-i-namioty-dla-dzieci","product_cat-sowka-design","product_tag-iwo-imie","product_tag-kolysanki-dla-dzieci-tekst","product_tag-prezent-dla-chlopca-na-roczek"],"_links":{"self":[{"href":"http:\/\/klubmamgdynia.pl\/index.php\/wp-json\/wp\/v2\/product\/826","targetHints":{"allow":["GET"]}}],"collection":[{"href":"http:\/\/klubmamgdynia.pl\/index.php\/wp-json\/wp\/v2\/product"}],"about":[{"href":"http:\/\/klubmamgdynia.pl\/index.php\/wp-json\/wp\/v2\/types\/product"}],"replies":[{"embeddable":true,"href":"http:\/\/klubmamgdynia.pl\/index.php\/wp-json\/wp\/v2\/comments?post=826"}],"wp:featuredmedia":[{"embeddable":true,"href":"http:\/\/klubmamgdynia.pl\/index.php\/wp-json\/wp\/v2\/media\/827"}],"wp:attachment":[{"href":"http:\/\/klubmamgdynia.pl\/index.php\/wp-json\/wp\/v2\/media?parent=826"}],"wp:term":[{"taxonomy":"product_cat","embeddable":true,"href":"http:\/\/klubmamgdynia.pl\/index.php\/wp-json\/wp\/v2\/product_cat?post=826"},{"taxonomy":"product_tag","embeddable":true,"href":"http:\/\/klubmamgdynia.pl\/index.php\/wp-json\/wp\/v2\/product_tag?post=826"}],"curies":[{"name":"wp","href":"https:\/\/api.w.org\/{rel}","templated":true}]}}