{"id":8264,"date":"2019-12-29T03:07:35","date_gmt":"2019-12-29T02:07:35","guid":{"rendered":"http:\/\/klubmamgdynia.pl\/index.php\/produkt\/ogrodosfera-drewniany-domek-dla-dzieci-do-ogrodu-toby\/"},"modified":"2026-04-27T08:09:56","modified_gmt":"2026-04-27T06:09:56","slug":"ogrodosfera-drewniany-domek-dla-dzieci-do-ogrodu-toby","status":"publish","type":"product","link":"http:\/\/klubmamgdynia.pl\/index.php\/produkt\/ogrodosfera-drewniany-domek-dla-dzieci-do-ogrodu-toby\/","title":{"rendered":"Ogrodosfera Drewniany Domek Dla Dzieci Do Ogrodu Toby"},"content":{"rendered":"<p>Przestronny, a zarazem pojemny drewniany domek dla dzieci do ogrodu wykonany z najwy\u017cszej jako\u015bci drewna. Prosty monta\u017c oraz jako\u015b\u0107 i bezpiecze\u0144stwo sprawi\u0105 rado\u015b\u0107 dziecku na d\u0142ugi czas.Drewniany dachMateria\u0142: \u015bwierkMateria\u0142y:Domek narz\u0119dziowy wykonano ze \u015bwierku (drewno w stanie surowym).Do ka\u017cdego domku do\u0142\u0105czamy zestaw papy z gwo\u017adziami do samodzielnego monta\u017cu. Gwarancja:Drewniany domek narz\u0119dziowy posiada 24-miesi\u0119czn\u0105 gwarancj\u0119.Dobrze wiedzie\u0107!Domek sprzedajemy w stanie surowym, zalecamy dokona\u0107 impregnacj\u0119 i malowanie we w\u0142asnym zakresie w ci\u0105gu 48 godzin po monta\u017cu.Na budow\u0119 domk\u00f3w i altan nie jest wymagane zezwolenie. Dodatkowo, od 1 stycznia 2017 r. nie obowi\u0105zuje ju\u017c dotychczasowy obowi\u0105zek zg\u0142aszania zamiaru rozpocz\u0119cia budowy tego typu obiekt\u00f3w na dzia\u0142ce, kt\u00f3rego nale\u017ca\u0142o dope\u0142ni\u0107 w Urz\u0119dzie Gminy lub Starostwie Powiatowym na 30 dni przed rozpocz\u0119ciem prac. Podstawa prawna: Ustawa z dnia 7 lipca 1994r. PRAWO BUDOWLANE (Dz. U. z 2006r. Nr 156, poz. 1118 art. 29 ust.1 pkt.1-12).<\/p>\n<h2>Ogrodosfera Drewniany Domek Dla Dzieci Do Ogrodu Toby <\/h2>\n<p>ja\u015bmina imie, rzadkie imiona dla dziewczynek, izabela imie, dla dzieci warszawa, zagadki logiczne z odpowiedziami, bombki do kolorowania, co oznacza imi\u0119 alan, pa\u0144stwa miasta wz\u00f3r, podchwytliwe zagadki i odpowiedzi, desery dla dzieci, bajki do czytania dla 6 latka, piosenki na dobranoc tekst, wszystkie kraje \u015bwiata quiz, dzie\u0144 nauczyciela teksty, gdzie strumyk p\u0142ynie z wolna, przygody tomka sawyera test, kr\u00f3tkie zagadki dla doros\u0142ych, opis rodzina<\/p>\n<p>yyyyy<\/p>\n<p>&nbsp;<\/p>\n","protected":false},"excerpt":{"rendered":"<p>Przestronny, a zarazem pojemny drewniany domek dla dzieci do ogrodu wykonany z najwy\u017cszej jako\u015bci drewna. Prosty monta\u017c oraz jako\u015b\u0107 i bezpiecze\u0144stwo sprawi\u0105 rado\u015b\u0107 dziecku na d\u0142ugi czas.Drewniany dachMateria\u0142: \u015bwierkMateria\u0142y:Domek narz\u0119dziowy wykonano ze \u015bwierku (drewno w stanie surowym).Do ka\u017cdego domku do\u0142\u0105czamy zestaw papy z gwo\u017adziami do samodzielnego monta\u017cu. Gwarancja:Drewniany domek narz\u0119dziowy posiada 24-miesi\u0119czn\u0105 gwarancj\u0119.Dobrze wiedzie\u0107!Domek sprzedajemy [&hellip;]<\/p>\n","protected":false},"featured_media":8265,"comment_status":"closed","ping_status":"open","template":"","meta":[],"product_cat":[282],"product_tag":[750,707,729,609,794],"class_list":["post-8264","product","type-product","status-publish","has-post-thumbnail","hentry","product_cat-domki-i-namioty-dla-dzieci","product_tag-imie-kostek","product_tag-karty-pracy-dla-dzieci-z-ukrainy","product_tag-madre-bajki-dla-dzieci-do-czytania","product_tag-quiz-flagi-europy","product_tag-test-opowiesci-z-narnii-lew-czarownica-i-stara-szafa-do-druku"],"_links":{"self":[{"href":"http:\/\/klubmamgdynia.pl\/index.php\/wp-json\/wp\/v2\/product\/8264","targetHints":{"allow":["GET"]}}],"collection":[{"href":"http:\/\/klubmamgdynia.pl\/index.php\/wp-json\/wp\/v2\/product"}],"about":[{"href":"http:\/\/klubmamgdynia.pl\/index.php\/wp-json\/wp\/v2\/types\/product"}],"replies":[{"embeddable":true,"href":"http:\/\/klubmamgdynia.pl\/index.php\/wp-json\/wp\/v2\/comments?post=8264"}],"wp:featuredmedia":[{"embeddable":true,"href":"http:\/\/klubmamgdynia.pl\/index.php\/wp-json\/wp\/v2\/media\/8265"}],"wp:attachment":[{"href":"http:\/\/klubmamgdynia.pl\/index.php\/wp-json\/wp\/v2\/media?parent=8264"}],"wp:term":[{"taxonomy":"product_cat","embeddable":true,"href":"http:\/\/klubmamgdynia.pl\/index.php\/wp-json\/wp\/v2\/product_cat?post=8264"},{"taxonomy":"product_tag","embeddable":true,"href":"http:\/\/klubmamgdynia.pl\/index.php\/wp-json\/wp\/v2\/product_tag?post=8264"}],"curies":[{"name":"wp","href":"https:\/\/api.w.org\/{rel}","templated":true}]}}