{"id":8266,"date":"2011-03-27T18:35:03","date_gmt":"2011-03-27T16:35:03","guid":{"rendered":"http:\/\/klubmamgdynia.pl\/index.php\/produkt\/piesek-chodzacy-z-dzwiekiem-i-akcesoriami\/"},"modified":"2026-04-06T15:13:44","modified_gmt":"2026-04-06T13:13:44","slug":"piesek-chodzacy-z-dzwiekiem-i-akcesoriami","status":"publish","type":"product","link":"http:\/\/klubmamgdynia.pl\/index.php\/produkt\/piesek-chodzacy-z-dzwiekiem-i-akcesoriami\/","title":{"rendered":"Piesek chodz\u0105cy z d\u017awi\u0119kiem i akcesoriami"},"content":{"rendered":"<p>Piesek chodz\u0105cy z d\u017awi\u0119kiem i akcesoriami Zabawka przeznaczona dla dzieci od 3 lat. Zasilany bateriami AA. Wymiary opakowania: 29,7 x 8,7 x 18,7 cm<\/p>\n<h2>Piesek chodz\u0105cy z d\u017awi\u0119kiem i akcesoriami Madej<\/h2>\n<p>sky kolorowanka, nadia, felix net i nika oraz gang niewidzialnych ludzi test z odpowiedziami, maski karnawa\u0142owe do druku, mapa europy do druku, nauka zegara do druku, rymowane zagadki dla dzieci, trudne zagadki z odpowiedziami, misie z bajek<\/p>\n<p>yyyyy<\/p>\n<p>&nbsp;<\/p>\n","protected":false},"excerpt":{"rendered":"<p>Piesek chodz\u0105cy z d\u017awi\u0119kiem i akcesoriami Zabawka przeznaczona dla dzieci od 3 lat. Zasilany bateriami AA. Wymiary opakowania: 29,7 x 8,7 x 18,7 cm Piesek chodz\u0105cy z d\u017awi\u0119kiem i akcesoriami Madej sky kolorowanka, nadia, felix net i nika oraz gang niewidzialnych ludzi test z odpowiedziami, maski karnawa\u0142owe do druku, mapa europy do druku, nauka zegara [&hellip;]<\/p>\n","protected":false},"featured_media":8267,"comment_status":"closed","ping_status":"open","template":"","meta":[],"product_cat":[70,42],"product_tag":[761,858,627,602,846],"class_list":["post-8266","product","type-product","status-publish","has-post-thumbnail","hentry","product_cat-madej","product_cat-maskotki","product_tag-choinko-piekna-jak-las-tekst","product_tag-podchwytliwe-zagadki","product_tag-quiz-dzieci-z-bullerbyn","product_tag-quiz-o-zwierzetach-domowych","product_tag-rysowanki"],"_links":{"self":[{"href":"http:\/\/klubmamgdynia.pl\/index.php\/wp-json\/wp\/v2\/product\/8266","targetHints":{"allow":["GET"]}}],"collection":[{"href":"http:\/\/klubmamgdynia.pl\/index.php\/wp-json\/wp\/v2\/product"}],"about":[{"href":"http:\/\/klubmamgdynia.pl\/index.php\/wp-json\/wp\/v2\/types\/product"}],"replies":[{"embeddable":true,"href":"http:\/\/klubmamgdynia.pl\/index.php\/wp-json\/wp\/v2\/comments?post=8266"}],"wp:featuredmedia":[{"embeddable":true,"href":"http:\/\/klubmamgdynia.pl\/index.php\/wp-json\/wp\/v2\/media\/8267"}],"wp:attachment":[{"href":"http:\/\/klubmamgdynia.pl\/index.php\/wp-json\/wp\/v2\/media?parent=8266"}],"wp:term":[{"taxonomy":"product_cat","embeddable":true,"href":"http:\/\/klubmamgdynia.pl\/index.php\/wp-json\/wp\/v2\/product_cat?post=8266"},{"taxonomy":"product_tag","embeddable":true,"href":"http:\/\/klubmamgdynia.pl\/index.php\/wp-json\/wp\/v2\/product_tag?post=8266"}],"curies":[{"name":"wp","href":"https:\/\/api.w.org\/{rel}","templated":true}]}}